{"id":78,"date":"2016-10-21T14:33:49","date_gmt":"2016-10-21T12:33:49","guid":{"rendered":"http:\/\/172.19.42.113\/wordpress\/?page_id=78"},"modified":"2025-08-21T13:16:48","modified_gmt":"2025-08-21T11:16:48","slug":"informatii-urgente-2","status":"publish","type":"page","link":"https:\/\/capcs.md\/ru\/informatii-urgente-2\/","title":{"rendered":"Informa\u0163ii de urgen\u021b\u0103"},"content":{"rendered":"<h5><span style=\"color: #000000;\">\u00cen contextul \u00een care, Acordul-Cadru pentru dispozitive medicale cu coduri generice a fost finalizat \u0219i este \u00een etapa de semnare, solicit\u0103m respectuos <span class=\"fontstyle0\">institu\u021biilor medico-sanitare publice republicane, municipale, departamentale, raionale, Centrelor Medicilor de Familie \u0219i Centrelor de S\u0103n\u0103tate<\/span>\u00a0s\u0103 transmit\u0103 necesarul pentru anul 2025 (cantitate \u0219i valoare estimativ\u0103) p\u00e2n\u0103 la <strong data-start=\"428\" data-end=\"445\">11 iulie 2025<\/strong>, la adresa: <span style=\"color: #0000ff;\"><strong data-start=\"458\" data-end=\"481\"><a class=\"cursor-pointer\" style=\"color: #0000ff;\" rel=\"noopener\" data-start=\"460\" data-end=\"479\">office@capcs.gov.md<\/a><\/strong><\/span> (format Excel + PDF semnat).<\/span><\/h5>\n<table>\n<tbody>\n<tr>\n<td rowspan=\"3\" width=\"293\"><span style=\"color: #0000ff;\"><a style=\"color: #0000ff;\" href=\"https:\/\/capcs.md\/wp-content\/uploads\/2025\/06\/rg02-2978-25.06.2025.pdf\" target=\"_blank\" rel=\"noopener\"><strong>Circulara Rg02-2978 din 25.06.2025<\/strong><\/a><\/span><\/td>\n<td width=\"331\"><span style=\"color: #0000ff;\"><a style=\"color: #0000ff;\" href=\"https:\/\/capcs.md\/wp-content\/uploads\/2025\/06\/model-scrisoare-de-insotire-word.docx\" target=\"_blank\" rel=\"noopener\">Model de scrisoare de \u00eenso\u021bire (format Word)<\/a><\/span><\/td>\n<\/tr>\n<tr>\n<td width=\"331\"><span style=\"color: #0000ff;\"><a style=\"color: #0000ff;\" href=\"https:\/\/capcs.md\/wp-content\/uploads\/2025\/06\/lista-dispozitivelor-medicale-conform-codurilor.xls\" target=\"_blank\" rel=\"noopener\" data-wplink-edit=\"true\">Lista dispozitivelor medicale conform codurilor generice atribuite prin Acordul-Cadru<\/a><\/span><\/td>\n<\/tr>\n<tr>\n<td width=\"331\"><span style=\"color: #0000ff;\"><a style=\"color: #0000ff;\" href=\"https:\/\/capcs.md\/wp-content\/uploads\/2025\/06\/Specificatii%20generice%20AC%2006.06.2025_2.rar\" target=\"_blank\" rel=\"noopener\" data-wplink-edit=\"true\">Lista codurilor generice actualizat\u0103 la data de 16.06.2025<\/a><\/span><\/td>\n<\/tr>\n<\/tbody>\n<\/table>\n<hr \/>\n<h5><span style=\"color: #000000;\">\u00cen conformitate cu prevederile Hot\u0103r\u00e2rii Guvernului nr. 1128\/2016, Centrul pentru Achizi\u021bii Publice Centralizate \u00een S\u0103n\u0103tate (CAPCS), \u00een scopul desf\u0103\u0219ur\u0103rii procedurilor de achizi\u021bie public\u0103 centralizat\u0103, conform reglement\u0103rilor \u00een vigoare \u0219i pentru asigurarea aprovizion\u0103rii sistemului de s\u0103n\u0103tate cu <\/span><span style=\"color: #000000;\">bunurile necesare \u00eentr-un timp util, solicit\u0103 institu\u021biilor medicale beneficiare s\u0103 completeze, \u00een func\u021bie de necesit\u0103\u021bi, urm\u0103toarele fi\u0219iere, \u00een vederea colect\u0103rii cerin\u021belor, <\/span><span style=\"color: #000000;\">pentru anul 2026, pentru:<\/span><\/h5>\n<table>\n<tbody>\n<tr>\n<td rowspan=\"4\" width=\"312\"><span style=\"color: #000000;\">Consumabile medicale pentru Protec\u021bie; <\/span><span style=\"color: #000000;\">Consumabile medicale pentru Diagnosticare;<\/span><br \/>\n<span style=\"color: #000000;\">Consumabile medicale Diverse;<\/span><br \/>\n<span style=\"color: #000000;\">Consumabile medicale pentru ATI;<\/span><br \/>\n<span style=\"color: #000000;\">Consumabile medicale pentru Chirurgie;<\/span><br \/>\n<span style=\"color: #000000;\">Articole Parafarmaceutice;<\/span><br \/>\n<span style=\"color: #000000;\">Dezinfectan\u021bi;<\/span><br \/>\n<span style=\"color: #000000;\">Sutura Mecanic\u0103;<\/span><br \/>\n<span style=\"color: #000000;\">Materiale de Sutur\u0103.<\/span><\/td>\n<td width=\"312\"><span style=\"color: #0000ff;\"><strong><a style=\"color: #0000ff;\" href=\"https:\/\/capcs.md\/wp-content\/uploads\/2025\/03\/lista-de-baza-2026-bloc-i-centrazalizate.xlsx\">Lista de baz\u0103<\/a><\/strong><\/span><\/td>\n<\/tr>\n<tr>\n<td width=\"312\"><span style=\"color: #0000ff;\"><strong><a style=\"color: #0000ff;\" href=\"https:\/\/capcs.md\/wp-content\/uploads\/2025\/03\/lista-suplimentara-2026-proceduri-centralizate-bloc-i.xlsx\">Lista suplimentar\u0103<\/a><\/strong><\/span><\/td>\n<\/tr>\n<tr>\n<td width=\"312\"><span style=\"color: #0000ff;\"><strong><a style=\"color: #0000ff;\" href=\"https:\/\/capcs.md\/wp-content\/uploads\/2025\/03\/model-scrisoare-de-insotire_sume-alocate-2026-1.docx\">Scrisoare model<\/a><\/strong><\/span><\/td>\n<\/tr>\n<tr>\n<td width=\"312\"><span style=\"color: #0000ff;\"><strong><a style=\"color: #0000ff;\" href=\"https:\/\/capcs.md\/wp-content\/uploads\/2025\/03\/rg02-847-06.03.2025.pdf\">Rg02-847 din 06.03.2025<\/a><\/strong><\/span><\/td>\n<\/tr>\n<tr>\n<td rowspan=\"5\" width=\"312\"><span style=\"color: #000000;\">Consumabile de Laborator;<\/span><span style=\"color: #000000;\">Reagen\u021bi Biochimie;<\/span><br \/>\n<span style=\"color: #000000;\">Reagen\u021bi Clinici-Patologici;<\/span><br \/>\n<span style=\"color: #000000;\">Reagen\u021bi Imunologici;<\/span><br \/>\n<span style=\"color: #000000;\">Reagen\u021bi Microbiologie;<\/span><br \/>\n<span style=\"color: #000000;\">Reagen\u021bi \u0219i consumabile pentru Cabinetele de Transfuzie;<\/span><br \/>\n<span style=\"color: #000000;\">Reagen\u021bi \u0219i Consumabile de Laborator pentru dispozitive medicale de <strong>tip \u00eenchis<\/strong>;<\/span><br \/>\n<span style=\"color: #000000;\">Consumabile pentru dispozitive medicale;<\/span><br \/>\n<span style=\"color: #000000;\">Instrumentar medical;<\/span><br \/>\n<span style=\"color: #000000;\">Mobilier medical;<\/span><br \/>\n<span style=\"color: #000000;\">Piese de schimb \u0219i accesorii pentru dispozitive medicale;<\/span><br \/>\n<span style=\"color: #000000;\">Mentenan\u021ba pentru dispozitivele medicale.<\/span><\/td>\n<td width=\"312\"><span style=\"color: #0000ff;\"><strong><span style=\"color: #0000ff;\"><a style=\"color: #0000ff;\" href=\"https:\/\/capcs.md\/wp-content\/uploads\/2025\/03\/lista-de-baza-laborator.xlsx\" target=\"_blank\" rel=\"noopener\">Lista de baz\u0103<\/a><\/span><\/strong><\/span><\/td>\n<\/tr>\n<tr>\n<td width=\"312\"><span style=\"color: #0000ff;\"><a style=\"color: #0000ff;\" href=\"https:\/\/capcs.md\/wp-content\/uploads\/2025\/03\/lista-de-baza-ii-12.03.2025.xlsx\" target=\"_blank\" rel=\"noopener\"><strong>Lista de baz\u0103 II<\/strong><\/a><\/span><\/td>\n<\/tr>\n<tr>\n<td width=\"312\"><span style=\"color: #0000ff;\"><a style=\"color: #0000ff;\" href=\"https:\/\/capcs.md\/wp-content\/uploads\/2025\/03\/lista-suplimentara-2026-proceduri-centralizate-bloc-i-1.xlsx\" target=\"_blank\" rel=\"noopener\"><strong>Lista suplimentar\u0103<\/strong><\/a><\/span><\/td>\n<\/tr>\n<tr>\n<td width=\"312\"><span style=\"color: #0000ff;\"><a style=\"color: #0000ff;\" href=\"https:\/\/capcs.md\/wp-content\/uploads\/2025\/03\/model-scrisoare-de-insotire_sume-alocate-2026-3.docx\" target=\"_blank\" rel=\"noopener\"><strong>Scrisoare model<\/strong><\/a><\/span><\/td>\n<\/tr>\n<tr>\n<td width=\"312\"><span style=\"color: #0000ff;\"><a style=\"color: #0000ff;\" href=\"https:\/\/capcs.md\/wp-content\/uploads\/2025\/03\/rg02-1301-12.03.2025.pdf\" target=\"_blank\" rel=\"noopener\"><strong>Rg02-1301 din 12.03.2025<\/strong><\/a><\/span><\/td>\n<\/tr>\n<\/tbody>\n<\/table>\n<hr \/>\n<p><span style=\"color: #0000ff;\"><a style=\"color: #0000ff;\" href=\"https:\/\/capcs.md\/wp-content\/uploads\/2022\/04\/RG02-1207.pdf\" target=\"_blank\" rel=\"noopener\"><span style=\"color: #0000ff;\">Circular\u0103 cu privire la semnarea contractelor pentru procedurile de achizi\u021bie centralizate (reactive, consumabile, articole parafarmaceutice, etc.)<\/span><\/a><\/span><\/p>\n<hr \/>\n<h5><span style=\"color: #000000;\"><img decoding=\"async\" class=\"alignleft\" src=\"http:\/\/amed.md\/sites\/default\/files\/tenders.jpg\" alt=\"\" \/><\/span><\/h5>\n<h5 style=\"text-align: center;\"><span style=\"color: #ff0000;\"><a style=\"color: #ff0000;\" href=\"https:\/\/capcs.md\/wp-content\/uploads\/2016\/10\/Rg02-3949.pdf\">INFORMA\u021aIE PRIVIND MODIFICAREA ADRESEI Centrului pentru achizi\u021bii publice centralizate \u00een s\u0103n\u0103tate<\/a><\/span><\/h5>\n<p><span style=\"color: #0000ff;\"><a style=\"color: #0000ff;\" href=\"https:\/\/capcs.md\/wp-content\/uploads\/2016\/10\/Rg02-1971.pdf\">CIRCULAR\u0102 cu privire la necesarul de <strong>consumabile medicale<\/strong>, <strong>consumabile de laborator<\/strong> \u0219i <strong>dezinfectan\u021bi<\/strong> pentru anul 2020.\u00a0<\/a><\/span><\/p>\n<p><strong><span style=\"color: #000000;\">Ordinul CAPCS nr. Rg03-40 din\u00a024.06.2019<\/span><\/strong><\/p>\n<p><span style=\"color: #0000ff;\"><a style=\"color: #0000ff;\" href=\"https:\/\/capcs.md\/wp-content\/uploads\/2016\/10\/Rg03-40-1.pdf\">Cu\u00a0privire la aprobarea Listei de consumabile medicale, consumabile de laborator \u0219i dezinfectan\u021bi ce urmeaz\u0103 a fi achizi\u021bionate centralizat pentru anul 2020<\/a><\/span><\/p>\n<p><a href=\"https:\/\/capcs.md\/wp-content\/uploads\/2016\/10\/Scrisoare-model-20.06.2019.docx\"><span style=\"color: #0000ff;\">Scrisoare model<\/span>\u00a0<\/a><\/p>\n<p><a href=\"https:\/\/capcs.md\/wp-content\/uploads\/2016\/10\/CM.CL_.D-2020.xlsx\"><span style=\"color: #008000;\">Formular\u00a0<strong>consumabile medicale<\/strong>, <strong>consumabile de laborator<\/strong> \u0219i <strong>dezinfectan\u021bi<\/strong> pentru anul 2020<\/span><\/a><\/p>\n<hr \/>\n<p><strong><span style=\"color: #000000;\"><img decoding=\"async\" class=\"alignleft\" src=\"http:\/\/amed.md\/sites\/default\/files\/tenders.jpg\" \/>C\u0103tre\u00a0institu\u021biile medico-sanitare publice<\/span><\/strong><\/p>\n<p><a href=\"https:\/\/capcs.md\/wp-content\/uploads\/2016\/10\/Rg02-313.pdf\"><span style=\"color: #0000ff;\">CIRCULAR\u0102 cu privire la necesarul de dispozitive medicale (Consumabile, dezinfectan\u021bi (biodistructivi), reactivi \u0219i consumabile de laborator.\u00a0<\/span><\/a><\/p>\n<p><strong><span style=\"color: #000000;\">Ordinul CAPCS nr. Rg03-20 din 21.02.2018<\/span><\/strong><\/p>\n<p><a href=\"https:\/\/capcs.md\/wp-content\/uploads\/2016\/10\/Rg03-20-1.pdf\"><span style=\"color: #0000ff;\">Cu\u00a0privire la achizi\u0163ionarea la nivel institu\u0163ional a necesarului de reagen\u0163i, consumabile \u0219i dezinfectan\u0163i<\/span><\/a><\/p>\n<hr \/>\n<h5><span style=\"color: #000000;\"><img decoding=\"async\" class=\"alignleft\" src=\"http:\/\/amed.md\/sites\/default\/files\/tenders.jpg\" alt=\"\" \/><\/span><\/h5>\n<p><strong><span style=\"color: #000000;\">C\u0103tre operatorii economici<\/span><\/strong><\/p>\n<p><span style=\"color: #0000ff;\"><a style=\"color: #0000ff;\" href=\"https:\/\/capcs.md\/wp-content\/uploads\/2016\/10\/Scrisoare-nr.-6966.pdf\" target=\"_blank\" rel=\"noopener\">Scrisoarea AMDM nr. A07.PS-01.Rg02-6966\u00a0din data de 23.08.2016<\/a><\/span><\/p>\n<hr \/>\n<h5><span style=\"color: #000000;\"><img decoding=\"async\" class=\"alignleft\" src=\"http:\/\/amed.md\/sites\/default\/files\/tenders.jpg\" alt=\"\" \/><\/span><\/h5>\n<p><strong><span style=\"color: #000000;\">C\u0103tre operatorii economici<\/span><\/strong><\/p>\n<p><span style=\"color: #0000ff;\"><a style=\"color: #0000ff;\" href=\"https:\/\/capcs.md\/wp-content\/uploads\/2016\/10\/Scrisoare.-nr.-3636.pdf\" target=\"_blank\" rel=\"noopener\">Scrisoarea AMDM nr. A07.PS-01.Rg02-3636 din data de 22.04.2016<\/a><\/span><\/p>\n<hr \/>\n<h5><span style=\"color: #000000;\"><img decoding=\"async\" class=\"alignleft\" src=\"http:\/\/amed.md\/sites\/default\/files\/tenders.jpg\" alt=\"\" \/><\/span><\/h5>\n<p><strong><span style=\"color: #000000;\">C\u0103tre operatorii economici interesa\u0163i<\/span><\/strong><\/p>\n<p><span style=\"color: #0000ff;\"><a style=\"color: #0000ff;\" href=\"https:\/\/capcs.md\/wp-content\/uploads\/2016\/10\/Scrisoare-nr.-3563.pdf\" target=\"_blank\" rel=\"noopener\">Scrisoarea AMDM nr. A07.PS-01.Rg02-3563 din data de 20.04.2016<\/a><\/span><\/p>\n<hr \/>\n<h5><span style=\"color: #000000;\"><img decoding=\"async\" class=\"alignleft\" src=\"http:\/\/amed.md\/sites\/default\/files\/tenders.jpg\" alt=\"\" \/><\/span><\/h5>\n<p><strong><span style=\"color: #000000;\">Ordinul AMDM nr. A07.PS-01.Rg04-263 din 05.11.2015<\/span><\/strong><\/p>\n<p><span style=\"color: #0000ff;\"><a style=\"color: #0000ff;\" href=\"https:\/\/capcs.md\/wp-content\/uploads\/2016\/10\/Ordin-AMDM-nr.-236.pdf\" target=\"_blank\" rel=\"noopener\">Cu privire la achizi\u0163ionarea la nivel institu\u0163ional a reagen\u0163ilor, consumabilelor, accesorii, piese de schimb, dezinfectan\u0163i<\/a><\/span><\/p>\n<hr \/>\n<h5><span style=\"color: #000000;\"><img decoding=\"async\" class=\"alignleft\" src=\"http:\/\/amed.md\/sites\/default\/files\/tenders.jpg\" alt=\"\" \/><\/span><\/h5>\n<p><strong><span style=\"color: #000000;\">Ordinul AMDM nr. A07.PS-01.Rg04-92 din 19.11.2013<\/span><\/strong><\/p>\n<p><span style=\"color: #0000ff;\"><a style=\"color: #0000ff;\" href=\"https:\/\/capcs.md\/wp-content\/uploads\/2016\/10\/Ordin-nr.-92.pdf\" target=\"_blank\" rel=\"noopener\">Cu privire la achizi\u0163ionarea la nivel institu\u0163ional a reagen\u0163ilor, consumabilelor, accesorii, piese de schimb, dezinfectan\u0163i<\/a><\/span><\/p>\n<hr \/>\n","protected":false},"excerpt":{"rendered":"<p>\u00cen contextul \u00een care, Acordul-Cadru pentru dispozitive medicale cu coduri generice a fost finalizat \u0219i este \u00een etapa de semnare, solicit\u0103m respectuos institu\u021biilor medico-sanitare publice republicane, municipale, departamentale, raionale, Centrelor Medicilor de Familie \u0219i Centrelor de S\u0103n\u0103tate\u00a0s\u0103 transmit\u0103 necesarul pentru&#8230; <a href=\"https:\/\/capcs.md\/ru\/informatii-urgente-2\/\" class=\"read-more\">Detalii<\/a><\/p>\n","protected":false},"author":11,"featured_media":0,"parent":0,"menu_order":0,"comment_status":"closed","ping_status":"closed","template":"","meta":{"footnotes":""},"class_list":["post-78","page","type-page","status-publish","hentry"],"translation":{"provider":"WPGlobus","version":"2.10.10","language":"ru","enabled_languages":["ro","ru","en"],"languages":{"ro":{"title":true,"content":true,"excerpt":false},"ru":{"title":false,"content":false,"excerpt":false},"en":{"title":false,"content":false,"excerpt":false}}},"_links":{"self":[{"href":"https:\/\/capcs.md\/ru\/wp-json\/wp\/v2\/pages\/78"}],"collection":[{"href":"https:\/\/capcs.md\/ru\/wp-json\/wp\/v2\/pages"}],"about":[{"href":"https:\/\/capcs.md\/ru\/wp-json\/wp\/v2\/types\/page"}],"author":[{"embeddable":true,"href":"https:\/\/capcs.md\/ru\/wp-json\/wp\/v2\/users\/11"}],"replies":[{"embeddable":true,"href":"https:\/\/capcs.md\/ru\/wp-json\/wp\/v2\/comments?post=78"}],"version-history":[{"count":26,"href":"https:\/\/capcs.md\/ru\/wp-json\/wp\/v2\/pages\/78\/revisions"}],"predecessor-version":[{"id":29029,"href":"https:\/\/capcs.md\/ru\/wp-json\/wp\/v2\/pages\/78\/revisions\/29029"}],"wp:attachment":[{"href":"https:\/\/capcs.md\/ru\/wp-json\/wp\/v2\/media?parent=78"}],"curies":[{"name":"wp","href":"https:\/\/api.w.org\/{rel}","templated":true}]}}