{"id":67,"date":"2016-10-21T14:31:57","date_gmt":"2016-10-21T12:31:57","guid":{"rendered":"http:\/\/172.19.42.113\/wordpress\/?page_id=67"},"modified":"2025-06-26T07:44:21","modified_gmt":"2025-06-26T05:44:21","slug":"informatii-urgente","status":"publish","type":"page","link":"https:\/\/capcs.md\/ru\/informatii-urgente\/","title":{"rendered":"Informa\u0163ii de urgen\u021b\u0103"},"content":{"rendered":"<h5><img decoding=\"async\" class=\"alignleft\" src=\"http:\/\/amed.md\/sites\/default\/files\/tenders.jpg\" alt=\"\" \/><\/h5>\n<h5><span style=\"color: #000000;\">\u00cen conformitate cu prevederile Hot\u0103r\u00e2rii Guvernului nr. 1128\/2016, Centrul pentru Achizi\u021bii Publice Centralizate \u00een S\u0103n\u0103tate (CAPCS), \u00een scopul desf\u0103\u0219ur\u0103rii procedurilor de achizi\u021bie public\u0103 centralizat\u0103, conform reglement\u0103rilor \u00een vigoare \u0219i pentru asigurarea aprovizion\u0103rii sistemului de s\u0103n\u0103tate cu medicamentele necesare \u00eentr-un timp util, solicit\u0103 institu\u021biilor medicale beneficiare s\u0103 completeze, \u00een func\u021bie de necesit\u0103\u021bi, urm\u0103toarele fi\u0219iere, \u00een vederea colect\u0103rii cerin\u021belor de medicamente pentru anul 2026:<\/span><\/h5>\n<table width=\"766\">\n<tbody>\n<tr>\n<td rowspan=\"5\" width=\"496\"><strong><span style=\"color: #0000ff;\">Medicamente necesare pentru anul 2026 (Generale)<\/span><\/strong><\/td>\n<td width=\"270\"><span style=\"color: #0000ff;\"><a style=\"color: #0000ff;\" href=\"https:\/\/capcs.md\/wp-content\/uploads\/2025\/03\/anexa_lista-de-baza.xlsx\" target=\"_blank\" rel=\"noopener\">Lista de baza<\/a><\/span><\/td>\n<\/tr>\n<tr>\n<td width=\"270\"><span style=\"color: #0000ff;\"><a style=\"color: #0000ff;\" href=\"https:\/\/capcs.md\/wp-content\/uploads\/2025\/03\/anexa_lista-suplimentara-nr.-1.xlsx\" target=\"_blank\" rel=\"noopener\">Lista suplimentar\u0103 nr. 1<\/a><\/span><\/td>\n<\/tr>\n<tr>\n<td width=\"270\"><span style=\"color: #0000ff;\"><a style=\"color: #0000ff;\" href=\"https:\/\/capcs.md\/wp-content\/uploads\/2025\/03\/anexa_model-lista-suplimentara-nr.-2.xlsx\" target=\"_blank\" rel=\"noopener\">Lista suplimentar\u0103 nr. 2<\/a><\/span><\/td>\n<\/tr>\n<tr>\n<td width=\"270\"><span style=\"color: #0000ff;\"><a style=\"color: #0000ff;\" href=\"https:\/\/capcs.md\/wp-content\/uploads\/2025\/03\/model-scrisoare-de-insotire_sume-alocate-2026.docx\" target=\"_blank\" rel=\"noopener\">Modelul scrisorii de \u00eenso\u021bire<\/a><\/span><\/td>\n<\/tr>\n<tr>\n<td width=\"270\"><span style=\"color: #0000ff;\"><a style=\"color: #0000ff;\" href=\"https:\/\/capcs.md\/wp-content\/uploads\/2025\/03\/rg02-792-03.03.2025.pdf\" target=\"_blank\" rel=\"noopener\">Circulara nr. Rg02-792 din 03.03.2025<\/a><\/span><\/td>\n<\/tr>\n<tr>\n<td rowspan=\"3\" width=\"496\"><span style=\"color: #0000ff;\"><strong>Medicamente oncologice \u0219i imunosupresive<\/strong><\/span><\/td>\n<td width=\"270\"><span style=\"color: #0000ff;\"><a style=\"color: #0000ff;\" href=\"https:\/\/capcs.md\/wp-content\/uploads\/2025\/03\/anexa_med-oncologice-si-imunosupresive-pu-2026.xlsx\" target=\"_blank\" rel=\"noopener\">Lista loturilor<\/a><\/span><\/td>\n<\/tr>\n<tr>\n<td width=\"270\"><span style=\"color: #0000ff;\"><a style=\"color: #0000ff;\" href=\"https:\/\/capcs.md\/wp-content\/uploads\/2025\/03\/anexa_model-scrisoare-de-insotire_sume-alocate-2026-1.docx\" target=\"_blank\" rel=\"noopener\">Modelul scrisorii de \u00eenso\u021bire<\/a><\/span><\/td>\n<\/tr>\n<tr>\n<td width=\"270\"><span style=\"color: #0000ff;\"><a style=\"color: #0000ff;\" href=\"https:\/\/capcs.md\/wp-content\/uploads\/2025\/03\/rg02-798-03.03.2025.pdf\" target=\"_blank\" rel=\"noopener\">Circulara nr. Rg02-798 din 03.03.2025<\/a><\/span><\/td>\n<\/tr>\n<tr>\n<td rowspan=\"3\" width=\"496\"><strong><span style=\"color: #0000ff;\">Gaze medicale<\/span><\/strong><\/td>\n<td width=\"270\"><span style=\"color: #0000ff;\"><a style=\"color: #0000ff;\" href=\"https:\/\/capcs.md\/wp-content\/uploads\/2025\/03\/anexa_necesar-gaze-medicale-pu-2026.xlsx\" target=\"_blank\" rel=\"noopener\">Lista loturilor \u00a0<\/a><\/span><\/td>\n<\/tr>\n<tr>\n<td width=\"270\"><span style=\"color: #0000ff;\"><a style=\"color: #0000ff;\" href=\"https:\/\/capcs.md\/wp-content\/uploads\/2025\/03\/anexa_model-scrisoare-de-insotire_sume-alocate-2026.docx\" target=\"_blank\" rel=\"noopener\">Modelul scrisorii de \u00eenso\u021bire<\/a><\/span><\/td>\n<\/tr>\n<tr>\n<td width=\"270\"><span style=\"color: #0000ff;\"><a style=\"color: #0000ff;\" href=\"https:\/\/capcs.md\/wp-content\/uploads\/2025\/03\/rg02-795-03.03.2025.pdf\" target=\"_blank\" rel=\"noopener\">Circulara nr. Rg02-795 din 03.03.2025<\/a><\/span><\/td>\n<\/tr>\n<tr>\n<td rowspan=\"3\" width=\"496\"><span style=\"color: #0000ff;\"><strong>Nutri\u021bia enteral\u0103<\/strong><\/span><\/td>\n<td width=\"270\"><span style=\"color: #0000ff;\"><a style=\"color: #0000ff;\" href=\"https:\/\/capcs.md\/wp-content\/uploads\/2025\/03\/anexa_necesar-nutritie-enterala-pu-2026.xlsx\" target=\"_blank\" rel=\"noopener\">Lista loturilor<\/a><\/span><\/td>\n<\/tr>\n<tr>\n<td width=\"270\"><span style=\"color: #0000ff;\"><a style=\"color: #0000ff;\" href=\"https:\/\/capcs.md\/wp-content\/uploads\/2025\/03\/anexa_model-scrisoare-de-insotire_sume-alocate-2026-2.docx\" target=\"_blank\" rel=\"noopener\">Modelul scrisorii de \u00eenso\u021bire<\/a><\/span><\/td>\n<\/tr>\n<tr>\n<td width=\"270\"><span style=\"color: #0000ff;\"><a style=\"color: #0000ff;\" href=\"https:\/\/capcs.md\/wp-content\/uploads\/2025\/03\/rg02-809-03.03.2025.pdf\" target=\"_blank\" rel=\"noopener\">Circulara nr. Rg02-809 din 03.03.2025<\/a><\/span><\/td>\n<\/tr>\n<tr>\n<td rowspan=\"3\" width=\"496\"><strong><span style=\"color: #0000ff;\">Produse radiofarmaceutice<\/span><\/strong><\/td>\n<td width=\"270\"><span style=\"color: #0000ff;\"><a style=\"color: #0000ff;\" href=\"https:\/\/capcs.md\/wp-content\/uploads\/2025\/03\/anexa_necesar-produse-radiofarmaceutice-pu-2026.xlsx\" target=\"_blank\" rel=\"noopener\">Lista loturilor \u00a0<\/a><\/span><\/td>\n<\/tr>\n<tr>\n<td width=\"270\"><span style=\"color: #0000ff;\"><a style=\"color: #0000ff;\" href=\"https:\/\/capcs.md\/wp-content\/uploads\/2025\/03\/anexa_model-scrisoare-de-insotire_sume-alocate-2026-3.docx\" target=\"_blank\" rel=\"noopener\">Modelul scrisorii de \u00eenso\u021bire<\/a><\/span><\/td>\n<\/tr>\n<tr>\n<td width=\"270\"><span style=\"color: #0000ff;\"><a style=\"color: #0000ff;\" href=\"https:\/\/capcs.md\/wp-content\/uploads\/2025\/03\/rg02-800-03.03.2025.pdf\" target=\"_blank\" rel=\"noopener\">Circulara nr. Rg02-800 din 03.03.2025<\/a><\/span><\/td>\n<\/tr>\n<tr>\n<td rowspan=\"3\" width=\"496\"><span style=\"color: #0000ff;\"><strong>Solu\u021bie pentru cardioplegie<\/strong><\/span><\/td>\n<td width=\"270\"><span style=\"color: #0000ff;\"><a style=\"color: #0000ff;\" href=\"https:\/\/capcs.md\/wp-content\/uploads\/2025\/03\/anexa_necesar-solutie-cardioplegie-pu-2026.xlsx\" target=\"_blank\" rel=\"noopener\">Lista loturilor<\/a><\/span><\/td>\n<\/tr>\n<tr>\n<td width=\"270\"><span style=\"color: #0000ff;\"><a style=\"color: #0000ff;\" href=\"https:\/\/capcs.md\/wp-content\/uploads\/2025\/03\/anexa_model-scrisoare-de-insotire_sume-alocate-2026-4.docx\" target=\"_blank\" rel=\"noopener\">Modelul scrisorii de \u00eenso\u021bire<\/a><\/span><\/td>\n<\/tr>\n<tr>\n<td width=\"270\"><span style=\"color: #0000ff;\"><a style=\"color: #0000ff;\" href=\"https:\/\/capcs.md\/wp-content\/uploads\/2025\/03\/rg02-804-03.03.2025.pdf\" target=\"_blank\" rel=\"noopener\">Circulara nr. Rg02-804 din 03.03.2025<\/a><\/span><\/td>\n<\/tr>\n<tr>\n<td rowspan=\"3\" width=\"496\"><strong><span style=\"color: #0000ff;\">Surfactan\u021bi \u0219i Cafeina citrat<\/span><\/strong><\/td>\n<td width=\"270\"><span style=\"color: #0000ff;\"><a style=\"color: #0000ff;\" href=\"https:\/\/capcs.md\/wp-content\/uploads\/2025\/03\/anexa_loturi-surfactanti-si-cafeina-citrat-pu-2026.xlsx\" target=\"_blank\" rel=\"noopener\">Lista loturilor \u00a0<\/a><\/span><\/td>\n<\/tr>\n<tr>\n<td width=\"270\"><span style=\"color: #0000ff;\"><a style=\"color: #0000ff;\" href=\"https:\/\/capcs.md\/wp-content\/uploads\/2025\/03\/anexa_model-scrisoare-de-insotire_sume-alocate-2026-5.docx\" target=\"_blank\" rel=\"noopener\">Modelul scrisorii de \u00eenso\u021bire<\/a><\/span><\/td>\n<\/tr>\n<tr>\n<td width=\"270\"><span style=\"color: #0000ff;\"><a style=\"color: #0000ff;\" href=\"https:\/\/capcs.md\/wp-content\/uploads\/2025\/03\/rg02-799-03.03.2025.pdf\" target=\"_blank\" rel=\"noopener\">Circulara nr. Rg02-799 din 03.03.2025<\/a><\/span><\/td>\n<\/tr>\n<\/tbody>\n<\/table>\n<hr \/>\n<h5><span style=\"color: #000000;\">\u00cen conformitate cu prevederile Hot\u0103r\u00e2rii Guvernului nr. 1128\/2016, Centrul pentru achizi\u021bii publice centralizate \u00een s\u0103n\u0103tate (CAPCS) a analizat evolu\u021bia necesarului de medicamente din ultimii ani \u0219i a elaborat fi\u0219ierele electronice, care urmeaz\u0103 a fi completate de beneficiari, \u00een vederea colect\u0103rii necesarului de medicamente pentru anul 2025, dup\u0103 cum urmeaz\u0103:<\/span><\/h5>\n<p><span style=\"color: #0000ff;\"><a style=\"color: #0000ff;\" href=\"https:\/\/capcs.md\/wp-content\/uploads\/2024\/05\/1.2-lista-de-baza_necesar-agregat-per-loturi_10.05.2024.xls\" target=\"_blank\" rel=\"noopener\">Lista de baz\u0103 per loturi<\/a>,<\/span><\/p>\n<p><span style=\"color: #0000ff;\"><a style=\"color: #0000ff;\" href=\"https:\/\/capcs.md\/wp-content\/uploads\/2024\/05\/1.1-lista-de-baza_necesar-agregat-per-imsp_10.05.2024.xls\" target=\"_blank\" rel=\"noopener\">Lista de baz\u0103 per IMSP<\/a><\/span>,<\/p>\n<p><span style=\"color: #0000ff;\"><a style=\"color: #0000ff;\" href=\"https:\/\/capcs.md\/wp-content\/uploads\/2024\/05\/2.1-lista-suplimentara-nr.-1_necesar-agregat-per-loturi_10.05.2024.xls\" target=\"_blank\" rel=\"noopener\">Lista suplimentar\u0103 nr. 1 per loturi<\/a><\/span>,<\/p>\n<p><span style=\"color: #0000ff;\"><a style=\"color: #0000ff;\" href=\"https:\/\/capcs.md\/wp-content\/uploads\/2024\/05\/2.2-lista-suplimentara-nr.-1_necesar-agregat-per-imsp_10.05.2024.xls\" target=\"_blank\" rel=\"noopener\">Lista suplimentar\u0103 nr. 1 per IMSP<\/a>,<\/span><\/p>\n<p><span style=\"color: #0000ff;\"><a style=\"color: #0000ff;\" href=\"https:\/\/capcs.md\/wp-content\/uploads\/2024\/05\/3.-lista-suplimentara-nr.-2_necesar-agregat-per-loturi-si-imsp_10.05.2024.xlsx\" target=\"_blank\" rel=\"noopener\">Lista suplimentar\u0103 nr. 2,<\/a><\/span><\/p>\n<p><span style=\"color: #0000ff;\"><a style=\"color: #0000ff;\" href=\"https:\/\/capcs.md\/wp-content\/uploads\/2024\/05\/4.1-lista-med-onco-si-imunosupresive_necesar-agregat-per-loturi_10.05.2024.xls\" target=\"_blank\" rel=\"noopener\">Lista loturilor de medicamente oncologice \u0219i imunosupresive per loturi<\/a>,<\/span><\/p>\n<p><span style=\"color: #0000ff;\"><a style=\"color: #0000ff;\" href=\"https:\/\/capcs.md\/wp-content\/uploads\/2024\/05\/4.2-lista-med-onco-si-imunosupresive_necesar-agregat-per-imsp_10.05.2024.xls\" target=\"_blank\" rel=\"noopener\">Lista loturilor de medicamente oncologice \u0219i imunosupresive per IMSP<\/a><\/span>.<\/p>\n<hr \/>\n<h5 style=\"text-align: center;\"><span style=\"color: #ff0000;\"><a style=\"color: #ff0000;\" href=\"https:\/\/capcs.md\/wp-content\/uploads\/2016\/10\/Rg02-3949.pdf\">INFORMA\u021aIE PRIVIND MODIFICAREA ADRESEI Centrului pentru achizi\u021bii publice centralizate \u00een s\u0103n\u0103tate<\/a><\/span><\/h5>\n<h5><span style=\"color: #000000;\">Conduc\u0103torilor Institu\u0163iilor Medico-Sanitare Publice (conform listei)\u00a0<\/span><\/h5>\n<h5><a href=\"https:\/\/capcs.md\/wp-content\/uploads\/2016\/10\/DOC371.pdf\"><span style=\"color: #0000ff;\">Scrisoare CAPCS nr. Rg02-3034 din data de 22.09.2017<\/span><\/a><\/h5>\n<hr \/>\n<h5><img decoding=\"async\" class=\"alignleft\" src=\"http:\/\/amed.md\/sites\/default\/files\/tenders.jpg\" alt=\"\" \/><\/h5>\n<h5><span style=\"color: #000000;\">Conduc\u0103torilor institu\u0163iilor medico-sanitare publice republicane, municipale, departamentale ai IMSP Spitale Raionale, \u00a0Medicilor \u015fefi a centrelor Medicilor de Familie \u015fi \u00a0Centrelor de S\u0103n\u0103tate<\/span><\/h5>\n<h5><span style=\"color: #0000ff;\"><a style=\"color: #0000ff;\" href=\"https:\/\/capcs.md\/wp-content\/uploads\/2017\/01\/Rg02-39.pdf\" target=\"_blank\" rel=\"noopener\">Scrisoare CAPCS nr. Rg02-39 din data de 16.01.2017<\/a><\/span><\/h5>\n<hr \/>\n<h5><span style=\"color: #000000;\"><img decoding=\"async\" class=\"alignleft\" src=\"http:\/\/amed.md\/sites\/default\/files\/tenders.jpg\" alt=\"\" \/>C\u0103tre conduc\u0103torii institu\u021biilor medico-sanitare publice republicane, municipale, departamentale ai IMSP Spitale Raionale, Medicilor-\u0219efi ai Centrelor Medicilor de Familie \u0219i Centrelor de S\u0103n\u0103tate<\/span><\/h5>\n<h5><span style=\"color: #0000ff;\"><a style=\"color: #0000ff;\" href=\"https:\/\/capcs.md\/wp-content\/uploads\/2016\/12\/Plasare-urgent.pdf\" target=\"_blank\" rel=\"noopener\">Scrisoare CAPCS nr. Rg02-795 din data de 13.12.2016\u00a0<\/a><\/span><\/h5>\n<hr \/>\n<h5><span style=\"color: #000000;\"><img decoding=\"async\" class=\"alignleft\" src=\"http:\/\/amed.md\/sites\/default\/files\/tenders.jpg\" alt=\"\" \/>C\u0103tre Institu\u0163iile Medico-Sanitare Publice<\/span><\/h5>\n<h5><span style=\"color: #0000ff;\"><a style=\"color: #0000ff;\" href=\"https:\/\/capcs.md\/wp-content\/uploads\/2016\/10\/Scrisoare-nr.-5588.pdf\" target=\"_blank\" rel=\"noopener\">Scrisoarea AMDM nr. A07.PS-01.Rg02-5588 din data de 23.06.2016<\/a>\u00a0<\/span><\/h5>\n<hr \/>\n<h5><span style=\"color: #000000;\"><img decoding=\"async\" class=\"alignleft\" src=\"http:\/\/amed.md\/sites\/default\/files\/tenders.jpg\" alt=\"\" \/>C\u0103tre Institu\u0163iile Medico-Sanitare Publice<\/span><\/h5>\n<h5><a href=\"https:\/\/capcs.md\/wp-content\/uploads\/2016\/10\/Scrisoare-nr.-5574.pdf\" target=\"_blank\" rel=\"noopener\"><span style=\"color: #0000ff;\">Scrisoarea AMDM nr. A07.PS-01.Rg02-5577 din data de 22.06.2016<\/span><\/a><\/h5>\n<hr \/>\n<h5><span style=\"color: #000000;\"><img decoding=\"async\" class=\"alignleft\" src=\"http:\/\/amed.md\/sites\/default\/files\/tenders.jpg\" alt=\"\" \/>C\u0103tre Institu\u0163iile Medico-Sanitare Publice<\/span><\/h5>\n<h5><a href=\"https:\/\/capcs.md\/wp-content\/uploads\/2016\/10\/Scrisoare-nr.-5082.pdf\" target=\"_blank\" rel=\"noopener\"><span style=\"color: #0000ff;\">Scrisoarea AMDM nr. A07.PS-01.Rg02-5082 din data de 31.05.2016<\/span><\/a><\/h5>\n<hr \/>\n<h5><span style=\"color: #000000;\"><img decoding=\"async\" class=\"alignleft\" src=\"http:\/\/amed.md\/sites\/default\/files\/tenders.jpg\" alt=\"\" \/>C\u0103tre Institu\u0163iile Medico-Sanitare Publice<\/span><\/h5>\n<h5><a href=\"https:\/\/capcs.md\/wp-content\/uploads\/2016\/10\/Scrisoare-nr.-5081.pdf\" target=\"_blank\" rel=\"noopener\"><span style=\"color: #000000;\"><span style=\"color: #0000ff;\">Scrisoarea AMDM nr. A07.PS-01.Rg02-5081 din data de 31.05.2016<\/span><\/span><\/a><\/h5>\n<hr \/>\n<h5><span style=\"color: #000000;\"><img decoding=\"async\" class=\"alignleft\" src=\"http:\/\/amed.md\/sites\/default\/files\/tenders.jpg\" alt=\"\" \/><span style=\"color: #ff0000;\">MODIFICAREA<\/span>\u00a0<a href=\"https:\/\/capcs.md\/wp-content\/uploads\/2016\/10\/LP-nr.-15-03265.pdf\" target=\"_blank\" rel=\"noopener\"><span style=\"color: #0000ff;\">licita\u0163iei\u00a0 nr. 15\/03265 din 23.03.2016 privind achizi\u0163ionarea medicamentelor neautorizate \u00een Republica Moldova, conform necesit\u0103\u0163ilor\u00a0institu\u0163iilor medico-sanitare publice (IMSP), pentru anul 2016<\/span><\/a><\/span><\/h5>\n<hr \/>\n<h5><span style=\"color: #000000;\"><img decoding=\"async\" class=\"alignleft\" src=\"http:\/\/amed.md\/sites\/default\/files\/tenders.jpg\" alt=\"\" \/><span style=\"color: #ff0000;\">MODIFICAREA<\/span>\u00a0<a href=\"https:\/\/capcs.md\/wp-content\/uploads\/2016\/10\/LP-nr.-16-00207.pdf\" target=\"_blank\" rel=\"noopener\"><span style=\"color: #0000ff;\">licita\u0163iei\u00a0 nr. 16\/00207 din 23.03.2016\u00a0privind achizi\u0163ionarea medicamentelor necesare institu\u0163iilor medico-sanitare publice (IMSP), pentru anul 2016<\/span><\/a><\/span><\/h5>\n<hr \/>\n<h5><span style=\"color: #000000;\"><img decoding=\"async\" class=\"alignleft\" src=\"http:\/\/amed.md\/sites\/default\/files\/tenders.jpg\" alt=\"\" \/><span style=\"color: #ff0000;\">MODIFICAREA<\/span>\u00a0<a href=\"https:\/\/capcs.md\/wp-content\/uploads\/2016\/10\/LP-nr.-15-02867.pdf\" target=\"_blank\" rel=\"noopener\"><span style=\"color: #0000ff;\">licita\u0163iei\u00a0nr.\u00a015\/02867 din 14.01.2016 privind achizi\u0163ionarea medicamentelor imunosupresive\u00a0\u00een scopul realiz\u0103rii\u00a0Programului Na\u0163ional\u00a0de Transplant,\u00a0pentru anul 2016<\/span><\/a><\/span><\/h5>\n<hr \/>\n<h5><span style=\"color: #000000;\"><img decoding=\"async\" class=\"alignleft\" src=\"http:\/\/amed.md\/sites\/default\/files\/tenders.jpg\" alt=\"\" \/><span style=\"color: #ff0000;\">MODIFICAREA<\/span>\u00a0<a href=\"https:\/\/capcs.md\/wp-content\/uploads\/2016\/10\/LP-nr.-15-02878.pdf\" target=\"_blank\" rel=\"noopener\"><span style=\"color: #0000ff;\">licita\u0163iei\u00a0nr.\u00a015\/02878 din 14.01.2016 privind achizi\u0163ionarea medicamentelor \u00een scopul realiz\u0103rii\u00a0Programului Na\u0163ional de prevenire, profilaxia \u015fi controlul infec\u0163iei HIV\/SIDA\/ITS,\u00a0pentru anul 2016<\/span><\/a><\/span><\/h5>\n<hr \/>\n<h5><span style=\"color: #000000;\"><img decoding=\"async\" class=\"alignleft\" src=\"http:\/\/amed.md\/sites\/default\/files\/tenders.jpg\" alt=\"\" \/><strong>C\u0103tre Institu\u0163iile Medico-Sanitare Publice<\/strong><\/span><\/h5>\n<h5><a href=\"https:\/\/capcs.md\/wp-content\/uploads\/2016\/10\/Scrisoare-nr.-11190.pdf\" target=\"_blank\" rel=\"noopener\"><span style=\"color: #0000ff;\">Scrisoarea AMDM nr. A07.PS-01.Rg02-11190 din data de 23.12.2015<\/span><\/a><\/h5>\n<hr \/>\n<h5><span style=\"color: #000000;\"><img decoding=\"async\" class=\"alignleft\" src=\"http:\/\/amed.md\/sites\/default\/files\/tenders.jpg\" alt=\"\" \/><span style=\"color: #ff0000;\">ANULAREA<\/span>\u00a0<a href=\"https:\/\/capcs.md\/wp-content\/uploads\/2016\/10\/LP-nr.-15-02884.pdf\" target=\"_blank\" rel=\"noopener\"><span style=\"color: #0000ff;\">licita\u0163iei nr. 15\/02884 din 21.12.15 privind achizi\u0163ionarea medicamentelor \u00eentru realizarea<\/span> <span style=\"color: #0000ff;\">Programului Special \u00een s\u0103n\u0103tate \u201eCombaterea maladiilor rare\u201d &#8212; Epidermoliza buloas\u0103, pentru anul 2016<\/span><\/a><\/span><\/h5>\n<hr \/>\n<h5><span style=\"color: #000000;\"><img decoding=\"async\" class=\"alignleft\" src=\"http:\/\/amed.md\/sites\/default\/files\/tenders.jpg\" alt=\"\" \/><span style=\"color: #ff0000;\">MODIFIC\u0102RI<\/span> <a href=\"https:\/\/capcs.md\/wp-content\/uploads\/2016\/10\/LP-nr.-15-02884-1.pdf\" target=\"_blank\" rel=\"noopener\"><span style=\"color: #0000ff;\">la licita\u0163ia nr. 15\/02859 din 05.01.2016, pentru achizi\u0163ionarea medicamentelor \u015fi dispozitivelor medicale (articole parafarmaceutice), \u00eentru realizarea Programului Na\u0163ional de control al tuberculozei, pentru anul 2016, se opereaz\u0103\u00a0unele modific\u0103ri, conform anexei<\/span><\/a><\/span><\/h5>\n<hr \/>\n<h5><span style=\"color: #000000;\"><img decoding=\"async\" class=\"alignleft\" src=\"http:\/\/amed.md\/sites\/default\/files\/tenders.jpg\" alt=\"\" \/>Grupul de lucru pentru achizi\u0163ionarea de medicamente din cadrul Agen\u0163iei Medicamentului \u015fi Dispozitivelor Medicale informeaz\u0103 despre faptul c\u0103 au fost operate unele modific\u0103ri, conform anexelor, la licita\u0163iile publice:<\/span><\/h5>\n<ul>\n<li>\n<h5><span style=\"color: #0000ff;\"><a style=\"color: #0000ff;\" href=\"https:\/\/capcs.md\/wp-content\/uploads\/2016\/10\/LP-PN-nr.-15-02827.pdf\" target=\"_blank\" rel=\"noopener\">15\/02827\u00a0Programul\u00a0Na\u0163ional\u00a0Factorul VIII<\/a>;<\/span><\/h5>\n<\/li>\n<li>\n<h5><span style=\"color: #0000ff;\"><a style=\"color: #0000ff;\" href=\"https:\/\/capcs.md\/wp-content\/uploads\/2016\/10\/LP-PN-nr.-15-02859.pdf\" target=\"_blank\" rel=\"noopener\">15\/02859\u00a0Programul\u00a0Na\u0163ional decontrol al Tuberculozei pentru anul 2016<\/a>;<\/span><\/h5>\n<\/li>\n<li>\n<h5><span style=\"color: #0000ff;\"><a style=\"color: #0000ff;\" href=\"https:\/\/capcs.md\/wp-content\/uploads\/2016\/10\/LP-PN-nr.-15-02860.pdf\" target=\"_blank\" rel=\"noopener\">15\/02860 Programul\u00a0Na\u0163ional combaterea cancerului<\/a>;<\/span><\/h5>\n<\/li>\n<li>\n<h5><span style=\"color: #0000ff;\"><a style=\"color: #0000ff;\" href=\"https:\/\/capcs.md\/wp-content\/uploads\/2016\/10\/LP-PN-nr.-15-02866.pdf\" target=\"_blank\" rel=\"noopener\">15\/02866\u00a0Programul\u00a0Na\u0163ional de profilaxie \u015fi combatere a Diabetului Zaharat<\/a>;<\/span><\/h5>\n<\/li>\n<li>\n<h5><span style=\"color: #0000ff;\"><a style=\"color: #0000ff;\" href=\"https:\/\/capcs.md\/wp-content\/uploads\/2016\/10\/LP-PN-nr.-15-02867.pdf\" target=\"_blank\" rel=\"noopener\">15\/02867\u00a0Programul\u00a0Na\u0163ional de Transplant<\/a>;<\/span><\/h5>\n<\/li>\n<li>\n<h5><span style=\"color: #0000ff;\"><a style=\"color: #0000ff;\" href=\"https:\/\/capcs.md\/wp-content\/uploads\/2016\/10\/LP-PN-nr.-15-02878.pdf\" target=\"_blank\" rel=\"noopener\">15\/02878\u00a0Programul\u00a0Na\u0163ional de prevenire, profilaxia \u015fi controlul infec\u0163iei HIV\/SIDA\/ITS<\/a>.<\/span><\/h5>\n<h5><\/h5>\n<\/li>\n<\/ul>\n","protected":false},"excerpt":{"rendered":"<p>\u00cen conformitate cu prevederile Hot\u0103r\u00e2rii Guvernului nr. 1128\/2016, Centrul pentru Achizi\u021bii Publice Centralizate \u00een S\u0103n\u0103tate (CAPCS), \u00een scopul desf\u0103\u0219ur\u0103rii procedurilor de achizi\u021bie public\u0103 centralizat\u0103, conform reglement\u0103rilor \u00een vigoare \u0219i pentru asigurarea aprovizion\u0103rii sistemului de s\u0103n\u0103tate cu medicamentele necesare \u00eentr-un timp&#8230; <a href=\"https:\/\/capcs.md\/ru\/informatii-urgente\/\" class=\"read-more\">Detalii<\/a><\/p>\n","protected":false},"author":11,"featured_media":0,"parent":0,"menu_order":0,"comment_status":"closed","ping_status":"closed","template":"","meta":{"footnotes":""},"class_list":["post-67","page","type-page","status-publish","hentry"],"translation":{"provider":"WPGlobus","version":"2.10.10","language":"ru","enabled_languages":["ro","ru","en"],"languages":{"ro":{"title":true,"content":true,"excerpt":false},"ru":{"title":false,"content":false,"excerpt":false},"en":{"title":false,"content":false,"excerpt":false}}},"_links":{"self":[{"href":"https:\/\/capcs.md\/ru\/wp-json\/wp\/v2\/pages\/67"}],"collection":[{"href":"https:\/\/capcs.md\/ru\/wp-json\/wp\/v2\/pages"}],"about":[{"href":"https:\/\/capcs.md\/ru\/wp-json\/wp\/v2\/types\/page"}],"author":[{"embeddable":true,"href":"https:\/\/capcs.md\/ru\/wp-json\/wp\/v2\/users\/11"}],"replies":[{"embeddable":true,"href":"https:\/\/capcs.md\/ru\/wp-json\/wp\/v2\/comments?post=67"}],"version-history":[{"count":57,"href":"https:\/\/capcs.md\/ru\/wp-json\/wp\/v2\/pages\/67\/revisions"}],"predecessor-version":[{"id":28579,"href":"https:\/\/capcs.md\/ru\/wp-json\/wp\/v2\/pages\/67\/revisions\/28579"}],"wp:attachment":[{"href":"https:\/\/capcs.md\/ru\/wp-json\/wp\/v2\/media?parent=67"}],"curies":[{"name":"wp","href":"https:\/\/api.w.org\/{rel}","templated":true}]}}