{"id":620,"date":"2016-11-10T17:22:58","date_gmt":"2016-11-10T15:22:58","guid":{"rendered":"https:\/\/capcs.md\/?page_id=620"},"modified":"2024-09-19T15:07:45","modified_gmt":"2024-09-19T13:07:45","slug":"formulare-tip","status":"publish","type":"page","link":"https:\/\/capcs.md\/ru\/formulare-tip\/","title":{"rendered":"FORMULAR CONSUMABILE MEDICALE, CONSUMABILE DE LABORATOR \u0218I DEZINFECTAN\u021aI"},"content":{"rendered":"<h2 class=\"entry-title\"><span style=\"color: #0000ff;\">\u00cen aten\u021bia conduc\u0103torilor Institu\u021biilor medico-sanitare publice<\/span><\/h2>\n<hr \/>\n<p><strong><span style=\"color: #0000ff;\"><span class=\"has-inline-color has-blue-color\"><span style=\"color: #000000;\"><u><span style=\"color: #0000ff;\"><a style=\"color: #0000ff;\" href=\"https:\/\/capcs.md\/wp-content\/uploads\/2024\/09\/rg02-3173-19.09.2024.pdf\" target=\"_blank\" rel=\"noopener\">CIRCULAR\u0102, privind prezentarea necesarului \u00een vederea <span class=\"fontstyle0\">realiz\u0103rii <\/span><span class=\"fontstyle2\">Programelor Speciale <\/span><span class=\"fontstyle0\">pentru anul 2025<\/span> <\/a><\/span><\/u><\/span><\/span><\/span><\/strong><\/p>\n<p><strong><span style=\"color: #0000ff;\"><span class=\"has-inline-color has-blue-color\"><span style=\"color: #000000;\"><a style=\"color: #0000ff;\" href=\"https:\/\/capcs.md\/wp-content\/uploads\/2024\/09\/model-scrisoare-de-insotire_sume.docx\" target=\"_blank\" rel=\"noopener\"><u>Modelul <\/u><\/a><\/span>-Scrisorii de \u00eenso\u021bire<\/span><\/span><\/strong><\/p>\n<p><span style=\"color: #000000;\"><span style=\"color: #0000ff;\"><a style=\"color: #0000ff;\" href=\"https:\/\/capcs.md\/wp-content\/uploads\/2024\/09\/lista-consumabile-ps.xlsx\" target=\"_blank\" rel=\"noopener\"><strong><u>Lista de baz\u0103 2025<\/u><\/strong><\/a><\/span><\/span><\/p>\n<p><span style=\"color: #000000;\"><span style=\"color: #0000ff;\"><a style=\"color: #0000ff;\" href=\"https:\/\/capcs.md\/wp-content\/uploads\/2024\/09\/lista-suplimentara.xlsx\" target=\"_blank\" rel=\"noopener\"><strong><u>Listei suplimentare<\/u><\/strong><\/a><\/span><\/span><\/p>\n<hr \/>\n<h2 class=\"entry-title\"><span style=\"color: #0000ff;\"><a style=\"color: #0000ff;\" href=\"https:\/\/capcs.md\/bez-rubriki\/in-atentia-conducatorilor-institutiilor-medico-sanitare-publice-5\/\" rel=\"bookmark\">\u00cen aten\u021bia conduc\u0103torilor Institu\u021biilor medico-sanitare publice<\/a><\/span><\/h2>\n<p><a href=\"https:\/\/capcs.md\/wp-content\/uploads\/2022\/05\/Rg02-1387.pdf\" target=\"_blank\" rel=\"noreferrer noopener\"><span class=\"has-inline-color has-blue-color\"><span style=\"color: #0000ff;\">CIRCULAR\u0102, privind prezentarea necesarului \u00een vederea organiz\u0103rii licita\u021biilor centralizate la nivel na\u021bional pentru anul 2023<\/span><\/span><\/a><\/p>\n<p><span style=\"color: #0000ff;\"><a style=\"color: #0000ff;\" href=\"https:\/\/capcs.md\/wp-content\/uploads\/2022\/05\/Model-Scrisoare-de-insotire_Sume-alocate-2022-3.docx\"><span class=\"has-inline-color has-blue-color\">Model-Scrisoare de \u00eenso\u021bire<\/span><\/a><\/span><\/p>\n<p><span style=\"color: #0000ff;\"><a style=\"color: #0000ff;\" href=\"https:\/\/capcs.md\/wp-content\/uploads\/2022\/05\/NECESAR-2023-salvat.xlsx\" target=\"_blank\" rel=\"noreferrer noopener\"><span class=\"has-inline-color has-blue-color\">Lista cu bunuri<\/span><\/a><\/span><\/p>\n<hr \/>\n<p><a style=\"color: #0000ff;\" href=\"https:\/\/capcs.md\/wp-content\/uploads\/2016\/10\/Rg02-1971.pdf\">CIRCULAR\u0102 cu privire la necesarul de\u00a0<strong>consumabile medicale<\/strong>,\u00a0<strong>consumabile de laborator<\/strong>\u00a0\u0219i\u00a0<strong>dezinfectan\u021bi<\/strong>\u00a0pentru anul 2020.\u00a0<\/a><\/p>\n<p><strong><span style=\"color: #000000;\">Ordinul CAPCS nr. Rg03-40 din\u00a024.06.2019<\/span><\/strong><\/p>\n<p><span style=\"color: #0000ff;\"><a style=\"color: #0000ff;\" href=\"https:\/\/capcs.md\/wp-content\/uploads\/2016\/10\/Rg03-40-1.pdf\">Cu\u00a0privire la aprobarea Listei de consumabile medicale, consumabile de laborator \u0219i dezinfectan\u021bi ce urmeaz\u0103 a fi achizi\u021bionate centralizat pentru anul 2020<\/a><\/span><\/p>\n<p><a href=\"https:\/\/capcs.md\/wp-content\/uploads\/2016\/10\/Scrisoare-model-20.06.2019.docx\"><span style=\"color: #0000ff;\">Scrisoare model<\/span>\u00a0<\/a><\/p>\n<p><a href=\"https:\/\/capcs.md\/wp-content\/uploads\/2016\/10\/CM.CL_.D-2020.xlsx\"><span style=\"color: #008000;\">Formular\u00a0<strong>consumabile medicale<\/strong>,\u00a0<strong>consumabile de laborator<\/strong>\u00a0\u0219i\u00a0<strong>dezinfectan\u021bi<\/strong>\u00a0pentru anul 2020<\/span><\/a><\/p>\n<hr \/>\n<p><span style=\"color: #0000ff;\"><a style=\"color: #0000ff;\" href=\"https:\/\/capcs.md\/wp-content\/uploads\/2016\/11\/Rg02-2845.pdf\" target=\"_blank\" rel=\"noopener\"><strong>Scrisoarea\u00a0CAPCS nr. Rg02-2845 din 01.08.2018<\/strong><\/a><\/span><\/p>\n<p><span style=\"color: #0000ff;\"><a style=\"color: #0000ff;\" href=\"https:\/\/capcs.md\/wp-content\/uploads\/2016\/11\/Scrisoare-model-5.docx\"><strong>Scrisoare de \u00eenso\u021bire &#8212; MODEL<\/strong><\/a><\/span><\/p>\n<p><span style=\"color: #0000ff;\"><a style=\"color: #0000ff;\" href=\"https:\/\/capcs.md\/wp-content\/uploads\/2016\/11\/Scrisoare-de-solicitare-a-necesarului-CRD-2019.docx\"><strong>Scrisoare de solicitare a necesarului de Consumabile, Dezinfectan\u021bi \u0219i Reactivi, necesare pentru anul\u00a02019<\/strong><\/a><\/span><\/p>\n<p><span style=\"color: #0000ff;\"><a style=\"color: #0000ff;\" href=\"https:\/\/capcs.md\/wp-content\/uploads\/2016\/11\/Necesar-CRD-2019-1.xlsx\"><strong>Formular necesarul de\u00a0Dispozitive Medicale 2019<\/strong><\/a><\/span><\/p>\n","protected":false},"excerpt":{"rendered":"<p>\u00cen aten\u021bia conduc\u0103torilor Institu\u021biilor medico-sanitare publice CIRCULAR\u0102, privind prezentarea necesarului \u00een vederea realiz\u0103rii Programelor Speciale pentru anul 2025 Modelul -Scrisorii de \u00eenso\u021bire Lista de baz\u0103 2025 Listei suplimentare \u00cen aten\u021bia conduc\u0103torilor Institu\u021biilor medico-sanitare publice CIRCULAR\u0102, privind prezentarea necesarului \u00een vederea&#8230; <a href=\"https:\/\/capcs.md\/ru\/formulare-tip\/\" class=\"read-more\">Detalii<\/a><\/p>\n","protected":false},"author":11,"featured_media":0,"parent":0,"menu_order":0,"comment_status":"closed","ping_status":"closed","template":"","meta":{"footnotes":""},"class_list":["post-620","page","type-page","status-publish","hentry"],"translation":{"provider":"WPGlobus","version":"2.10.10","language":"ru","enabled_languages":["ro","ru","en"],"languages":{"ro":{"title":true,"content":true,"excerpt":false},"ru":{"title":false,"content":false,"excerpt":false},"en":{"title":false,"content":false,"excerpt":false}}},"_links":{"self":[{"href":"https:\/\/capcs.md\/ru\/wp-json\/wp\/v2\/pages\/620"}],"collection":[{"href":"https:\/\/capcs.md\/ru\/wp-json\/wp\/v2\/pages"}],"about":[{"href":"https:\/\/capcs.md\/ru\/wp-json\/wp\/v2\/types\/page"}],"author":[{"embeddable":true,"href":"https:\/\/capcs.md\/ru\/wp-json\/wp\/v2\/users\/11"}],"replies":[{"embeddable":true,"href":"https:\/\/capcs.md\/ru\/wp-json\/wp\/v2\/comments?post=620"}],"version-history":[{"count":16,"href":"https:\/\/capcs.md\/ru\/wp-json\/wp\/v2\/pages\/620\/revisions"}],"predecessor-version":[{"id":25683,"href":"https:\/\/capcs.md\/ru\/wp-json\/wp\/v2\/pages\/620\/revisions\/25683"}],"wp:attachment":[{"href":"https:\/\/capcs.md\/ru\/wp-json\/wp\/v2\/media?parent=620"}],"curies":[{"name":"wp","href":"https:\/\/api.w.org\/{rel}","templated":true}]}}