{"id":60,"date":"2016-10-21T14:21:50","date_gmt":"2016-10-21T12:21:50","guid":{"rendered":"http:\/\/172.19.42.113\/wordpress\/?page_id=60"},"modified":"2024-02-22T09:55:34","modified_gmt":"2024-02-22T07:55:34","slug":"hotaririle-guvernului","status":"publish","type":"page","link":"https:\/\/capcs.md\/ru\/hotaririle-guvernului\/","title":{"rendered":"\u041f\u043e\u0441\u0442\u0430\u043d\u043e\u0432\u043b\u0435\u043d\u0438\u044f \u043f\u0440\u0430\u0432\u0438\u0442\u0435\u043b\u044c\u0441\u0442\u0432\u0430"},"content":{"rendered":"<ul>\n<li style=\"text-align: left;\"><span style=\"color: #0000ff;\"><a style=\"color: #0000ff;\" href=\"https:\/\/www.legis.md\/cautare\/getResults?doc_id=141406&amp;lang=ro#\" target=\"_blank\" rel=\"noopener\">Hotar\u00e2rea\u00a0Guvernului nr. 1128 din 10.10.2016 cu privire la Centrul pentru Achizitii Publice\u00a0Centralizate \u00een S\u0103n\u0103tate<\/a><\/span><\/li>\n<li style=\"text-align: left;\"><span style=\"color: #0000ff;\"><a style=\"color: #0000ff;\" href=\"https:\/\/www.legis.md\/cautare\/getResults?doc_id=134614&amp;lang=ro#\" target=\"_blank\" rel=\"noopener\">Hot\u0103r\u00e2rea Guvernului nr. 870 din 14.12.2022 pentru aprobarea Regulamentului cu privire la achizi\u021biile publice de valoare mic\u0103<\/a><\/span><\/li>\n<li style=\"text-align: left;\"><span style=\"color: #0000ff;\"><a style=\"color: #0000ff;\" href=\"https:\/\/www.legis.md\/cautare\/getResults?doc_id=110181&amp;lang=ro#\" target=\"_blank\" rel=\"noopener\">Hot\u0103r\u00e2rea Guvernului nr. 666 din 27.05.2016 pentru aprobarea Regulamentului cu privire la achizi\u0163ia bunurilor \u015fi serviciilor prin cererea ofertelor de pre\u0163uri<\/a><\/span><\/li>\n<li style=\"text-align: left;\"><span style=\"color: #0000ff;\"><a style=\"color: #0000ff;\" href=\"https:\/\/www.legis.md\/cautare\/getResults?doc_id=125242&amp;lang=ro\" target=\"_blank\" rel=\"noopener\">Hot\u0103r\u00e2rea Guvernului nr. 10 din 20.01.2021 pentru aprobarea Regulamentului cu privire la activitatea grupului de lucru \u00een domeniul achizi\u021biilor publice<\/a><\/span><\/li>\n<li style=\"text-align: left;\"><span style=\"color: #0000ff;\"><a style=\"color: #0000ff;\" href=\"https:\/\/www.legis.md\/cautare\/getResults?doc_id=122990&amp;lang=ro#\" target=\"_blank\" rel=\"noopener\">Hot\u0103r\u00e2rea Guvernului nr. 668 din 27.05.2016 pentru aprobarea Regulamentului cu privire la achizi\u0163iile publice folosind procedura de negociere<\/a><\/span><\/li>\n<li style=\"text-align: left;\"><span style=\"color: #0000ff;\"><a style=\"color: #0000ff;\" href=\"https:\/\/www.legis.md\/cautare\/getResults?doc_id=96901&amp;lang=ro\" target=\"_blank\" rel=\"noopener\"><span style=\"color: #0000ff;\">Hot\u0103r\u00e2rea Guvernului nr. 1418 din 28.12.2016<\/span> pentru aprobarea Regulamentului cu privire la modul de \u00eentocmire a Listei de interdic\u0163ie a operatorilor economici<\/a><\/span><\/li>\n<li style=\"text-align: left;\"><span style=\"color: #0000ff;\"><a style=\"color: #0000ff;\" href=\"https:\/\/www.legis.md\/cautare\/getResults?doc_id=126209&amp;lang=ro\" target=\"_blank\" rel=\"noopener\">Hot\u0103r\u00e2rea Guvernului nr. 56 din 29.04.2021 pentru aprobarea Regulamentului cu privire la modul de organizare \u0219i func\u021bionare a autorit\u0103\u021bilor centrale de achizi\u021bii<\/a><\/span><\/li>\n<li style=\"text-align: left;\"><a href=\"https:\/\/www.legis.md\/cautare\/getResults?doc_id=100955&amp;lang=ro\" target=\"_blank\" rel=\"noopener\"><span style=\"color: #0000ff;\">Hot\u0103r\u00e2rea Guvernului nr. 603 din 02.07.1997 despre aprobarea Regulamentului privind formarea pre\u0163urilor la medicamente \u015fi alte produse farmaceutice \u015fi parafarmaceutice<\/span><\/a><\/li>\n<li style=\"text-align: left;\"><a href=\"https:\/\/www.legis.md\/cautare\/getResults?doc_id=123704&amp;lang=ro\" target=\"_blank\" rel=\"noopener\"><span style=\"color: #0000ff;\">Hotar\u00e2rea\u00a0Guvernului nr. 494\u00a0din 08.07.2020\u00a0pentru aprobarea Regulamentului cu privire la achizi\u021biile publice necesare pentru prevenirea \u0219i controlul infec\u021biei COVID-19<\/span><\/a><\/li>\n<li style=\"text-align: left;\"><span style=\"color: #0000ff;\"><a style=\"color: #0000ff;\" href=\"https:\/\/capcs.md\/wp-content\/uploads\/2016\/11\/Dispozitia-Comisiei-situatii-exceptionale-nr.-1_compressed.pdf\">Dispozi\u021bia Comisia situa\u021bii excep\u021bionale nr. 1 din data de 18.03.2020<\/a><\/span><\/li>\n<li style=\"text-align: left;\"><span style=\"color: #0000ff;\"><a style=\"color: #0000ff;\" href=\"https:\/\/capcs.md\/wp-content\/uploads\/2016\/11\/Dispozitia-Comisiei-situatii-exceptionale-nr.-2.pdf\">Dispozi\u021bia Comisia situa\u021bii excep\u021bionale nr. 2 din data de 20.03.2020<\/a><\/span><\/li>\n<li style=\"text-align: left;\"><span style=\"color: #0000ff;\"><a style=\"color: #0000ff;\" href=\"https:\/\/capcs.md\/wp-content\/uploads\/2020\/03\/Dispozitia Comisia situatii exceptionale nr. 3.pdf\">Dispozi\u021bia Comisia situa\u021bii excep\u021bionale nr. 3 din data de 23.03.2020<\/a><\/span><\/li>\n<li><span style=\"color: #0000ff;\"><a style=\"color: #0000ff;\" href=\"https:\/\/www.legis.md\/cautare\/getResults?doc_id=139673&amp;lang=ro\" target=\"_blank\" rel=\"noopener\">Hotar\u00e2rea Guvernului nr. 728 din 26.09.2023 cu privire la site-urile web oficiale ale autorit\u0103\u021bilor \u0219i institu\u021biilor publice \u0219i cerin\u021bele minime privind profilurile de socializare ale acestora<\/a><\/span><\/li>\n<\/ul>\n","protected":false},"excerpt":{"rendered":"<p>Hotar\u00e2rea\u00a0Guvernului nr. 1128 din 10.10.2016 cu privire la Centrul pentru Achizitii Publice\u00a0Centralizate \u00een S\u0103n\u0103tate Hot\u0103r\u00e2rea Guvernului nr. 870 din 14.12.2022 pentru aprobarea Regulamentului cu privire la achizi\u021biile publice de valoare mic\u0103 Hot\u0103r\u00e2rea Guvernului nr. 666 din 27.05.2016 pentru aprobarea Regulamentului&#8230; <a href=\"https:\/\/capcs.md\/ru\/hotaririle-guvernului\/\" class=\"read-more\">Detalii<\/a><\/p>\n","protected":false},"author":11,"featured_media":0,"parent":0,"menu_order":0,"comment_status":"closed","ping_status":"closed","template":"","meta":{"footnotes":""},"class_list":["post-60","page","type-page","status-publish","hentry"],"translation":{"provider":"WPGlobus","version":"2.10.10","language":"ru","enabled_languages":["ro","ru","en"],"languages":{"ro":{"title":true,"content":true,"excerpt":false},"ru":{"title":true,"content":false,"excerpt":false},"en":{"title":false,"content":false,"excerpt":false}}},"_links":{"self":[{"href":"https:\/\/capcs.md\/ru\/wp-json\/wp\/v2\/pages\/60"}],"collection":[{"href":"https:\/\/capcs.md\/ru\/wp-json\/wp\/v2\/pages"}],"about":[{"href":"https:\/\/capcs.md\/ru\/wp-json\/wp\/v2\/types\/page"}],"author":[{"embeddable":true,"href":"https:\/\/capcs.md\/ru\/wp-json\/wp\/v2\/users\/11"}],"replies":[{"embeddable":true,"href":"https:\/\/capcs.md\/ru\/wp-json\/wp\/v2\/comments?post=60"}],"version-history":[{"count":17,"href":"https:\/\/capcs.md\/ru\/wp-json\/wp\/v2\/pages\/60\/revisions"}],"predecessor-version":[{"id":22486,"href":"https:\/\/capcs.md\/ru\/wp-json\/wp\/v2\/pages\/60\/revisions\/22486"}],"wp:attachment":[{"href":"https:\/\/capcs.md\/ru\/wp-json\/wp\/v2\/media?parent=60"}],"curies":[{"name":"wp","href":"https:\/\/api.w.org\/{rel}","templated":true}]}}