{"id":4709,"date":"2019-04-22T08:13:36","date_gmt":"2019-04-22T06:13:36","guid":{"rendered":"https:\/\/capcs.md\/?page_id=4709"},"modified":"2023-07-19T13:02:59","modified_gmt":"2023-07-19T11:02:59","slug":"integritate","status":"publish","type":"page","link":"https:\/\/capcs.md\/ru\/integritate\/","title":{"rendered":"INTEGRITATE"},"content":{"rendered":"<p><a href=\"https:\/\/capcs.md\/wp-content\/uploads\/2023\/07\/img_0001.pdf\" target=\"_blank\" rel=\"noopener\"><strong><span style=\"color: #0000ff;\">Registrul riscurilor<\/span><\/strong><\/a><\/p>\n<hr \/>\n<p><span style=\"color: #0000ff;\"><a style=\"color: #0000ff;\" href=\"https:\/\/capcs.md\/certificatel-obtinute-in-urma-absolvirii-cursului-anticoruptiei-si-integritate-2\/\" target=\"_blank\" rel=\"noopener\"><strong>Certificatele ob\u021binute \u00een urma absolvirii cursului \u201eAnticorup\u021biei \u0219i integritate\u201d<\/strong><\/a><\/span><\/p>\n<hr \/>\n<p><strong><a href=\"https:\/\/capcs.md\/wp-content\/uploads\/2022\/02\/RG03-66.pdf\" target=\"_blank\" rel=\"noopener\"><span style=\"color: #0000ff;\">Planul de integritate al Centrului pentru achizi\u021bii publice centralizate \u00een s\u0103n\u0103tate<\/span><\/a><\/strong><\/p>\n<hr \/>\n<p><a href=\"https:\/\/capcs.md\/wp-content\/uploads\/2022\/02\/Rg03-53_compressed.pdf\" target=\"_blank\" rel=\"noopener\"><strong><span style=\"color: #0000ff;\">Ordin Rg03-53 din 16.08.2021 Cu privire la aprobarea registrelor \u0219i regulamentului privind procedurile de examinare \u0219i raportarea intern\u0103 a dezv\u0103luirilor practicilor ilegale<\/span><\/strong><\/a><\/p>\n<hr \/>\n<p><a href=\"https:\/\/capcs.md\/wp-content\/uploads\/2022\/02\/Rg03-76-1_compressed.pdf\" target=\"_blank\" rel=\"noopener\"><strong><span style=\"color: #0000ff;\">Regulament cu privire la eviden\u021ba cazurilor de influen\u021b\u0103 necorespunz\u0103toare\u00a0<\/span><\/strong><\/a><\/p>\n<hr \/>\n<p><a href=\"https:\/\/capcs.md\/wp-content\/uploads\/2022\/02\/Rg03-77_compressed-1.pdf\" target=\"_blank\" rel=\"noopener\"><strong><span style=\"color: #0000ff;\">Regulament cu privire la regimul juridic al conflictelor de interese<\/span><\/strong><\/a><\/p>\n<hr \/>\n<p><strong><span style=\"color: #0000ff;\"><a style=\"color: #0000ff;\" href=\"https:\/\/capcs.md\/wp-content\/uploads\/2022\/02\/RG03-76.pdf\" target=\"_blank\" rel=\"noopener\">Regulament cu privire la procedurile de examinare \u0219i raportare intern\u0103 a dezv\u0103luirilor practicilor ilegale<\/a><\/span><\/strong><\/p>\n<hr \/>\n<p><a href=\"https:\/\/capcs.md\/wp-content\/uploads\/2022\/02\/Rg03-77-1_compressed.pdf\" target=\"_blank\" rel=\"noopener\"><strong><span style=\"color: #0000ff;\">Regulament cu privire la procesul de furnizare a informa\u021biilor oficiale<\/span><\/strong><\/a><\/p>\n<hr \/>\n<p><a href=\"https:\/\/capcs.md\/wp-content\/uploads\/2022\/02\/Rg03-81_compressed-1.pdf\" target=\"_blank\" rel=\"noopener\"><strong><span style=\"color: #0000ff;\">Regulament cu privire la angajarea prin concurs<\/span><\/strong><\/a><\/p>\n<hr \/>\n<p><a href=\"https:\/\/capcs.md\/wp-content\/uploads\/2023\/02\/registrul-de-evidenta-a-cadourilor-.pdf\" target=\"_blank\" rel=\"noopener\"><strong><span style=\"color: #0000ff;\">Registrul de eviden\u021b\u0103 a cadourilor admisibile<\/span><\/strong><\/a><\/p>\n<hr \/>\n<p><a href=\"https:\/\/capcs.md\/wp-content\/uploads\/2022\/02\/1707_220209150516_001.pdf\" target=\"_blank\" rel=\"noopener\"><span style=\"color: #0000ff;\"><strong>Registrul de eviden\u021b\u0103 a cadourilor inadmisibile<\/strong><\/span><\/a><\/p>\n<hr \/>\n<p><a href=\"https:\/\/capcs.md\/wp-content\/uploads\/2022\/02\/1708_220209151250_001.pdf\" target=\"_blank\" rel=\"noopener\"><strong><span style=\"color: #0000ff;\">Regulament cu privire la regimul juridic al cadourilor<\/span><\/strong><\/a><\/p>\n<hr \/>\n<p><a href=\"https:\/\/capcs.md\/wp-content\/uploads\/2023\/02\/regulament-asigurarea-integritatii.pdf\" target=\"_blank\" rel=\"noopener\"><strong><span style=\"color: #0000ff;\">Regulament privind asigurarea integrit\u0103\u021bii institu\u021bionale a Centrului pentru achizi\u021bii publice centralizate \u00een s\u0103n\u0103tate<\/span><\/strong><\/a><\/p>\n<hr \/>\n<p><strong><span style=\"color: #0000ff;\"><a style=\"color: #0000ff;\" href=\"https:\/\/capcs.md\/wp-content\/uploads\/2019\/04\/5325-scanare001.pdf\" target=\"_blank\" rel=\"noopener\">Denun\u021b pentru c\u0103\u00a0\u00eemi pas\u0103!<\/a><\/span><\/strong><\/p>\n<hr \/>\n<h2><\/h2>\n","protected":false},"excerpt":{"rendered":"<p>Registrul riscurilor Certificatele ob\u021binute \u00een urma absolvirii cursului \u201eAnticorup\u021biei \u0219i integritate\u201d Planul de integritate al Centrului pentru achizi\u021bii publice centralizate \u00een s\u0103n\u0103tate Ordin Rg03-53 din 16.08.2021 Cu privire la aprobarea registrelor \u0219i regulamentului privind procedurile de examinare \u0219i raportarea intern\u0103&#8230; <a href=\"https:\/\/capcs.md\/ru\/integritate\/\" class=\"read-more\">Detalii<\/a><\/p>\n","protected":false},"author":9,"featured_media":0,"parent":0,"menu_order":0,"comment_status":"closed","ping_status":"closed","template":"","meta":{"footnotes":""},"class_list":["post-4709","page","type-page","status-publish","hentry"],"translation":{"provider":"WPGlobus","version":"2.10.10","language":"ru","enabled_languages":["ro","ru","en"],"languages":{"ro":{"title":true,"content":true,"excerpt":false},"ru":{"title":false,"content":false,"excerpt":false},"en":{"title":false,"content":false,"excerpt":false}}},"_links":{"self":[{"href":"https:\/\/capcs.md\/ru\/wp-json\/wp\/v2\/pages\/4709"}],"collection":[{"href":"https:\/\/capcs.md\/ru\/wp-json\/wp\/v2\/pages"}],"about":[{"href":"https:\/\/capcs.md\/ru\/wp-json\/wp\/v2\/types\/page"}],"author":[{"embeddable":true,"href":"https:\/\/capcs.md\/ru\/wp-json\/wp\/v2\/users\/9"}],"replies":[{"embeddable":true,"href":"https:\/\/capcs.md\/ru\/wp-json\/wp\/v2\/comments?post=4709"}],"version-history":[{"count":27,"href":"https:\/\/capcs.md\/ru\/wp-json\/wp\/v2\/pages\/4709\/revisions"}],"predecessor-version":[{"id":20239,"href":"https:\/\/capcs.md\/ru\/wp-json\/wp\/v2\/pages\/4709\/revisions\/20239"}],"wp:attachment":[{"href":"https:\/\/capcs.md\/ru\/wp-json\/wp\/v2\/media?parent=4709"}],"curies":[{"name":"wp","href":"https:\/\/api.w.org\/{rel}","templated":true}]}}