{"id":4163,"date":"2019-01-17T14:19:16","date_gmt":"2019-01-17T12:19:16","guid":{"rendered":"https:\/\/capcs.md\/?page_id=4163"},"modified":"2025-11-10T14:59:11","modified_gmt":"2025-11-10T12:59:11","slug":"planuri","status":"publish","type":"page","link":"https:\/\/capcs.md\/ru\/planuri\/","title":{"rendered":"PLANURI"},"content":{"rendered":"<h2>\u00a0<\/h2>\n<h2><a href=\"https:\/\/capcs.md\/wp-content\/uploads\/2025\/11\/4433_251104231935_001.pdf\" target=\"_blank\" rel=\"noopener\"><span style=\"color: #0000ff;\"><strong>Planul <\/strong><strong>de achizi\u021bii publice pentru anul 2025 <\/strong><\/span><\/a><span style=\"color: #0000ff;\"><strong><span style=\"color: #000000;\">07.11<\/span><span style=\"color: #000000;\">.2025<\/span><\/strong><\/span><\/h2>\n<h2><span style=\"color: #0000ff;\"><a style=\"color: #0000ff;\" href=\"https:\/\/capcs.md\/wp-content\/uploads\/2025\/10\/4428_251029011337_001.pdf\" target=\"_blank\" rel=\"noopener\"><strong>Planul <\/strong><strong>de achizi\u021bii publice pentru anul 2025<\/strong><\/a> <strong><span style=\"color: #000000;\">31.10<\/span><span style=\"color: #000000;\"><strong>.<\/strong>2025<\/span><\/strong><\/span><\/h2>\n<h2><span style=\"color: #0000ff;\"><a style=\"color: #0000ff;\" href=\"https:\/\/capcs.md\/wp-content\/uploads\/2025\/09\/img_0001.pdf\" target=\"_blank\" rel=\"noopener\"><strong>Planul de achizi\u021bii publice pentru asigurarea necesit\u0103\u021bilor CAPCS, pentru anul<\/strong><strong> 2025<\/strong><\/a> <strong><span style=\"color: #000000;\">16.09.2025<\/span><\/strong><\/span><\/h2>\n<h2><span style=\"color: #0000ff;\"><a style=\"color: #0000ff;\" href=\"https:\/\/capcs.md\/wp-content\/uploads\/2025\/09\/plan-de-achizitii-din-02.09.2025.pdf\" target=\"_blank\" rel=\"noopener\"><strong>Planul <\/strong><strong>de achizi\u021bii publice pentru anul 2025<\/strong><\/a> <strong><span style=\"color: #000000;\">02<\/span><span style=\"color: #000000;\">.09.2025<\/span><\/strong><\/span><\/h2>\n<h2><span style=\"color: #0000ff;\"><a style=\"color: #0000ff;\" href=\"https:\/\/capcs.md\/wp-content\/uploads\/2025\/08\/4337_250819031810_001.pdf\" target=\"_blank\" rel=\"noopener\"><strong>Planul <\/strong><strong>de achizi\u021bii publice pentru anul 2025 <\/strong><\/a><strong><span style=\"color: #000000;\">21.08.2025<\/span><\/strong><\/span><\/h2>\n<h2><span style=\"color: #0000ff;\"><a style=\"color: #0000ff;\" href=\"https:\/\/capcs.md\/wp-content\/uploads\/2025\/08\/4329_250811033704_001.pdf\" target=\"_blank\" rel=\"noopener\"><strong>Planul <\/strong><strong>de achizi\u021bii publice pentru anul 2025 <\/strong><\/a><strong><span style=\"color: #000000;\">13.08.2025<\/span><\/strong><\/span><\/h2>\n<h2><span style=\"color: #0000ff;\"><a style=\"color: #0000ff;\" href=\"https:\/\/capcs.md\/wp-content\/uploads\/2025\/08\/4312_250729200640_001.pdf\" target=\"_blank\" rel=\"noopener\"><strong>Planul <\/strong><strong>de achizi\u021bii publice pentru anul 2025 <\/strong><\/a><strong><span style=\"color: #000000;\">01.08.2025<\/span><\/strong><\/span><\/h2>\n<h2><a href=\"https:\/\/capcs.md\/wp-content\/uploads\/2025\/07\/anexa-3-de-modificare-a-planului-general-tic-2025.signed.semnat-1.pdf\" target=\"_blank\" rel=\"noopener\"><span style=\"color: #0000ff;\"><strong>Plan general de achizi\u021bii pentru tehnologii informa\u021bionale (TI) pe anul 2025<\/strong> <\/span><\/a><span style=\"color: #0000ff;\"><strong><span style=\"color: #000000;\">29.07.2025<\/span><\/strong><\/span><\/h2>\n<h2><span style=\"color: #0000ff;\"><a style=\"color: #0000ff;\" href=\"https:\/\/capcs.md\/wp-content\/uploads\/2025\/06\/4261_250609030637_001.pdf\" target=\"_blank\" rel=\"noopener\"><strong>Planul <\/strong><strong>de achizi\u021bii publice pentru anul 2025 <\/strong><\/a><strong><span style=\"color: #000000;\">11.06.2025<\/span><\/strong><\/span><\/h2>\n<h2><span style=\"color: #0000ff;\"><a style=\"color: #0000ff;\" href=\"https:\/\/capcs.md\/wp-content\/uploads\/2025\/06\/0446_250609151614_001.pdf\" target=\"_blank\" rel=\"noopener\"><strong>Planul <\/strong><strong>de achizi\u021bii publice pentru anul 2025<\/strong><\/a><strong> <span style=\"color: #000000;\">09.06.2025<\/span><\/strong><\/span><\/h2>\n<h2><span style=\"color: #0000ff;\"><a style=\"color: #0000ff;\" href=\"https:\/\/capcs.md\/wp-content\/uploads\/2025\/05\/4247_250524032919_001.pdf\" target=\"_blank\" rel=\"noopener\"><strong>Planul <\/strong><strong>de achizi\u021bii publice pentru anul 2025<\/strong><\/a><strong> <span style=\"color: #000000;\">26.05.2025<\/span><\/strong><\/span><\/h2>\n<h2><span style=\"color: #0000ff;\"><a href=\"https:\/\/capcs.md\/wp-content\/uploads\/2025\/05\/plan.pdf\" target=\"_blank\" rel=\"noopener\"><span style=\"color: #0000ff;\"><strong>Planul <\/strong><\/span><strong><span style=\"color: #0000ff;\">de achizi\u021bii publice pentru anul 2025<\/span><\/strong><\/a><strong> <span style=\"color: #000000;\">23.05.2025<\/span><\/strong><\/span><\/h2>\n<h2><a href=\"https:\/\/capcs.md\/wp-content\/uploads\/2025\/07\/20250714144300.pdf\" target=\"_blank\" rel=\"noopener\"><strong><span style=\"color: #0000ff;\">Planul de achizi\u021bii publice pentru asigurarea necesit\u0103\u021bilor CAPCS, pentru anul<\/span><\/strong><span style=\"color: #0000ff;\"><strong> 2025<\/strong> <\/span><\/a><span style=\"color: #000000;\"><strong>03.03.2025<\/strong><\/span><\/h2>\n<h2><span style=\"color: #0000ff;\"><a style=\"color: #0000ff;\" href=\"https:\/\/capcs.md\/wp-content\/uploads\/2025\/02\/4129_250225035319_001.pdf\" target=\"_blank\" rel=\"noopener\"><strong>Planul <\/strong><strong>de achizi\u021bii publice pentru anul 2025<\/strong><\/a><strong>\u00a0<span style=\"color: #000000;\">27.02.2025<\/span><\/strong><\/span><\/h2>\n<h2><span style=\"color: #0000ff;\"><a href=\"https:\/\/capcs.md\/wp-content\/uploads\/2025\/02\/plan-de-achizitii-din-21.02.2025.pdf\" target=\"_blank\" rel=\"noopener\"><strong style=\"color: #0000ff;\">Planul <\/strong><strong style=\"color: #0000ff;\">de achizi\u021bii publice pentru anul 2025<\/strong><\/a><strong>\u00a0<span style=\"color: #000000;\">21.02.2025<\/span><\/strong><\/span><\/h2>\n<h2><span style=\"color: #0000ff;\"><a href=\"https:\/\/capcs.md\/wp-content\/uploads\/2025\/02\/4107_250217003124_001.pdf\" target=\"_blank\" rel=\"noopener\"><strong style=\"color: #0000ff;\">Planul <\/strong><strong style=\"color: #0000ff;\">de achizi\u021bii publice pentru anul 2025<\/strong><\/a><strong>\u00a0<span style=\"color: #000000;\">19.02.2025<\/span><\/strong><\/span><\/h2>\n<h2><span style=\"color: #0000ff;\"><a style=\"color: #0000ff;\" href=\"https:\/\/capcs.md\/wp-content\/uploads\/2025\/02\/formular-nou-ajustat.signed.semnat.pdf\" target=\"_blank\" rel=\"noopener\"><strong>Plan general de achizi\u021bii pentru tehnologii informa\u021bionale (TI) pe anul 2025<\/strong><\/a> <\/span><span style=\"color: #0000ff;\"><strong><span style=\"color: #000000;\">14.02.2025<\/span><\/strong><\/span><\/h2>\n<h2><span style=\"color: #0000ff;\"><a href=\"https:\/\/capcs.md\/wp-content\/uploads\/2025\/01\/plan-de-achizitii-din-03.01.2025.pdf\" target=\"_blank\" rel=\"noopener\"><strong style=\"color: #0000ff;\">Planul <\/strong><strong style=\"color: #0000ff;\">de achizi\u021bii publice pentru anul 2025<\/strong><\/a><strong><span style=\"color: #0000ff;\">\u00a0<\/span><span style=\"color: #000000;\">03.01.2025<\/span><\/strong><\/span><\/h2>\n<h2><span style=\"color: #0000ff;\"><a style=\"color: #0000ff;\" href=\"https:\/\/capcs.md\/wp-content\/uploads\/2025\/06\/0447_250609151809_001.pdf\" target=\"_blank\" rel=\"noopener\"><strong>Planul <\/strong><strong>de achizi\u021bii publice pentru anul 2024<\/strong><\/a><strong> <span style=\"color: #000000;\">31<\/span><\/strong><\/span><strong><span style=\"color: #000000;\">.12.2024<\/span><\/strong><\/h2>\n<h2><strong><span style=\"color: #0000ff;\"><a style=\"color: #0000ff;\" href=\"https:\/\/capcs.md\/wp-content\/uploads\/2024\/12\/4035_241210005937_001.pdf\" target=\"_blank\" rel=\"noopener\">Planul de achizi\u021bii publice pentru anul 2024<\/a> <\/span><span style=\"color: #000000;\">12.12.2024<\/span><\/strong><\/h2>\n<h2><strong><span style=\"color: #0000ff;\"><a style=\"color: #0000ff;\" href=\"https:\/\/capcs.md\/wp-content\/uploads\/2024\/10\/3948_241028002351_001.pdf\" target=\"_blank\" rel=\"noopener\">Planul de achizi\u021bii publice pentru anul 2024<\/a> <span style=\"color: #000000;\">30.10.2024<\/span><\/span><\/strong><\/h2>\n<h2><strong><span style=\"color: #0000ff;\"><a style=\"color: #0000ff;\" href=\"https:\/\/capcs.md\/wp-content\/uploads\/2024\/09\/plan-26.09.2024.pdf\" target=\"_blank\" rel=\"noopener\">Planul de achizi\u021bii publice pentru anul 2024<\/a> <span style=\"color: #000000;\">26.09.2024<\/span><\/span><\/strong><\/h2>\n<h2><strong><span style=\"color: #0000ff;\"><a style=\"color: #0000ff;\" href=\"https:\/\/capcs.md\/wp-content\/uploads\/2024\/09\/plan-de-achizitii-din-23.09.2024.pdf\" target=\"_blank\" rel=\"noopener\">Planul de achizi\u021bii publice pentru anul 2024<\/a> <span style=\"color: #000000;\">23.09.2024<\/span><\/span><\/strong><\/h2>\n<h2><strong><span style=\"color: #0000ff;\"><a style=\"color: #0000ff;\" href=\"https:\/\/capcs.md\/wp-content\/uploads\/2024\/09\/plan-de-achizitii-din-20.09.2024.pdf\" target=\"_blank\" rel=\"noopener\">Planul de achizi\u021bii publice pentru anul 2024<\/a> <span style=\"color: #000000;\">20.09.2024<\/span><\/span><\/strong><\/h2>\n<h2><strong><span style=\"color: #0000ff;\"><a style=\"color: #0000ff;\" href=\"https:\/\/capcs.md\/wp-content\/uploads\/2024\/09\/3793_240914010545_001.pdf\" target=\"_blank\" rel=\"noopener\">Planul de achizi\u021bii publice pentru anul 2024<\/a> <span style=\"color: #000000;\">16.09.2024<\/span><\/span><\/strong><\/h2>\n<h2><strong><span style=\"color: #0000ff;\"><a style=\"color: #0000ff;\" href=\"https:\/\/capcs.md\/wp-content\/uploads\/2024\/09\/3778_240909005926_001.pdf\" target=\"_blank\" rel=\"noopener\">Planul de achizi\u021bii publice pentru anul 2024<\/a> <span style=\"color: #000000;\">11.09.2024<\/span><\/span><\/strong><\/h2>\n<h2><strong><span style=\"color: #0000ff;\"><a style=\"color: #0000ff;\" href=\"https:\/\/capcs.md\/wp-content\/uploads\/2024\/08\/plan-de-achizitie-06.08.2024.pdf\" target=\"_blank\" rel=\"noopener\">Planul de achizi\u021bii publice pentru anul 2024<\/a> <span style=\"color: #000000;\">06.08.2024<\/span><\/span><\/strong><\/h2>\n<h2><strong><span style=\"color: #0000ff;\"><a style=\"color: #0000ff;\" href=\"https:\/\/capcs.md\/wp-content\/uploads\/2024\/07\/plan-de-achizitii-din-29.07.2024.pdf\" target=\"_blank\" rel=\"noopener\">Planul de achizi\u021bii publice pentru anul 2024<\/a> <span style=\"color: #000000;\">29.07.2024<\/span><\/span><\/strong><\/h2>\n<h2><strong><span style=\"color: #0000ff;\"><a style=\"color: #0000ff;\" href=\"https:\/\/capcs.md\/wp-content\/uploads\/2025\/03\/20250305082721.pdf\" target=\"_blank\" rel=\"noopener\">Planul de achizi\u021bii publice pentru asigurarea necesit\u0103\u021bilor CAPCS, pentru anul 2024<\/a> &#8212; <\/span><\/strong><strong><span style=\"color: #0000ff;\"><span style=\"color: #000000;\">24.12.2024<\/span><\/span><\/strong><\/h2>\n<h2><strong><span style=\"color: #0000ff;\"><a style=\"color: #0000ff;\" href=\"https:\/\/capcs.md\/wp-content\/uploads\/2024\/09\/20240912140504.pdf\" target=\"_blank\" rel=\"noopener\">Planul de achizi\u021bii publice pentru asigurarea necesit\u0103\u021bilor CAPCS, pentru anul 2024<\/a> &#8212; <\/span><\/strong><strong><span style=\"color: #0000ff;\"><span style=\"color: #000000;\">15.07.2024<\/span><\/span><\/strong><\/h2>\n<h2><strong><span style=\"color: #0000ff;\"><a style=\"color: #0000ff;\" href=\"https:\/\/capcs.md\/wp-content\/uploads\/2024\/06\/20240628132518.pdf\" target=\"_blank\" rel=\"noopener\">Planul de achizi\u021bii publice pentru anul 2024<\/a> <span style=\"color: #000000;\">28.06.2024<\/span><\/span><\/strong><\/h2>\n<h2><strong><span style=\"color: #0000ff;\"><a href=\"https:\/\/capcs.md\/wp-content\/uploads\/2024\/06\/3721_240618015855_001.pdf\" target=\"_blank\" rel=\"noopener\"><span style=\"color: #0000ff;\">Planul de achizi\u021bii publice pentru anul 2024<\/span><\/a> <span style=\"color: #000000;\">20.06.2024<\/span><\/span><\/strong><\/h2>\n<h2><strong><span style=\"color: #0000ff;\"><a style=\"color: #0000ff;\" href=\"https:\/\/capcs.md\/wp-content\/uploads\/2024\/06\/3719_240616031646_001.pdf\" target=\"_blank\" rel=\"noopener\">Planul de achizi\u021bii publice pentru anul 2024<\/a> <span style=\"color: #000000;\">18.06.2024<\/span><\/span><\/strong><\/h2>\n<h2><strong><span style=\"color: #0000ff;\"><a style=\"color: #0000ff;\" href=\"https:\/\/capcs.md\/wp-content\/uploads\/2024\/06\/3710_240615015835_001.pdf\" target=\"_blank\" rel=\"noopener\">Planul de achizi\u021bii publice pentru anul 2024<\/a> <span style=\"color: #000000;\">17.06.2024<\/span><\/span><\/strong><\/h2>\n<h2><strong><span style=\"color: #0000ff;\"><a style=\"color: #0000ff;\" href=\"https:\/\/capcs.md\/wp-content\/uploads\/2024\/06\/3697_240609214126_001.pdf\" target=\"_blank\" rel=\"noopener\">Planul de achizi\u021bii publice pentru anul 2024<\/a> <span style=\"color: #000000;\">10.06.2024<\/span><\/span><\/strong><\/h2>\n<h2><strong><span style=\"color: #0000ff;\"><a href=\"https:\/\/capcs.md\/wp-content\/uploads\/2024\/06\/3698_240609214201_001.pdf\" target=\"_blank\" rel=\"noopener\"><span style=\"color: #0000ff;\">Planul de achizi\u021bii publice pentru anul 2024<\/span><\/a>\u00a0<span style=\"color: #000000;\">07.06.2024<\/span><\/span><\/strong><\/h2>\n<h2><strong><span style=\"color: #0000ff;\"><a style=\"color: #0000ff;\" href=\"https:\/\/capcs.md\/wp-content\/uploads\/2024\/06\/3695_240609214024_001.pdf\" target=\"_blank\" rel=\"noopener\">Planul de achizi\u021bii publice pentru anul 2024<\/a> <span style=\"color: #000000;\">04.06.2024<\/span><\/span><\/strong><\/h2>\n<h2><strong><span style=\"color: #0000ff;\"><a style=\"color: #0000ff;\" href=\"https:\/\/capcs.md\/wp-content\/uploads\/2024\/06\/3696_240609214056_001.pdf\" target=\"_blank\" rel=\"noopener\">Planul de achizi\u021bii publice pentru anul 2024<\/a> <span style=\"color: #000000;\">30.05.2024<\/span><\/span><\/strong><\/h2>\n<h2><strong><span style=\"color: #0000ff;\"><a style=\"color: #0000ff;\" href=\"https:\/\/capcs.md\/wp-content\/uploads\/2024\/04\/3593_240423030603_001.pdf\" target=\"_blank\" rel=\"noopener\">Planul de achizi\u021bii publice pentru anul 2024<\/a> <span style=\"color: #000000;\">25.04.2024<\/span><\/span><\/strong><\/h2>\n<h2><strong><span style=\"color: #0000ff;\"><a style=\"color: #0000ff;\" href=\"https:\/\/capcs.md\/wp-content\/uploads\/2024\/02\/3487_240224030837_001.pdf\" target=\"_blank\" rel=\"noopener\">Planul de achizi\u021bii publice pentru anul 2024<\/a> <span style=\"color: #000000;\">26.02.2024<\/span><\/span><\/strong><\/h2>\n<h2><strong><span style=\"color: #0000ff;\"><a href=\"https:\/\/capcs.md\/wp-content\/uploads\/2024\/01\/plan-de-achizitii-26.01.2024.pdf\" target=\"_blank\" rel=\"noopener\"><span style=\"color: #0000ff;\">Planul de achizi\u021bii publice pentru anul 2024<\/span><\/a> <span style=\"color: #000000;\">26.01.2024<\/span><\/span><\/strong><\/h2>\n<h2><strong><span style=\"color: #0000ff;\"><a style=\"color: #0000ff;\" href=\"https:\/\/capcs.md\/wp-content\/uploads\/2024\/01\/3322_240102024828_001.pdf\" target=\"_blank\" rel=\"noopener\">Planul de achizi\u021bii publice pentru anul 2024<\/a> <span style=\"color: #000000;\">04.01.2024<\/span><\/span><\/strong><\/h2>\n<h2><strong><span style=\"color: #0000ff;\"><a style=\"color: #0000ff;\" href=\"https:\/\/capcs.md\/wp-content\/uploads\/2024\/08\/20240807151201.pdf\" target=\"_blank\" rel=\"noopener\">Planul de achizi\u021bii publice pentru asigurarea necesit\u0103\u021bilor CAPCS, pentru anul 2024<\/a>\u00a0<\/span><\/strong><\/h2>\n<h2><strong><a href=\"https:\/\/capcs.md\/wp-content\/uploads\/2023\/11\/3119_231118041147_001.pdf\" target=\"_blank\" rel=\"noopener\"><span style=\"color: #0000ff;\">Planul de achizi\u021bii publice pentru anul 2023<\/span> <\/a><span style=\"color: #000000;\">21.11.2023<\/span><\/strong><\/h2>\n<h2><a href=\"https:\/\/capcs.md\/wp-content\/uploads\/2023\/04\/img_0001.pdf\" target=\"_blank\" rel=\"noopener\"><span style=\"color: #0000ff;\"><strong>Planul de achizi\u021bii publice pentru anul 2023<\/strong><\/span><\/a> <strong><span style=\"color: #000000;\">27.04.2023<\/span><\/strong><\/h2>\n<h2><a href=\"https:\/\/capcs.md\/wp-content\/uploads\/2023\/01\/plan-de-achizitii.pdf\" target=\"_blank\" rel=\"noopener\"><strong><span style=\"color: #0000ff;\">Planul de achizi\u021bii publice pentru anul 2023<\/span><\/strong><\/a> <strong><span style=\"color: #000000;\">24.01.2023<\/span><\/strong><\/h2>\n<h2><a href=\"https:\/\/capcs.md\/wp-content\/uploads\/2022\/12\/2494_221211044113_001-1.pdf\" target=\"_blank\" rel=\"noopener\"><strong><span style=\"color: #0000ff;\">Planul de achizi\u021bii publice pentru anul 2022<\/span> <\/strong><\/a><strong><span style=\"color: #000000;\">10.12.2022<\/span><\/strong><\/h2>\n<h2><a href=\"https:\/\/capcs.md\/wp-content\/uploads\/2022\/07\/1932_220712200858_001.pdf\" target=\"_blank\" rel=\"noopener\"><span style=\"color: #0000ff;\"><strong>Planul de achizi\u021bii publice pentru anul 2022<\/strong><\/span><\/a> <span style=\"color: #000000;\"><strong>15.07.2022<\/strong><\/span><\/h2>\n<h2><a href=\"https:\/\/capcs.md\/wp-content\/uploads\/2019\/01\/SKMBT_22321102607470.pdf\"><span style=\"color: #0000ff;\"><strong>Planul de achizi\u021bii publice pentru anul 2021-2022<\/strong><\/span><\/a><\/h2>\n<h2><a href=\"https:\/\/capcs.md\/wp-content\/uploads\/2019\/01\/Planul-procedurilor-desf-urate-n-anul-2020-pentru-anul-2021-4-1-1-1-2....-1-1-1.xlsx\"><span style=\"color: #0000ff;\"><strong>Planul procedurilor desf\u0103\u0219urate \u00een anul 2020 pentru anul 202<\/strong><\/span><span style=\"color: #0000ff;\"><strong>1<\/strong><\/span><\/a><\/h2>\n<h2><span style=\"color: #0000ff;\"><strong><a style=\"color: #0000ff;\" href=\"https:\/\/capcs.md\/wp-content\/uploads\/2019\/01\/Plan-de-achizitii-interne-CAPCS-pentru-anul-2021_rectificat-la-10.06.202....pdf\">Planul de achizi\u021bii publice pentru anul 2021<\/a> &#8212; <span style=\"color: #000000;\">menite pentru asigurarea necesit\u0103\u021bilor Centrului pentru achizi\u021bii publice centralizate \u00een s\u0103n\u0103tate\u00a0<\/span><\/strong><\/span><\/h2>\n<h2><span style=\"color: #0000ff;\"><strong>Planul de achizi\u021bii publice pentru anul 2020<\/strong><\/span><\/h2>\n<h2><span style=\"color: #0000ff;\"><a style=\"color: #0000ff;\" href=\"https:\/\/capcs.md\/wp-content\/uploads\/2019\/03\/Plan%20de%20activitate%20pentru%20anul%202019%20(1).pdf\" target=\"_blank\" rel=\"noopener\"><strong>Planul de\u00a0activitate pentru anul 2019<\/strong><\/a><\/span><\/h2>\n<h2><strong><span style=\"color: #0000ff;\"><a style=\"color: #0000ff;\" href=\"https:\/\/capcs.md\/wp-content\/uploads\/2019\/01\/Planul-de-achizi--ii-publice-pentru-anul-2019.pdf\" target=\"_blank\" rel=\"noopener\">Planul de achizi\u021bii publice pentru anul 2019<\/a><\/span><\/strong><\/h2>\n<h2><span style=\"color: #0000ff;\"><a style=\"color: #0000ff;\" href=\"https:\/\/capcs.md\/wp-content\/uploads\/2019\/01\/5325-scanare.pdf\" target=\"_blank\" rel=\"noopener\"><strong>Plan de achizi\u021bii publice pentru anul 2018<\/strong><\/a><\/span><\/h2>\n<h2>\u00a0<\/h2>\n\n","protected":false},"excerpt":{"rendered":"<p>\u00a0 Planul de achizi\u021bii publice pentru anul 2025 07.11.2025 Planul de achizi\u021bii publice pentru anul 2025 31.10.2025 Planul de achizi\u021bii publice pentru asigurarea necesit\u0103\u021bilor CAPCS, pentru anul 2025 16.09.2025 Planul de achizi\u021bii publice pentru anul 2025 02.09.2025 Planul de achizi\u021bii&#8230; <a href=\"https:\/\/capcs.md\/ru\/planuri\/\" class=\"read-more\">Detalii<\/a><\/p>\n","protected":false},"author":9,"featured_media":0,"parent":0,"menu_order":0,"comment_status":"closed","ping_status":"closed","template":"","meta":{"footnotes":""},"class_list":["post-4163","page","type-page","status-publish","hentry"],"translation":{"provider":"WPGlobus","version":"2.10.10","language":"ru","enabled_languages":["ro","ru","en"],"languages":{"ro":{"title":true,"content":true,"excerpt":false},"ru":{"title":false,"content":false,"excerpt":false},"en":{"title":false,"content":false,"excerpt":false}}},"_links":{"self":[{"href":"https:\/\/capcs.md\/ru\/wp-json\/wp\/v2\/pages\/4163"}],"collection":[{"href":"https:\/\/capcs.md\/ru\/wp-json\/wp\/v2\/pages"}],"about":[{"href":"https:\/\/capcs.md\/ru\/wp-json\/wp\/v2\/types\/page"}],"author":[{"embeddable":true,"href":"https:\/\/capcs.md\/ru\/wp-json\/wp\/v2\/users\/9"}],"replies":[{"embeddable":true,"href":"https:\/\/capcs.md\/ru\/wp-json\/wp\/v2\/comments?post=4163"}],"version-history":[{"count":113,"href":"https:\/\/capcs.md\/ru\/wp-json\/wp\/v2\/pages\/4163\/revisions"}],"predecessor-version":[{"id":29524,"href":"https:\/\/capcs.md\/ru\/wp-json\/wp\/v2\/pages\/4163\/revisions\/29524"}],"wp:attachment":[{"href":"https:\/\/capcs.md\/ru\/wp-json\/wp\/v2\/media?parent=4163"}],"curies":[{"name":"wp","href":"https:\/\/api.w.org\/{rel}","templated":true}]}}