{"id":3458,"date":"2018-11-09T15:42:00","date_gmt":"2018-11-09T13:42:00","guid":{"rendered":"https:\/\/capcs.md\/?page_id=3458"},"modified":"2025-11-10T08:33:11","modified_gmt":"2025-11-10T06:33:11","slug":"rapoarte","status":"publish","type":"page","link":"https:\/\/capcs.md\/ru\/rapoarte\/","title":{"rendered":"RAPOARTE"},"content":{"rendered":"<h5 style=\"text-align: left;\"><span style=\"color: #0000ff;\"><a style=\"color: #0000ff;\" href=\"https:\/\/capcs.md\/wp-content\/uploads\/2025\/11\/0515_250715101520_001_rotated.pdf\" target=\"_blank\" rel=\"noopener\"><strong>Raport de monitorizare a execut\u0103rii contractelor de achizi\u021bii publice ale CAPCS, pentru semestrul I,<\/strong><strong> anul 2025<\/strong><\/a><\/span><\/h5>\n<h5><a href=\"https:\/\/capcs.md\/wp-content\/uploads\/2025\/07\/raport-de-executare-a-contractelor-i-semestru-2025_compressed.signed.pdf\" target=\"_blank\" rel=\"noopener\"><strong><span style=\"color: #0000ff;\">Raport privind monitorizarea contractelor de achizi\u021bii publice pentru semestrul I pentru anul 2025<\/span><\/strong><\/a><\/h5>\n<h5><span style=\"color: #0000ff;\"><a style=\"color: #0000ff;\" href=\"https:\/\/capcs.md\/wp-content\/uploads\/2025\/08\/raportul-anual-de-activitate-capcs_2024-pagina-web.pdf\" target=\"_blank\" rel=\"noopener\"><strong>Raportul anual de activitate al Centrului pentru achizi\u021bii publice centralizate \u00een s\u0103n\u0103tate pentru anul <\/strong><strong>2024<\/strong><\/a><strong> &#8212;<\/strong><\/span><\/h5>\n<h5><span style=\"color: #0000ff;\"><strong>modificat la data de 14.08.2025<\/strong><\/span><\/h5>\n<h5><span style=\"color: #0000ff;\"><a style=\"color: #0000ff;\" href=\"https:\/\/capcs.md\/wp-content\/uploads\/2025\/08\/raport-executare-contracte-2024_capcs.signed.signed.pdf\" target=\"_blank\" rel=\"noopener\"><strong>Raport de monitorizare a execut\u0103rii contractelor de achizi\u021bii publice \u00een perioada 01.01.2024-31.12.2024<\/strong><\/a><strong> &#8212; modificat la data de 14.08.2025<\/strong><\/span><\/h5>\n<h5 style=\"text-align: left;\"><span style=\"color: #0000ff;\"><a style=\"color: #0000ff;\" href=\"https:\/\/capcs.md\/wp-content\/uploads\/2025\/03\/20250305082801_rotated.pdf\" target=\"_blank\" rel=\"noopener\"><strong>Raport de monitorizare a execut\u0103rii contractelor de achizi\u021bii publice ale CAPCS, pentru <\/strong><strong>anul 2024<\/strong><\/a><\/span><\/h5>\n<h5 style=\"text-align: left;\"><span style=\"color: #0000ff;\"><a style=\"color: #0000ff;\" href=\"https:\/\/capcs.md\/wp-content\/uploads\/2024\/07\/raport-01.01.2024-30.06.2024-conform-hg_compressed.signed.pdf\" target=\"_blank\" rel=\"noopener\"><strong>Raport de monitorizare a execut\u0103rii contractelor de achizi\u021bii publice \u00een perioada 01.01.2024-30.06.2024<\/strong><\/a><\/span><\/h5>\n<h5 style=\"text-align: left;\"><span style=\"color: #0000ff;\"><a style=\"color: #0000ff;\" href=\"https:\/\/capcs.md\/wp-content\/uploads\/2024\/08\/1.pdf\" target=\"_blank\" rel=\"noopener\"><strong>Raport de monitorizare a execut\u0103rii contractelor de achizi\u021bii publice ale CAPCS, pentru semestrul I,<\/strong><strong> anul 2024<\/strong><\/a><\/span><\/h5>\n<h5><a href=\"https:\/\/capcs.md\/wp-content\/uploads\/2024\/03\/raport-capcs-2023_publicare-pagina-web.pdf\" target=\"_blank\" rel=\"noopener\"><span style=\"color: #0000ff;\"><strong>Raportul anual de activitate al Centrului pentru achizi\u021bii publice centralizate \u00een s\u0103n\u0103tate pentru anul 2023<\/strong><\/span><\/a><\/h5>\n<h5><span style=\"color: #0000ff;\"><a style=\"color: #0000ff;\" href=\"https:\/\/capcs.md\/wp-content\/uploads\/2024\/03\/raport-capcs-2023_pentru-plasare-pe-pagina-web.signed.pdf\" target=\"_blank\" rel=\"noopener\"><strong>Raport de monitorizare a execut\u0103rii contractelor de achizi\u021bii publice \u00een perioada 01.01.2023-31.12.2023<\/strong><\/a><\/span><\/h5>\n<h5><span style=\"color: #0000ff;\"><a style=\"color: #0000ff;\" href=\"https:\/\/capcs.md\/wp-content\/uploads\/2023\/04\/raport.pdf\" target=\"_blank\" rel=\"noopener\"><strong>RAPORT privind executarea contractelor de achizi\u021bii publice \u00een perioada 01.01.2022-31.12.2022<\/strong><\/a><\/span><\/h5>\n<h5><a href=\"https:\/\/capcs.md\/wp-content\/uploads\/2023\/04\/raport-capcs-2022.pdf\" target=\"_blank\" rel=\"noopener\"><strong><span style=\"color: #0000ff;\">Raportul anual de activitate al Centrului pentru achizi\u021bii publice centralizate \u00een s\u0103n\u0103tate pentru anul 2022<\/span><\/strong><\/a><\/h5>\n<h5><a href=\"https:\/\/capcs.md\/wp-content\/uploads\/2022\/08\/raport-capcs-sem-i-2022_17.08.2022-pentru-publicare.pdf\" target=\"_blank\" rel=\"noopener\"><span style=\"color: #0000ff;\"><strong>Raportul de activitate al Centrului pentru achizi\u021bii publice centralizate \u00een s\u0103n\u0103tate pentru semestrul I, anul<\/strong> <strong>2022<\/strong><\/span><\/a><\/h5>\n<h5><a href=\"https:\/\/capcs.md\/wp-content\/uploads\/2023\/06\/raport-2021-2.pdf\" target=\"_blank\" rel=\"noopener\"><strong><span style=\"color: #0000ff;\">RAPORT privind executarea contractelor de achizi\u021bii publice \u00een perioada 01.01.2021-31.12.2021<\/span><\/strong><\/a><\/h5>\n<h5><span style=\"color: #0000ff;\"><a style=\"color: #0000ff;\" href=\"https:\/\/capcs.md\/wp-content\/uploads\/2022\/03\/RAPORT-CAPCS-2021.pdf\" target=\"_blank\" rel=\"noopener\"><strong>Raportul anual de activitate al Centrului pentru achizi\u021bii publice centralizate \u00een s\u0103n\u0103tate pentru anul<\/strong> <strong>2021<\/strong><\/a><\/span><\/h5>\n<p><a href=\"https:\/\/capcs.md\/wp-content\/uploads\/2020\/raport_monitorizare_contracte_2020.pdf\" target=\"_blank\" rel=\"noopener\"><span style=\"color: #0000ff;\"><strong>RAPORT privind executarea contractelor de achizi\u021bii\u00a0publice\u00a0\u00een perioada 01.01.2020-31.12.2020<\/strong><\/span><\/a><\/p>\n<p><strong><a href=\"https:\/\/capcs.md\/wp-content\/uploads\/2018\/11\/Clasament_OE.pdf\"><span style=\"color: #008000;\">CLASAMENT OE<\/span><\/a><\/strong><\/p>\n<p><strong><a href=\"https:\/\/capcs.md\/wp-content\/uploads\/2018\/11\/Clasament_IMSP.pdf\"><span style=\"color: #008000;\">CLASAMENT IMSP<\/span><\/a><\/strong><\/p>\n<p><a href=\"https:\/\/capcs.md\/wp-content\/uploads\/2018\/11\/SKMBT_22321021813091.pdf\"><span style=\"color: #0000ff;\"><strong>RAPORT\u00a0<\/strong><strong>privind implementarea Planului de ac\u021biuni pentru anul 2020<\/strong><\/span><\/a><\/p>\n<p><span style=\"color: #0000ff;\"><a style=\"color: #0000ff;\" href=\"https:\/\/capcs.md\/wp-content\/uploads\/2020\/03\/Raport 2019 semnat.pdf\" target=\"_blank\" rel=\"noopener\"><strong>Raport cu privire la monitorizarea execut\u0103rii contractelor pentru anul 2019<\/strong><\/a><\/span><\/p>\n<p><span style=\"color: #0000ff;\"><a style=\"color: #0000ff;\" href=\"https:\/\/capcs.md\/wp-content\/uploads\/\/2020\/02\/Raportul anual de activitate al Centrului pentru achizi\u021bii publice centralizate \u00een s\u0103n\u0103tate pentru anul 2019.pdf\" target=\"_blank\" rel=\"noopener\"><strong>Raportul anual de activitate al \u00a0Centrului pentru achizi\u021bii publice centralizate \u00een s\u0103n\u0103tate pentru anul 2019<\/strong><\/a><\/span><\/p>\n<p><span style=\"color: #0000ff;\"><a style=\"color: #0000ff;\" href=\"https:\/\/capcs.md\/wp-content\/uploads\/2019\/11\/Raport de monitorizare a pre\u021burilor medicamentelor achizi\u021bionate centralizat pentru anul 2019.pdf\" target=\"_blank\" rel=\"noopener\"><strong>Raport de monitorizare a pre\u021burilor medicamentelor achizi\u021bionate centralizat pentru anul 2019<\/strong><\/a><\/span><\/p>\n<p><span style=\"color: #0000ff;\"><a style=\"color: #0000ff;\" href=\"https:\/\/capcs.md\/wp-content\/uploads\/2018\/11\/Raport-I-semestru-1.pdf\" target=\"_blank\" rel=\"noopener\"><strong>Raport cu privire la monitorizarea contractelor pentru semestrul\u00a0I al anului 2019<\/strong><\/a><\/span><\/p>\n<p><span style=\"color: #0000ff;\"><strong><a style=\"color: #0000ff;\" href=\"https:\/\/capcs.md\/wp-content\/uploads\/2019\/04\/Raport de monitorizare.PDF\" target=\"_blank\" rel=\"noopener\">Raport de monitorizare a pre\u021burilor medicamentelor achizi\u021bionate centralizat pentru anul 2018<\/a><\/strong><\/span><\/p>\n<p><span style=\"color: #0000ff;\"><strong><a style=\"color: #0000ff;\" href=\"https:\/\/capcs.md\/wp-content\/uploads\/2019\/04\/Raportul anual de activitate.pdf\" target=\"_blank\" rel=\"noopener\">Raportul anual de activitate al \u00a0Centrului pentru achizi\u021bii publice centralizate \u00een s\u0103n\u0103tate pentru anul 2018<\/a><\/strong><\/span><\/p>\n<p class=\"pane-title\"><span style=\"color: #0000ff;\"><strong><a style=\"color: #0000ff;\" href=\"https:\/\/capcs.md\/wp-content\/uploads\/2018\/11\/Raport-2018.pdf\" target=\"_blank\" rel=\"noopener\">Raport cu privire la monitorizarea contractelor pentru anul 2018<\/a><\/strong><\/span><\/p>\n<p class=\"pane-title\"><span style=\"color: #0000ff;\"><strong><a style=\"color: #0000ff;\" href=\"https:\/\/capcs.md\/wp-content\/uploads\/2018\/11\/Raport-I-semestru.pdf\" target=\"_blank\" rel=\"noopener\">Raport cu privire la monitorizarea contractelor pentru semestrul\u00a0I al anului 2018<\/a><\/strong><\/span><\/p>\n<hr \/>\n<h2 class=\"pane-title\"><\/h2>\n","protected":false},"excerpt":{"rendered":"<p>Raport de monitorizare a execut\u0103rii contractelor de achizi\u021bii publice ale CAPCS, pentru semestrul I, anul 2025 Raport privind monitorizarea contractelor de achizi\u021bii publice pentru semestrul I pentru anul 2025 Raportul anual de activitate al Centrului pentru achizi\u021bii publice centralizate \u00een&#8230; <a href=\"https:\/\/capcs.md\/ru\/rapoarte\/\" class=\"read-more\">Detalii<\/a><\/p>\n","protected":false},"author":11,"featured_media":0,"parent":0,"menu_order":0,"comment_status":"closed","ping_status":"closed","template":"","meta":{"footnotes":""},"class_list":["post-3458","page","type-page","status-publish","hentry"],"translation":{"provider":"WPGlobus","version":"2.10.10","language":"ru","enabled_languages":["ro","ru","en"],"languages":{"ro":{"title":true,"content":true,"excerpt":false},"ru":{"title":false,"content":false,"excerpt":false},"en":{"title":false,"content":false,"excerpt":false}}},"_links":{"self":[{"href":"https:\/\/capcs.md\/ru\/wp-json\/wp\/v2\/pages\/3458"}],"collection":[{"href":"https:\/\/capcs.md\/ru\/wp-json\/wp\/v2\/pages"}],"about":[{"href":"https:\/\/capcs.md\/ru\/wp-json\/wp\/v2\/types\/page"}],"author":[{"embeddable":true,"href":"https:\/\/capcs.md\/ru\/wp-json\/wp\/v2\/users\/11"}],"replies":[{"embeddable":true,"href":"https:\/\/capcs.md\/ru\/wp-json\/wp\/v2\/comments?post=3458"}],"version-history":[{"count":52,"href":"https:\/\/capcs.md\/ru\/wp-json\/wp\/v2\/pages\/3458\/revisions"}],"predecessor-version":[{"id":29522,"href":"https:\/\/capcs.md\/ru\/wp-json\/wp\/v2\/pages\/3458\/revisions\/29522"}],"wp:attachment":[{"href":"https:\/\/capcs.md\/ru\/wp-json\/wp\/v2\/media?parent=3458"}],"curies":[{"name":"wp","href":"https:\/\/api.w.org\/{rel}","templated":true}]}}