{"id":27599,"date":"2025-03-20T08:33:17","date_gmt":"2025-03-20T06:33:17","guid":{"rendered":"https:\/\/capcs.md\/?page_id=27599"},"modified":"2025-09-04T14:46:47","modified_gmt":"2025-09-04T12:46:47","slug":"anunturi-privind-consultarea-pietei","status":"publish","type":"page","link":"https:\/\/capcs.md\/ru\/anunturi-privind-consultarea-pietei\/","title":{"rendered":"ANUN\u021aURI PRIVIND CONSULTAREA PIE\u021aEI"},"content":{"rendered":"<hr \/>\n<p><span style=\"color: #0000ff;\"><strong><a style=\"color: #0000ff;\" href=\"https:\/\/capcs.md\/wp-content\/uploads\/2025\/06\/anunt-privind-consultarea-pietei_scto.signed.pdf\" target=\"_blank\" rel=\"noopener\">ANUN\u021a PRIVIND CONSULTAREA PIE\u021aEI CU REFERIRE LA ACHIZI\u021aIONAREA DISPOZITIVELOR MEDICALE (SISTEM DE HIDROCHIRURGIE)\u00a0 CONFORM NECESIT\u0102\u021aILOR IMSP SPITALUL CLINIC DE TRAUMATOLOGIE \u0218I ORTOPEDIE<\/a><\/strong><\/span><\/p>\n<p><a href=\"https:\/\/zoom.us\/j\/3709827993?pwd=QkY0RFZLN2V6a1oxdDZ3a3ZrRE83dz09&amp;omn=95326146298\" target=\"_blank\" rel=\"noopener\"><span style=\"color: #ff0000;\"><strong>\u0218edin\u021ba online va av<\/strong><strong>ea loc l<\/strong><strong>a<\/strong><strong> data de 23.07.2025, ora 14:00<\/strong><\/span><\/a><\/p>\n<hr \/>\n<p><strong><span style=\"color: #0000ff;\"><a style=\"color: #0000ff;\" href=\"https:\/\/capcs.md\/wp-content\/uploads\/2025\/05\/anunt-privind-consultarea-pietei_usg.signed.pdf\" target=\"_blank\" rel=\"noopener\">ANUN\u021a PRIVIND CONSULTAREA PIE\u021aEI CU REFERIRE LA ACHIZI\u021aIONARE SISTEME ULTRASONOGRAFICE CONFORM NECESIT\u0102\u021aILOR IMSP &#8212; BENEFICIARI PENTRU ANUL 2025<\/a><\/span><\/strong><\/p>\n<p><a href=\"https:\/\/zoom.us\/j\/3709827993?pwd=QkY0RFZLN2V6a1oxdDZ3a3ZrRE83dz09&amp;omn=94786275548#success\" target=\"_blank\" rel=\"noopener\"><span style=\"color: #ff0000;\"><strong>\u0218edin\u021ba online va av<\/strong><strong>ea loc l<\/strong><strong>a<\/strong><strong> data de 15.04.2025, ora 14:00<\/strong><\/span><\/a><\/p>\n<p><span style=\"color: #0000ff;\"><a style=\"color: #0000ff;\" href=\"https:\/\/capcs.md\/wp-content\/uploads\/2025\/05\/rg02-2331-30.04.2025.pdf\" target=\"_blank\" rel=\"noopener\">Rg02-2331 din 30.04.2025<\/a><\/span><\/p>\n<p><a href=\"https:\/\/zoom.us\/j\/3709827993?pwd=QkY0RFZLN2V6a1oxdDZ3a3ZrRE83dz09&amp;omn=94455606057\" target=\"_blank\" rel=\"noopener\"><span style=\"color: #ff0000;\"><strong>\u0218edin\u021ba online va av<\/strong><strong>ea loc l<\/strong><strong>a<\/strong><strong> data de 02.05.2025, ora 14:00<\/strong><\/span><\/a><\/p>\n<hr \/>\n<p><strong><span style=\"color: #0000ff;\">ANUN\u021a PRIVIND CONSULTAREA PIE\u021aEI CU REFERIRE LA <\/span><\/strong><span style=\"color: #0000ff;\"><strong>ACHIZI\u021aIONAREA DISPOZITIVELOR MEDICALE (BODYPLETISMOGRAF)\u00a0 CONFORM NECESIT\u0102\u021aILOR IMSP IP CHIRIL DRAGANIUC<\/strong><\/span><\/p>\n<p><a href=\"https:\/\/zoom.us\/j\/3709827993?pwd=QkY0RFZLN2V6a1oxdDZ3a3ZrRE83dz09&amp;omn=99539019897\" target=\"_blank\" rel=\"noopener\"><span style=\"color: #ff0000;\"><strong>\u0218edin\u021ba online va av<\/strong><strong>ea loc l<\/strong><strong>a<\/strong><strong> data de 30.04.2025, ora 14:00<\/strong><\/span><\/a><\/p>\n<p><a href=\"https:\/\/capcs.md\/wp-content\/uploads\/2025\/06\/raport_body.signed.pdf\" target=\"_blank\" rel=\"noopener\"><strong><span style=\"color: #0000ff;\">RAPORT PRIVIND CONSULTAREA PIE\u021aEI<\/span><\/strong> <\/a><span style=\"color: #0000ff;\">&#8212;<\/span> <span style=\"color: #0000ff;\">publicat la data 06.06.2025<\/span><\/p>\n<hr \/>\n<p><strong><span style=\"color: #0000ff;\"><a style=\"color: #0000ff;\" href=\"https:\/\/capcs.md\/wp-content\/uploads\/2025\/04\/anunt-privind-consultarea-pietei.signed.pdf\" target=\"_blank\" rel=\"noopener\">ANUN\u021a PRIVIND CONSULTAREA PIE\u021aEI CU REFERIRE LA RE-INGINERIA ADAPTIV\u0102 A SISTEMULUI INFORMA\u0162IONAL \u201cTRANSPLANT\u201d LA ARHITECTURA INFORMATIC\u0102 COMUN\u0102 PENTRU SPA\u021aIUL REGISTRULUI MEDICAL<\/a><\/span><\/strong><\/p>\n<p><a href=\"https:\/\/zoom.us\/j\/3709827993?pwd=QkY0RFZLN2V6a1oxdDZ3a3ZrRE83dz09&amp;omn=95421430937#success\" target=\"_blank\" rel=\"noopener\"><span style=\"color: #ff0000;\"><strong>\u0218edin\u021ba online va av<\/strong><strong>ea loc l<\/strong><strong>a<\/strong><strong> data de 24.04.2025, ora 14:00<\/strong><\/span><\/a><\/p>\n<hr \/>\n<p><span style=\"color: #0000ff;\"><a style=\"color: #0000ff;\" href=\"https:\/\/capcs.md\/wp-content\/uploads\/2025\/03\/anunt-privind-consultarea-pietei_exoproteze.signed.pdf\" target=\"_blank\" rel=\"noopener\"><strong>ANUN\u021a PRIVIND CONSULTAREA PIE\u021aEI CU REFERIRE LA ACHIZI\u021aIONAREA EXOPROTEZELOR MAMARE \u0218I ACCESORIILOR, CONFORM NECESIT\u0102\u021aILOR IMSP INSTITUTUL ONCOLOGIC<\/strong><\/a><\/span><\/p>\n<p><a href=\"https:\/\/zoom.us\/j\/3709827993?pwd=QkY0RFZLN2V6a1oxdDZ3a3ZrRE83dz09&amp;omn=97555439396\" target=\"_blank\" rel=\"noopener\"><span style=\"color: #ff0000;\"><strong>\u0218edin\u021ba online va av<\/strong><strong>ea loc l<\/strong><strong>a<\/strong><strong> data de 17.04.2025, ora 14:00<\/strong><\/span><\/a><\/p>\n<hr \/>\n<p><span style=\"color: #0000ff;\"><a style=\"color: #0000ff;\" href=\"https:\/\/capcs.md\/wp-content\/uploads\/2025\/03\/anunt-privind-consultarea-pietei_cryo.signed.pdf\" target=\"_blank\" rel=\"noopener\"><strong>ANUN\u021a PRIVIND CONSULTAREA PIE\u021aEI <span class=\"fontstyle0\">CU REFER<\/span><span class=\"fontstyle0\">I<\/span><span class=\"fontstyle0\">RE LA <\/span>ACHIZI\u021aIONARE <\/strong><strong>PRIVIND CONSUMABILE MEDICALE, KIT-URI PENTRU\u00a0 PROCEDURI DE CRYOABLATIE CONFORM NECESIT\u0102\u021aILOR IMPS\u00a0 INSTITUTUL DE CARDIOLOGIE PENTRU ANUL 2025 (CU OFERTAREA \u00ceN COMODAT A DISPOZITIVULUI MEDICAL)<\/strong><\/a><\/span><\/p>\n<p><span style=\"color: #ff0000;\"><a style=\"color: #ff0000;\" href=\"https:\/\/zoom.us\/j\/3709827993?pwd=QkY0RFZLN2V6a1oxdDZ3a3ZrRE83dz09&amp;omn=93214833565\" target=\"_blank\" rel=\"noopener\"><strong>\u0218edin\u021ba online va av<\/strong><strong>ea loc l<\/strong><strong>a<\/strong><strong> data de 11.04.2025, ora 14:00<\/strong><\/a><\/span><\/p>\n<p><strong><span style=\"color: #0000ff;\"><a style=\"color: #0000ff;\" href=\"https:\/\/capcs.md\/wp-content\/uploads\/2025\/05\/raport_cryo.signed.pdf\" target=\"_blank\" rel=\"noopener\">RAPORT PRIVIND CONSULTAREA PIE\u021aEI<\/a> \u2013 publicat la data 30.05.2025<\/span><\/strong><\/p>\n<hr \/>\n<p><span style=\"color: #0000ff;\"><strong><a style=\"color: #0000ff;\" href=\"https:\/\/capcs.md\/wp-content\/uploads\/2025\/03\/anunt-privind-consultarea-pietei_fluroscopie.signed.pdf\" target=\"_blank\" rel=\"noopener\">ANUN\u021a PRIVIND CONSULTAREA PIE\u021aEI <span class=\"fontstyle0\">CU REFER<\/span><span class=\"fontstyle0\">I<\/span><span class=\"fontstyle0\">RE LA <\/span>ACHIZI\u021aIONARE ACHIZI\u021aIONARE APARATULUI DIGITAL DE RADIOLOGIE CU FLUOROSCOPIE<\/a><\/strong><\/span><\/p>\n<p><a href=\"https:\/\/zoom.us\/j\/3709827993?pwd=QkY0RFZLN2V6a1oxdDZ3a3ZrRE83dz09&amp;omn=91530423040\" target=\"_blank\" rel=\"noopener\"><span style=\"color: #ff0000;\"><strong>\u0218edin\u021ba online va av<\/strong><strong>ea loc l<\/strong><\/span><span style=\"color: #ff0000;\"><strong>a<\/strong><\/span><span style=\"color: #ff0000;\"><strong> data de 16.04.2025, ora 14:00<\/strong><\/span><\/a><\/p>\n<p><a href=\"https:\/\/capcs.md\/wp-content\/uploads\/2025\/05\/raport_consultarea-pietef.signed-1.pdf\" target=\"_blank\" rel=\"noopener\"><strong><span style=\"color: #0000ff;\">RAPORT PRIVIND CONSULTAREA PIE\u021aEI<\/span><\/strong><\/a> <span style=\"color: #0000ff;\">&#8212;<\/span> <span style=\"color: #0000ff;\">publicat la data 20.05.2025<\/span><\/p>\n<hr \/>\n<p><span style=\"color: #0000ff;\"><a style=\"color: #0000ff;\" href=\"https:\/\/capcs.md\/wp-content\/uploads\/2025\/03\/anunt-privind-consultarea-pietei.signed-2.pdf\" target=\"_blank\" rel=\"noopener\"><strong>ANUN\u021a PRIVIND CONSULTAREA PIE\u021aEI <span class=\"fontstyle0\">CU REFER<\/span><span class=\"fontstyle0\">I<\/span><span class=\"fontstyle0\">RE LA <\/span>ACHIZI\u021aIONARE ANALIZATOARE DE TIP \u00ceNCHIS CONFORM NECESIT\u0102\u021aILOR IMSP &#8212; BENEFICIARI PENTRU ANUL 2025<\/strong><\/a><\/span><\/p>\n<p><a href=\"https:\/\/zoom.us\/j\/92140139295?pwd=9Wl7BKYBRA1eu6TtNXbvHeqVivNZya.1\" target=\"_blank\" rel=\"noopener\"><span style=\"color: #ff0000;\"><strong>\u0218edin\u021ba online va av<\/strong><strong>ea loc l<\/strong><\/span><span style=\"color: #ff0000;\"><strong>a<\/strong><\/span><span style=\"color: #ff0000;\"><strong> data de 17.04.2025, ora 13:30<\/strong><\/span><\/a><\/p>\n<hr \/>\n<p><span style=\"color: #0000ff;\"><a style=\"color: #0000ff;\" href=\"https:\/\/capcs.md\/wp-content\/uploads\/2025\/03\/anunt-privind-consultarea-pietei-reagenti.signed.pdf\" target=\"_blank\" rel=\"noopener\"><strong>ANUN\u021a PRIVIND CONSULTAREA PIE\u021aEI <span class=\"fontstyle0\">CU REFER<\/span><span class=\"fontstyle0\">I<\/span><span class=\"fontstyle0\">RE LA <\/span>ACHIZI\u021aIONAREA CENTRALIZAT\u0102 A REAGEN\u021aILOR CONFORM NECESIT\u0102\u021aILOR IMSP &#8212; BENEFICIARI PENTRU ANUL 2025 &#8212; REPETAT<\/strong><\/a><\/span><\/p>\n<p><a href=\"https:\/\/zoom.us\/j\/96701875340?pwd=ewWTTqj4sZIyHPkCp4ahaKuEd5UtEb.1#success\" target=\"_blank\" rel=\"noopener\"><span style=\"color: #ff0000;\"><strong>\u0218edin\u021ba online va av<\/strong><strong>ea loc l<\/strong><\/span><span style=\"color: #ff0000;\"><strong>a<\/strong><\/span><span style=\"color: #ff0000;\"><strong> data de 04.04.2025, ora 13:30<\/strong><\/span><\/a><\/p>\n<p><strong><span style=\"color: #ff0000;\"><a style=\"color: #ff0000;\" href=\"https:\/\/capcs.md\/wp-content\/uploads\/2025\/04\/sinteza.docx\" target=\"_blank\" rel=\"noopener\">Sintez\u0103<\/a><\/span><\/strong><\/p>\n<p><span style=\"color: #0000ff;\"><a style=\"color: #0000ff;\" href=\"https:\/\/capcs.md\/wp-content\/uploads\/2025\/04\/proiect-caiet-de-sarcini-actualizat-22.04.2025.docx\" target=\"_blank\" rel=\"noopener\">Proiect caiet de sarcini Actualizat<\/a><\/span><\/p>\n<hr \/>\n<p><span style=\"color: #0000ff;\"><a style=\"color: #0000ff;\" href=\"https:\/\/capcs.md\/wp-content\/uploads\/2025\/03\/anunt-privind-consultarea-pietei-materiale-de-sutura.signed.pdf\" target=\"_blank\" rel=\"noopener\"><strong>ANUN\u021a PRIVIND CONSULTAREA PIE\u021aEI <span class=\"fontstyle0\">CU REFER<\/span><span class=\"fontstyle0\">I<\/span><span class=\"fontstyle0\">RE LA <\/span>ACHIZI\u021aIONAREA CENTRALIZAT\u0102 A MATERIALELOR DE SUTUR\u0102 CONFORM NECESIT\u0102\u021aILOR IMSP &#8212; BENEFICIARI PENTRU ANUL 2025- REPETAT 2<\/strong><\/a><\/span><\/p>\n<p><a href=\"https:\/\/zoom.us\/j\/97748912279?pwd=6FWSPBrwaSBxqtSn0G2XNDaaDFBpk3.1#success\" target=\"_blank\" rel=\"noopener\"><span style=\"color: #ff0000;\"><strong>\u0218edin\u021ba online va av<\/strong><strong>ea loc l<\/strong><\/span><span style=\"color: #ff0000;\"><strong>a<\/strong><\/span><span style=\"color: #ff0000;\"><strong> data de 03.04.2025, ora 13:30<\/strong><\/span><\/a><\/p>\n<p><a href=\"https:\/\/capcs.md\/wp-content\/uploads\/2025\/06\/raport-materiale-de-sutura.signed.pdf\" target=\"_blank\" rel=\"noopener\"><strong><span style=\"color: #0000ff;\">RAPORT PRIVIND CONSULTAREA PIE\u021aEI<\/span><\/strong><\/a> <span style=\"color: #0000ff;\">&#8212;<\/span> <span style=\"color: #0000ff;\">publicat la data 09.06.2025<\/span><\/p>\n<hr \/>\n<p><span style=\"color: #0000ff;\"><a style=\"color: #0000ff;\" href=\"https:\/\/capcs.md\/wp-content\/uploads\/2025\/03\/anunt-privind-consultarea-pietei.signed-3.pdf\" target=\"_blank\" rel=\"noopener\"><strong>ANUN\u021a PRIVIND CONSULTAREA PIE\u021aEI <span class=\"fontstyle0\">CU REFER<\/span><span class=\"fontstyle0\">I<\/span><span class=\"fontstyle0\">RE LA <\/span>ACHIZI\u021aIONAREA\u00a0TOXINULUI STAFILOCOCIC \u0218I STANDARDULUI ANTI ALFA-STAFILOLIZIN PENTRU NECESIT\u0102\u021aILE CENTRULUI NA\u021aIONAL DE TRANSFUZIE A S\u00c2NGELUI<\/strong><\/a><\/span><\/p>\n<p><a href=\"https:\/\/zoom.us\/j\/3709827993?pwd=QkY0RFZLN2V6a1oxdDZ3a3ZrRE83dz09&amp;omn=96878600200\" target=\"_blank\" rel=\"noopener\"><span style=\"color: #ff0000;\"><strong>\u0218edin\u021ba online va av<\/strong><strong>ea loc l<\/strong><\/span><span style=\"color: #ff0000;\"><strong>a<\/strong><\/span><span style=\"color: #ff0000;\"><strong> data de 10.04.2025, ora 10:00<\/strong><\/span><\/a><\/p>\n<hr \/>\n<p><strong><span style=\"color: #0000ff;\"><a style=\"color: #0000ff;\" href=\"https:\/\/capcs.md\/wp-content\/uploads\/2025\/03\/anunt-privind-consultarea-pietei_irm.signed.pdf\" target=\"_blank\" rel=\"noopener\">ANUN\u021a PRIVIND CONSULTAREA PIE\u021aEI <span class=\"fontstyle0\">CU REFER<\/span><span class=\"fontstyle0\">I<\/span><span class=\"fontstyle0\">RE LA <\/span>ACHIZI\u021aIONAREA DISPOZITIVELOR MEDICALE COMPATIBILE CU IRM 1,5TESLA \u0218I 3 TESLA<\/a><\/span><\/strong><\/p>\n<p><a href=\"https:\/\/zoom.us\/j\/3709827993?pwd=QkY0RFZLN2V6a1oxdDZ3a3ZrRE83dz09&amp;omn=96779915630\" target=\"_blank\" rel=\"noopener\"><span style=\"color: #ff0000;\"><strong>\u0218edin\u021ba online va av<\/strong><strong>ea loc l<\/strong><\/span><span style=\"color: #ff0000;\"><strong>a<\/strong><\/span><span style=\"color: #ff0000;\"><strong> data de 10.04.2025, ora 14:00<\/strong><\/span><\/a><\/p>\n<hr \/>\n<p><a href=\"https:\/\/capcs.md\/wp-content\/uploads\/2025\/03\/anunt-privind-consultarea-pietei_brat-u.signed.pdf\" target=\"_blank\" rel=\"noopener\"><span style=\"color: #0000ff;\"><strong>ANUN\u021a PRIVIND CONSULTAREA PIE\u021aEI <span class=\"fontstyle0\">CU REFERIRE LA <\/span>ACHIZI\u021aIONAREA <\/strong><strong><u>DISPOZITIVELOR MEDICALE (SISTEM RADIOLOGIC CU BRA\u021a U) CONFORM NECESIT\u0102\u021aILOR IMSP ASOCIA\u021aIA MEDICAL\u0102 TERITORIAL\u0102 R\u00c2\u0218CANI<\/u><\/strong><\/span><\/a><\/p>\n<p><a href=\"https:\/\/zoom.us\/j\/3709827993?pwd=QkY0RFZLN2V6a1oxdDZ3a3ZrRE83dz09&amp;omn=97576642512\" target=\"_blank\" rel=\"noopener\"><span style=\"color: #ff0000;\"><strong>\u0218edin\u021ba online va av<\/strong><strong>ea loc l<\/strong><\/span><span style=\"color: #ff0000;\"><strong>a<\/strong><\/span><span style=\"color: #ff0000;\"><strong> data de 09.04.2025, ora 14:00<\/strong><\/span><\/a><\/p>\n<p><strong><span style=\"color: #0000ff;\"><a style=\"color: #0000ff;\" href=\"https:\/\/capcs.md\/wp-content\/uploads\/2025\/04\/raport_amt_r.signed.pdf\" target=\"_blank\" rel=\"noopener\">RAPORT PRIVIND CONSULTAREA PIE\u021aEI<\/a><\/span><\/strong> <span style=\"color: #0000ff;\">&#8212;<\/span> <span style=\"color: #0000ff;\">publicat la data 11.04.2025<\/span><\/p>\n<hr \/>\n<p><span style=\"color: #0000ff;\"><a style=\"color: #0000ff;\" href=\"https:\/\/capcs.md\/wp-content\/uploads\/2025\/03\/anunt-privind-consultarea-pietei.signed.pdf\" target=\"_blank\" rel=\"noopener\"><strong>ANUN\u021a PRIVIND CONSULTAREA PIE\u021aEI <span class=\"fontstyle0\">CU REFERIRE LA <\/span>ACHIZI\u021aIONAREA <\/strong><strong>DEZINFECTAN\u021aI PENTRU ANUL 2026<\/strong><\/a><\/span><\/p>\n<p><a href=\"https:\/\/zoom.us\/j\/3709827993?pwd=QkY0RFZLN2V6a1oxdDZ3a3ZrRE83dz09&amp;omn=95381734878\" target=\"_blank\" rel=\"noopener\"><span style=\"color: #ff0000;\"><strong>\u0218edin\u021ba online va av<\/strong><strong>ea loc l<\/strong><\/span><span style=\"color: #ff0000;\"><strong>a<\/strong><\/span><span style=\"color: #ff0000;\"><strong> data de 27.03.2025, ora 13:30<\/strong><\/span><\/a><\/p>\n<p><strong><span style=\"color: #0000ff;\"><a style=\"color: #0000ff;\" href=\"https:\/\/capcs.md\/wp-content\/uploads\/2025\/03\/sinteza-operator-1.pdf\" target=\"_blank\" rel=\"noopener\">Sinteza operator 1<\/a><\/span><\/strong><\/p>\n<p><strong><span style=\"color: #0000ff;\"><a style=\"color: #0000ff;\" href=\"https:\/\/capcs.md\/wp-content\/uploads\/2025\/03\/sinteza-operator-2.pdf\" target=\"_blank\" rel=\"noopener\">Sinteza operator 2<\/a><\/span><\/strong><\/p>\n<p><strong><span style=\"color: #0000ff;\"><a style=\"color: #0000ff;\" href=\"https:\/\/capcs.md\/wp-content\/uploads\/2025\/03\/sinteza-operator-3.pdf\" target=\"_blank\" rel=\"noopener\">Sinteza operator 3<\/a><\/span><\/strong><\/p>\n<p><strong><span style=\"color: #0000ff;\"><a style=\"color: #0000ff;\" href=\"https:\/\/capcs.md\/wp-content\/uploads\/2025\/03\/sinteza-operator-4.pdf\" target=\"_blank\" rel=\"noopener\">Sinteza operator 4<\/a><\/span><\/strong><\/p>\n<p><a href=\"https:\/\/capcs.md\/wp-content\/uploads\/2025\/03\/sinteza-totala-28.03.2025-1.xlsx\" target=\"_blank\" rel=\"noopener\"><strong><span style=\"color: #0000ff;\">Sinteza total\u0103 din 28.03.2025<\/span><\/strong><\/a><\/p>\n<p><a href=\"https:\/\/capcs.md\/wp-content\/uploads\/2025\/03\/proiect-caiet-de-sarcini-rectificat-urmare-a-consultarii-publice-1.pdf\" target=\"_blank\" rel=\"noopener\"><span style=\"color: #ff0000;\"><strong>Caiet de sarcini rectificat din 28.03.2025<\/strong><\/span><\/a><\/p>\n<hr \/>\n<p><span style=\"color: #0000ff;\"><a style=\"color: #0000ff;\" href=\"https:\/\/capcs.md\/wp-content\/uploads\/2025\/02\/anunt-privind-consultarea-pietei.doc\" target=\"_blank\" rel=\"noopener\"><strong><span class=\"fontstyle0\">ANUN\u021a PRIVIND CONSULTAREA PIE\u021aEI CU REFERIRE LA <\/span>ACHIZI\u021aIONAREA Dispozitivelor medicale conform necesit\u0103\u021bilor IMSP Institutul de Medicin\u0103 Urgent\u0103<\/strong><\/a><\/span><\/p>\n<p><a href=\"https:\/\/zoom.us\/j\/3709827993?pwd=QkY0RFZLN2V6a1oxdDZ3a3ZrRE83dz09&amp;omn=93566961786\" target=\"_blank\" rel=\"noopener\"><span style=\"color: #ff0000;\"><strong>\u0218edin\u021ba online va av<\/strong><strong>ea loc la data de 05.03.2025, ora 15:00<\/strong><\/span><\/a><\/p>\n<p><a href=\"https:\/\/capcs.md\/wp-content\/uploads\/2025\/05\/raport-imu.signed.pdf\" target=\"_blank\" rel=\"noopener\"><strong><span style=\"color: #0000ff;\">RAPORT<\/span><\/strong><\/a><\/p>\n<hr \/>\n<p><span style=\"color: #0000ff;\"><strong><a style=\"color: #0000ff;\" href=\"https:\/\/capcs.md\/wp-content\/uploads\/2025\/02\/anunt-privind-consultarea-pietei.signed.pdf\" target=\"_blank\" rel=\"noopener\"><span class=\"fontstyle0\"> ANUN\u021a PRIVIND CONSULTAREA PIE\u021aEI CU REFERIRE LA <\/span>ACHIZI\u021aIONAREA TESTELOR PENTRU INSAMINTARE LA MICOPLASMA SI UREOPLASMA CONFORM NECESIT\u0102\u021aILOR IMSP SPITALUL CLINIC DE BOLI INFEC\u021aIOASE TOMA CIORB\u0102 PENTRU ANUL 2025<\/a><\/strong><\/span><\/p>\n<p><span style=\"color: #ff0000;\"><a style=\"color: #ff0000;\" href=\"https:\/\/zoom.us\/j\/98408142855?pwd=Xe3ARpR64ulZdwotPPK0QUkNSzYmTG.1\" target=\"_blank\" rel=\"noopener\"><strong>\u0218edin\u021ba online va av<\/strong><strong>ea loc la data de 05.03.2025, ora 14:00<\/strong><\/a><\/span><\/p>\n<p><a href=\"https:\/\/capcs.md\/wp-content\/uploads\/2025\/03\/raport.pdf\" target=\"_blank\" rel=\"noopener\"><strong><span style=\"color: #0000ff;\">RAPORT<\/span><\/strong><\/a><\/p>\n<hr \/>\n<p><span style=\"color: #0000ff;\"><a style=\"color: #0000ff;\" href=\"https:\/\/capcs.md\/wp-content\/uploads\/2025\/01\/anunt-privind-consultarea-pietei.signed.pdf\" target=\"_blank\" rel=\"noopener\"><strong><span class=\"fontstyle0\"> ANUN\u021a PRIVIND CONSULTAREA PIE\u021aEI CU REFERIRE LA ACHIZI\u021aIONAREA ACCELERATOR MEDICAL LINIAR 6 MV<\/span><\/strong><\/a><\/span><\/p>\n<p><a href=\"https:\/\/zoom.us\/j\/3709827993?pwd=QkY0RFZLN2V6a1oxdDZ3a3ZrRE83dz09&amp;omn=97473703709\" target=\"_blank\" rel=\"noopener\"><strong><span style=\"color: #ff0000;\">\u0218edin\u021ba online va avea loc la data de 03.02.2025 ora 14:00<\/span><\/strong><\/a><\/p>\n<p><strong><span style=\"color: #ff0000;\"><a style=\"color: #ff0000;\" href=\"https:\/\/capcs.md\/wp-content\/uploads\/2025\/02\/rg02-469-07.02.2025.pdf\" target=\"_blank\" rel=\"noopener\"><span class=\"fontstyle0\">Cea de a doua \u0219edin\u021b\u0103 online organizat\u0103 \u00een scopul consult\u0103rii pie\u021bei, \u00een vederea preg\u0103tirii achizi\u021biei privind <span class=\"fontstyle2\">achizi\u021bionarea accelerator medical liniar 6 MV conform necesit\u0103\u021bilor IMSP Institutul Oncologic<\/span><\/span><\/a><\/span><\/strong><\/p>\n<p><span style=\"color: #0000ff;\"><strong><a style=\"color: #0000ff;\" href=\"https:\/\/capcs.md\/wp-content\/uploads\/2025\/03\/raport_pentru-publicare.signed.pdf\" target=\"_blank\" rel=\"noopener\"><span class=\"fontstyle0\">RAPORT PRIVIND CONSULTAREA PIE\u021aEI<\/span><\/a><\/strong><\/span><\/p>\n","protected":false},"excerpt":{"rendered":"<p>ANUN\u021a PRIVIND CONSULTAREA PIE\u021aEI CU REFERIRE LA ACHIZI\u021aIONAREA DISPOZITIVELOR MEDICALE (SISTEM DE HIDROCHIRURGIE)\u00a0 CONFORM NECESIT\u0102\u021aILOR IMSP SPITALUL CLINIC DE TRAUMATOLOGIE \u0218I ORTOPEDIE \u0218edin\u021ba online va avea loc la data de 23.07.2025, ora 14:00 ANUN\u021a PRIVIND CONSULTAREA PIE\u021aEI CU REFERIRE LA&#8230; <a href=\"https:\/\/capcs.md\/ru\/anunturi-privind-consultarea-pietei\/\" class=\"read-more\">Detalii<\/a><\/p>\n","protected":false},"author":9,"featured_media":0,"parent":0,"menu_order":0,"comment_status":"closed","ping_status":"closed","template":"","meta":{"footnotes":""},"class_list":["post-27599","page","type-page","status-publish","hentry"],"translation":{"provider":"WPGlobus","version":"2.10.10","language":"ru","enabled_languages":["ro","ru","en"],"languages":{"ro":{"title":true,"content":true,"excerpt":false},"ru":{"title":false,"content":false,"excerpt":false},"en":{"title":false,"content":false,"excerpt":false}}},"_links":{"self":[{"href":"https:\/\/capcs.md\/ru\/wp-json\/wp\/v2\/pages\/27599"}],"collection":[{"href":"https:\/\/capcs.md\/ru\/wp-json\/wp\/v2\/pages"}],"about":[{"href":"https:\/\/capcs.md\/ru\/wp-json\/wp\/v2\/types\/page"}],"author":[{"embeddable":true,"href":"https:\/\/capcs.md\/ru\/wp-json\/wp\/v2\/users\/9"}],"replies":[{"embeddable":true,"href":"https:\/\/capcs.md\/ru\/wp-json\/wp\/v2\/comments?post=27599"}],"version-history":[{"count":29,"href":"https:\/\/capcs.md\/ru\/wp-json\/wp\/v2\/pages\/27599\/revisions"}],"predecessor-version":[{"id":29097,"href":"https:\/\/capcs.md\/ru\/wp-json\/wp\/v2\/pages\/27599\/revisions\/29097"}],"wp:attachment":[{"href":"https:\/\/capcs.md\/ru\/wp-json\/wp\/v2\/media?parent=27599"}],"curies":[{"name":"wp","href":"https:\/\/api.w.org\/{rel}","templated":true}]}}