{"id":204,"date":"2016-10-22T11:45:07","date_gmt":"2016-10-22T09:45:07","guid":{"rendered":"http:\/\/172.19.42.113\/wordpress\/?page_id=204"},"modified":"2025-06-19T09:10:36","modified_gmt":"2025-06-19T07:10:36","slug":"ordine-ale-ministerului-sanatatii","status":"publish","type":"page","link":"https:\/\/capcs.md\/ru\/ordine-ale-ministerului-sanatatii\/","title":{"rendered":"Ordine"},"content":{"rendered":"<ul>\n<li><span style=\"color: #0000ff;\"><a style=\"color: #0000ff;\" href=\"https:\/\/capcs.md\/wp-content\/uploads\/2025\/06\/ord.-ms-nr.-630_23.07.2024_achizitii.pdf\" target=\"_blank\" rel=\"noopener\">Ordin nr. 630 din 23.07.2024 Cu privire la organizarea achizi\u021biilor publice de bunuri \u0219i servicii pentru necesit\u0103\u021bile sistemului de s\u0103n\u0103tate.<\/a><\/span><\/li>\n<\/ul>\n<hr \/>\n<ul>\n<li><a href=\"https:\/\/capcs.md\/wp-content\/uploads\/2021\/12\/Ordin-MS-nr.-1195-din-22.12.2021-Analogi-de-insulina-Aspartum.pdf\"><span style=\"color: #0000ff;\">Ordin nr. 1195 din 22.12.2021 \u201dCu privire la distribuirea analogilor de insulin\u0103 uman\u0103 procurat centralizat\u201d<\/span><\/a><\/li>\n<\/ul>\n<hr \/>\n<ul>\n<li style=\"text-align: left;\"><span style=\"color: #0000ff;\"><a style=\"color: #0000ff;\" href=\"https:\/\/capcs.md\/wp-content\/uploads\/2016\/10\/Dispozitie-nr.-312-din-30.04.2021.pdf\">Dispozitie nr. 312-d din data de 30.04.2021 cu privire la redistribuirea preparatelor procurate centralizat<\/a><\/span><br \/>\n<hr \/>\n<\/li>\n<\/ul>\n<ul>\n<li style=\"text-align: left;\"><a href=\"https:\/\/capcs.md\/wp-content\/uploads\/2016\/10\/Dispozitie-nr.-304-din-29.04.2021.pdf\"><span style=\"color: #0000ff;\">Dispozitie nr. 304-d din data de 27.04.2021 cu privire la redistribuirea preparatelor procurate centralizat<\/span><\/a><br \/>\n<hr \/>\n<\/li>\n<li style=\"text-align: left;\"><a href=\"https:\/\/capcs.md\/wp-content\/uploads\/2016\/10\/Dispozitie-nr.-300-din-27.04.2021.pdf\"><span style=\"color: #0000ff;\">Dispozitie nr. 300-d din data de 27.04.2021 cu privire la redistribuirea preparatelor procurate centralizat<\/span><\/a><br \/>\n<hr \/>\n<\/li>\n<li style=\"text-align: left;\"><a href=\"https:\/\/capcs.md\/wp-content\/uploads\/2016\/10\/Dispozitie-nr.-286-din-23.04.2021.pdf\"><span style=\"color: #0000ff;\">Dispozitie nr. 286-d din data de 23.04.2021 cu privire la redistribuirea preparatelor procurate centralizat<\/span><\/a><br \/>\n<hr \/>\n<\/li>\n<li style=\"text-align: left;\"><a href=\"https:\/\/capcs.md\/wp-content\/uploads\/2016\/10\/Rg01-1356.pdf\"><span style=\"color: #0000ff;\">Dispozitie nr. 279-d din data de 22.04.2021 cu privire la redistribuirea\u00a0analogilor de insulin\u0103<\/span><\/a><br \/>\n<hr \/>\n<\/li>\n<li style=\"text-align: left;\"><a href=\"https:\/\/capcs.md\/wp-content\/uploads\/2016\/10\/Dispozitia-MSMPS-nr.-243-d_14.04.2021.pdf\"><span style=\"color: #0000ff;\">Dispozitie nr. 243-d din data de 14.04.2021 cu privire la redistribuirea\u00a0analogilor de insulin\u0103<\/span><\/a><br \/>\n<hr \/>\n<\/li>\n<li style=\"text-align: left;\"><a href=\"https:\/\/capcs.md\/wp-content\/uploads\/2016\/10\/Rg01-1144-pu-publicare.pdf\"><span style=\"color: #0000ff;\">Dispozitie nr. 215-d din data de 05.04.2021 cu privire la redistribuirea\u00a0analogilor de insulin\u0103<\/span><\/a><br \/>\n<hr \/>\n<\/li>\n<li style=\"text-align: left;\"><a href=\"https:\/\/capcs.md\/wp-content\/uploads\/2016\/10\/Rg01-1107.pdf\"><span style=\"color: #0000ff;\">Dispozitie nr. 210-d din data de 01.04.2021 cu privire la redistribuirea\u00a0analogilor de insulin\u0103<\/span><\/a><br \/>\n<hr \/>\n<\/li>\n<li style=\"text-align: left;\"><a href=\"https:\/\/capcs.md\/wp-content\/uploads\/2016\/10\/Ordin-255-din-25-martie-2021-Distribuire-medicamente-si-pansamente-Epidermoliza-buloasa-2021.pdf\"><span style=\"color: #0000ff;\">Ordin\u00a0Ministerului, S\u0103n\u0103t\u0103\u021bii,\u00a0Muncii \u0219i Protec\u021biei Sociale\u00a0nr. 225 din25.03.2021 cu privire la distribuirea medicamentelor \u0219i pansamentelor pentru pacien\u021bii diagnostica\u021bi cu Epidermoliza Buloas\u0103<\/span><\/a><br \/>\n<hr \/>\n<p><span style=\"color: #0000ff;\">\u00a0<\/span><a href=\"https:\/\/capcs.md\/wp-content\/uploads\/2016\/10\/SKMBT_22321031512180.pdf\"><span style=\"color: #0000ff;\">Ordin\u00a0Ministerului, S\u0103n\u0103t\u0103\u021bii,\u00a0Muncii \u0219i Protec\u021biei Sociale\u00a0nr.125-d din 09.03.2021 cu privire la redistribuirea analogilor de insulin\u0103 uman\u0103 procura\u021bi centralizat(Diabet zaharat)<\/span><\/a><\/p>\n<hr \/>\n<p><a href=\"https:\/\/capcs.md\/wp-content\/uploads\/2016\/10\/SodaPDF-merged-Merging-Result.pdf\"><span style=\"color: #0000ff;\">Informa\u021bie privind imposibilitatea de a recep\u021biona medicamentele cu con\u021binut de substan\u021be stupefiante de c\u0103tre IMSP CS S\u00e2ngerei<\/span><\/a><\/p>\n<hr \/>\n<\/li>\n<li style=\"text-align: left;\"><a href=\"https:\/\/capcs.md\/wp-content\/uploads\/2016\/10\/2617_210219140623_001_compressed.pdf\"><span style=\"color: #0000ff;\">Ordin\u00a0Ministerului, S\u0103n\u0103t\u0103\u021bii,\u00a0Muncii \u0219i Protec\u021biei Sociale\u00a0nr.13 din\u00a019.01.2021 cu privire la distribuirea analogilor de insulin\u0103 uman\u0103 procura\u021bi centralizat(Diabet zaharat)<\/span><\/a><br \/>\n<hr \/>\n<\/li>\n<li style=\"text-align: left;\"><span style=\"color: #0000ff;\"><a style=\"color: #0000ff;\" href=\"https:\/\/capcs.md\/wp-content\/uploads\/2016\/10\/Ordin-nr.-1113-01.12.2020-Vermor-20.pdf\">Ordin nr. 1113 din data de 01.12.2020 cu privire la\u00a0modificarea anexei nr. 1 la ordinul nr. 567 din 18.06.2020<\/a>\u00a0(preparat Vermor-20)<\/span><br \/>\n<hr \/>\n<\/li>\n<li style=\"text-align: left;\"><a href=\"https:\/\/capcs.md\/wp-content\/uploads\/2016\/10\/SKMBT_22320113014060.pdf\"><span style=\"color: #0000ff;\">Dispozitie nr. 570-d din data de 27.11.2020\u00a0cu privire la redistribuirea preparatelor medicamentoase procurate centralizat<\/span><\/a><br \/>\n<hr \/>\n<\/li>\n<li style=\"text-align: left;\"><a href=\"https:\/\/capcs.md\/wp-content\/uploads\/2016\/10\/Ord.-1106-27.11.20-Contraceptive-2021_compressed.pdf\"><span style=\"color: #0000ff;\">Ordin nr. 1106 din data de\u00a027.11.2020 cu privire la distribuirea preparatelor medicamentoase\u00a0contraceptive procurate centralizat pentru anul 2021<\/span><\/a><br \/>\n<hr \/>\n<\/li>\n<li style=\"text-align: left;\"><a href=\"https:\/\/capcs.md\/wp-content\/uploads\/2016\/10\/Ord.-1105-27.11.20-Cancer-2021_compressed.pdf\"><span style=\"color: #0000ff;\">Ordin nr. 1105 din data de\u00a027.11.2020 cu privire la distribuirea preparatelor medicamentoase procurate centralizat\u00a0\u00een cadrul Programului Na\u021bional de control al cancerului pentru anul 2021<\/span><\/a><br \/>\n<hr \/>\n<\/li>\n<li style=\"text-align: left;\"><a href=\"https:\/\/capcs.md\/wp-content\/uploads\/2016\/10\/Ordin-1081-din-20.11.2020-PN-B.-Addison.pdf\"><span style=\"color: #0000ff;\">Ordin nr. 1081 din data de 20.11.2020 cu privire la distribuirea preparatelor medicamentoase procurate centralizat pentru tratamentul pacientilor cu Boala Addison<\/span><\/a><br \/>\n<hr \/>\n<\/li>\n<li style=\"text-align: left;\"><a href=\"https:\/\/capcs.md\/wp-content\/uploads\/2016\/10\/Redistribuire-Omnopon.pdf\"><span style=\"color: #0000ff;\"><span style=\"color: #0000ff;\">Dispozi\u021bia Ministerului, S\u0103n\u0103t\u0103\u021bii, Muncii \u0219i Protec\u021biei Sociale nr. 551-d din 18.11.2020 cu privire la redistribuirea preparatelor analgezice opioide (Combaterea cancerului)<\/span><\/span><\/a><br \/>\n<hr \/>\n<\/li>\n<li style=\"text-align: left;\"><a href=\"https:\/\/capcs.md\/wp-content\/uploads\/2016\/10\/Ord.-nr.-980-din-30.10.2020-Scan-II_compressed.pdf\"><span style=\"color: #0000ff;\"><span style=\"color: #0000ff;\">Ordin cu privire la distribuirea preparatelor procurate centralizat nr. 980 din data de 30.10.2020 (Combaterea cancerului)<\/span><\/span><\/a><br \/>\n<hr \/>\n<\/li>\n<li style=\"text-align: left;\"><a href=\"https:\/\/capcs.md\/wp-content\/uploads\/2016\/10\/Ordin-distribuire-Desmopresina-2021.pdf\"><span style=\"color: #0000ff;\">Dispozi\u021bia Ministerului, S\u0103n\u0103t\u0103\u021bii, Muncii \u0219i Protec\u021biei Sociale nr. 1015-d din 04.11.2020\u00a0cu privire la redistribuirea preparatelor\u00a0medicamentoase pentru tratamentul pacien\u021bilor\u00a0 cu Diabet Insipid.<\/span><\/a><br \/>\n<hr \/>\n<\/li>\n<li style=\"text-align: left;\"><a href=\"https:\/\/capcs.md\/wp-content\/uploads\/2016\/10\/Dispozi--ie.pdf\"><span style=\"color: #0000ff;\">Dispozi\u021bia Ministerului, S\u0103n\u0103t\u0103\u021bii, Muncii \u0219i Protec\u021biei Sociale nr. 502-d din 29.10.2020\u00a0cu privire la redistribuirea preparatelor analgezice opioide (Combaterea cancerului)<\/span><\/a><br \/>\n<hr \/>\n<\/li>\n<li style=\"text-align: left;\"><a href=\"https:\/\/capcs.md\/wp-content\/uploads\/2016\/10\/Dispozitie-nr.-502-din-27.10.2020.pdf\"><span style=\"color: #0000ff;\">Dispozi\u021bia Ministerului, S\u0103n\u0103t\u0103\u021bii, Muncii \u0219i Protec\u021biei Sociale nr. 502-d din 27.10.2020\u00a0cu privire la redistribuirea preparatelor analgezice opioide (Combaterea cancerului)<\/span><\/a><br \/>\n<hr \/>\n<\/li>\n<li style=\"text-align: left;\"><a href=\"https:\/\/capcs.md\/wp-content\/uploads\/2016\/10\/ORD.926-din07.10.2020.pdf\"><span style=\"color: #0000ff;\">Dispozi\u021bia Ministerului, S\u0103n\u0103t\u0103\u021bii, Muncii \u0219i Protec\u021biei Sociale nr.\u00a0926 din 07.10.2020\u00a0 cu privire la distribu\u021bia preparatelor medicamentoase procurate centralizat (S\u0103n\u0103tatea Mintal\u0103)<\/span><\/a><br \/>\n<hr \/>\n<\/li>\n<li style=\"text-align: left;\"><a href=\"https:\/\/capcs.md\/wp-content\/uploads\/2016\/10\/Rg01-3491.pdf\"><span style=\"color: #0000ff;\">Dispozi\u021bia Ministerului, S\u0103n\u0103t\u0103\u021bii, Muncii \u0219i Protec\u021biei Sociale nr. 402-d din 15.09.2020\u00a0cu privire la redistribuirea\u00a0medicamentelor procurate centralizat (Diabet zaharat)<\/span><\/a><br \/>\n<hr \/>\n<\/li>\n<li style=\"text-align: left;\"><a href=\"https:\/\/capcs.md\/wp-content\/uploads\/2016\/10\/Rg01-3441.pdf\"><span style=\"color: #0000ff;\">Dispozi\u021bia Ministerului, S\u0103n\u0103t\u0103\u021bii, Muncii \u0219i Protec\u021biei Sociale nr. 394-d din 11.09.2020\u00a0cu privire la redistribuirea\u00a0preparatelor analgezice opioide\u00a0(Combaterea cancerului)<\/span><\/a><br \/>\n<hr \/>\n<\/li>\n<li style=\"text-align: left;\"><a href=\"https:\/\/capcs.md\/wp-content\/uploads\/2016\/10\/Dispozitie-nr.-374-din-02.09.2020-kopiya.pdf\"><span style=\"color: #0000ff;\">Dispozi\u021bia Ministerului, S\u0103n\u0103t\u0103\u021bii, Muncii \u0219i Protec\u021biei Sociale nr. 374-d din 02.09.2020\u00a0cu privire la redistribuirea\u00a0preparatelor analgezice opioide\u00a0(Combaterea cancerului)<\/span><\/a><br \/>\n<hr \/>\n<\/li>\n<li style=\"text-align: left;\"><span style=\"color: #0000ff;\"><a style=\"color: #0000ff;\" href=\"https:\/\/capcs.md\/wp-content\/uploads\/2016\/10\/Dispozitie-nr.-312-din-20.07.2020.pdf\" target=\"_blank\" rel=\"noopener\">Dispozi\u021bia Ministerului, S\u0103n\u0103t\u0103\u021bii, Muncii \u0219i Protec\u021biei Sociale nr. 320-d din\u00a024.07.2020\u00a0cu privire la redistribuirea analogilor de insulin\u0103 procura\u021bi centralizat (Diabet zaharat)<\/a><\/span><br \/>\n<hr \/>\n<\/li>\n<li style=\"text-align: left;\"><a href=\"https:\/\/capcs.md\/wp-content\/uploads\/2016\/10\/Dispozitie-nr.-312-din-20.07.2020.pdf\"><span style=\"color: #0000ff;\">Dispozi\u021bia Ministerului, S\u0103n\u0103t\u0103\u021bii, Muncii \u0219i Protec\u021biei Sociale nr. 312-d din\u00a020.07.2020\u00a0cu privire la redistribuirea preparatelor\u00a0analgezice opioide<\/span><\/a><br \/>\n<hr \/>\n<\/li>\n<li style=\"text-align: left;\"><a href=\"https:\/\/capcs.md\/wp-content\/uploads\/2016\/10\/Ordin-de-distributie-opioide_compressed.pdf\"><span style=\"color: #0000ff;\">Ordin Ministerului, S\u0103n\u0103t\u0103\u021bii, Muncii \u0219i Protec\u021biei Sociale nr. 567 din 18.06.2020 cu privire la redistribuirea preparatelor\u00a0(Preparate analgezice)<\/span><\/a><br \/>\n<hr \/>\n<\/li>\n<li style=\"text-align: left;\"><span style=\"color: #0000ff;\"><span style=\"color: #0000ff;\"><a style=\"color: #0000ff;\" href=\"https:\/\/capcs.md\/wp-content\/uploads\/2016\/10\/1588238425147_Ordin-Apidra-rectificare1.pdf\">Ordin Ministerului, S\u0103n\u0103t\u0103\u021bii, Muncii \u0219i Protec\u021biei Sociale nr. 400 din 15.04.2020 cu privire la redistribuirea preparatelor medicamentoase procurate centralizat (Insulinum glulisinum)<\/a><\/span><\/span><br \/>\n<hr \/>\n<\/li>\n<li style=\"text-align: left;\"><span style=\"color: #0000ff;\"><span style=\"color: #0000ff;\"><a style=\"color: #0000ff;\" href=\"https:\/\/capcs.md\/wp-content\/uploads\/2016\/10\/Ordin-MSMPS-nr-386-din-09-aprilie-2020-redistrib-Apidra.pdf\">Ordin Ministerului, S\u0103n\u0103t\u0103\u021bii, Muncii \u0219i Protec\u021biei Sociale nr. 386 din 09.04.2020 cu privire la redistribuirea preparatelor medicamentoase procurate centralizat (Insulinum glulisinum)<\/a><\/span><\/span><br \/>\n<hr \/>\n<\/li>\n<li style=\"text-align: left;\"><span style=\"color: #0000ff;\"><span style=\"color: #0000ff;\"><a style=\"color: #0000ff;\" href=\"https:\/\/capcs.md\/wp-content\/uploads\/2020\/02\/Ordin de distribu\u021bie_insuline.pdf\">Ordin\u00a0Ministerului, S\u0103n\u0103t\u0103\u021bii,\u00a0Muncii \u0219i Protec\u021biei Sociale\u00a0nr.109 din\u00a003.02.2020\u00a0cu privire la distribuirea analogilor de insulin\u0103 procura\u021bi centralizat(Diabet zaharat)<\/a><\/span><\/span><br \/>\n<hr \/>\n<\/li>\n<li style=\"text-align: left;\"><span style=\"color: #0000ff;\"><a style=\"color: #0000ff;\" href=\"https:\/\/capcs.md\/wp-content\/uploads\/2016\/10\/Distribuire-analogilor-de-insulin---pentru-anul-2020.pdf\">Distribuirea analogilor de insulin\u0103 pentru anul 2020<\/a><\/span><br \/>\n<hr \/>\n<\/li>\n<li style=\"text-align: left;\"><span style=\"color: #0000ff;\"><a style=\"color: #0000ff;\" href=\"https:\/\/capcs.md\/wp-content\/uploads\/2016\/10\/Ordin-de-distribu--ie-Cancer_compressed.pdf\">Ordin Ministerului, S\u0103n\u0103t\u0103\u021bii,\u00a0Muncii \u0219i Protec\u021biei Sociale\u00a0nr. 75 din\u00a024.01.2020 cu privire la distribuirea preparatelor medicamentoase procurate centralizat (Combatere cancer)<\/a><\/span><br \/>\n<hr \/>\n<\/li>\n<li style=\"text-align: left;\"><span style=\"color: #0000ff;\"><span style=\"color: #0000ff;\"><a style=\"color: #0000ff;\" href=\"https:\/\/capcs.md\/wp-content\/uploads\/2020\/02\/Ordin de distribu\u021bie s\u0103n\u0103tate mintal\u0103_compressed.pdf\">Ordin Ministerului, S\u0103n\u0103t\u0103\u021bii,\u00a0Muncii \u0219i Protec\u021biei Sociale\u00a0nr. 58 din\u00a021.01.2020 cu privire la distribuirea preparatelor medicamentoase procurate centralizat\u00a0(S\u0103n\u0103tatea mintal\u0103)<\/a>&#8212; <span style=\"color: #ff0000;\"><strong>MODIFICAT<\/strong><\/span><\/span><\/span><br \/>\n<hr \/>\n<\/li>\n<li style=\"text-align: left;\"><span style=\"color: #0000ff;\">\u00a0(Ordin Ministerului, S\u0103n\u0103t\u0103\u021bii,\u00a0Muncii \u0219i Protec\u021biei Sociale\u00a0<a style=\"color: #0000ff;\" href=\"https:\/\/capcs.md\/wp-content\/uploads\/2016\/10\/Ordin-Distribuire-Drepturile-sexuale_compressed.pdf\">nr.\u00a01501 din 30.12.2019<\/a>\u00a0cu privire la\u00a0modificarea unor ordinerdin\u00a0<a style=\"color: #0000ff;\" href=\"https:\/\/capcs.md\/wp-content\/uploads\/2016\/10\/PN-Drepturi-sexuale-2020_Contraceptive-compressed.pdf\">nr.\u00a01401 din\u00a005.12.2019<\/a>&#8212; Contraceptive 2020; Ordin\u00a0<a style=\"color: #0000ff;\" href=\"https:\/\/capcs.md\/wp-content\/uploads\/2016\/10\/Ordin-de-distributie-boala-Addison.pdf\">nr. 1399 din 05.12.2019<\/a>\u00a0&#8212;\u00a0Boala Addison 2020)<\/span><br \/>\n<hr \/>\n<\/li>\n<li style=\"text-align: left;\"><span style=\"color: #0000ff;\"><a style=\"color: #0000ff;\" href=\"https:\/\/capcs.md\/wp-content\/uploads\/2016\/10\/PN-DZ-2020_Strim.pdf\">Ordin Ministerului, S\u0103n\u0103t\u0103\u021bii,\u00a0Muncii \u0219i Protec\u021biei Sociale\u00a0nr.\u00a01400 din\u00a005.12.2019\u00a0cu privire la\u00a0distribuirea analogilor de insulin\u0103 uman\u0103 procura\u021bi centralizat<\/a> (Analogi de insulin\u0103)<\/span><br \/>\n<hr \/>\n<\/li>\n<li style=\"text-align: left;\"><span style=\"color: #0000ff;\"><a style=\"color: #0000ff;\" href=\"https:\/\/capcs.md\/wp-content\/uploads\/2016\/10\/PN-Boala-Addison-2020.pdf\">Ordin Ministerului, S\u0103n\u0103t\u0103\u021bii, Muncii \u0219i Protec\u021biei Sociale\u00a0nr. 1399 din 05.12.2019\u00a0cu privire la\u00a0distribuirea preparatelor medicamentoase procurate centralizat (<\/a>Boala Addison 2020<a style=\"color: #0000ff;\" href=\"https:\/\/capcs.md\/wp-content\/uploads\/2016\/10\/PN-Boala-Addison-2020.pdf\">)<\/a><\/span><br \/>\n<hr \/>\n<\/li>\n<li style=\"text-align: left;\"><span style=\"color: #0000ff;\"><a style=\"color: #0000ff;\" href=\"https:\/\/capcs.md\/wp-content\/uploads\/2016\/10\/PN-Boala-Addison-2020.pdf\">Ordin Ministerului, S\u0103n\u0103t\u0103\u021bii, Muncii \u0219i Protec\u021biei Sociale\u00a0nr. 1399 din 05.12.2019\u00a0cu privire la\u00a0distribuirea preparatelor medicamentoase procurate centralizat (<\/a>Boala Addison 2020<a style=\"color: #0000ff;\" href=\"https:\/\/capcs.md\/wp-content\/uploads\/2016\/10\/PN-Boala-Addison-2020.pdf\">)<\/a><\/span><br \/>\n<hr \/>\n<\/li>\n<li style=\"text-align: left;\"><span style=\"color: #0000ff;\"><a style=\"color: #0000ff;\" href=\"http:\/\/www.legis.md\/cautare\/getResults?doc_id=111813&amp;lang=ro\" target=\"_blank\" rel=\"noopener\">Ordin Ministerului Finan\u021belor nr. 173 din 05-10-2018\u00a0cu privire la aprobarea Documenta\u021biei standard pentru realizarea achizi\u021biilor publice de bunuri<\/a><\/span><br \/>\n<hr \/>\n<\/li>\n<li style=\"text-align: left;\"><span style=\"color: #0000ff;\"><a style=\"color: #0000ff;\" href=\"http:\/\/www.legis.md\/cautare\/getResults?doc_id=111820&amp;lang=ro\" target=\"_blank\" rel=\"noopener\">Ordin Ministerului Finan\u021belor nr. 175 din 05-10-2018\u00a0cu privire la aprobarea Documenta\u021biei standard pentru realizarea achizi\u021biilor publice de bunuri \u0219i servicii prin cererea ofertelor de pre\u021buri<\/a><\/span><\/li>\n<\/ul>\n","protected":false},"excerpt":{"rendered":"<p>Ordin nr. 630 din 23.07.2024 Cu privire la organizarea achizi\u021biilor publice de bunuri \u0219i servicii pentru necesit\u0103\u021bile sistemului de s\u0103n\u0103tate. Ordin nr. 1195 din 22.12.2021 \u201dCu privire la distribuirea analogilor de insulin\u0103 uman\u0103 procurat centralizat\u201d Dispozitie nr. 312-d din data&#8230; <a href=\"https:\/\/capcs.md\/ru\/ordine-ale-ministerului-sanatatii\/\" class=\"read-more\">Detalii<\/a><\/p>\n","protected":false},"author":11,"featured_media":0,"parent":0,"menu_order":0,"comment_status":"closed","ping_status":"closed","template":"","meta":{"footnotes":""},"class_list":["post-204","page","type-page","status-publish","hentry"],"translation":{"provider":"WPGlobus","version":"2.10.10","language":"ru","enabled_languages":["ro","ru","en"],"languages":{"ro":{"title":true,"content":true,"excerpt":false},"ru":{"title":false,"content":false,"excerpt":false},"en":{"title":false,"content":false,"excerpt":false}}},"_links":{"self":[{"href":"https:\/\/capcs.md\/ru\/wp-json\/wp\/v2\/pages\/204"}],"collection":[{"href":"https:\/\/capcs.md\/ru\/wp-json\/wp\/v2\/pages"}],"about":[{"href":"https:\/\/capcs.md\/ru\/wp-json\/wp\/v2\/types\/page"}],"author":[{"embeddable":true,"href":"https:\/\/capcs.md\/ru\/wp-json\/wp\/v2\/users\/11"}],"replies":[{"embeddable":true,"href":"https:\/\/capcs.md\/ru\/wp-json\/wp\/v2\/comments?post=204"}],"version-history":[{"count":84,"href":"https:\/\/capcs.md\/ru\/wp-json\/wp\/v2\/pages\/204\/revisions"}],"predecessor-version":[{"id":28524,"href":"https:\/\/capcs.md\/ru\/wp-json\/wp\/v2\/pages\/204\/revisions\/28524"}],"wp:attachment":[{"href":"https:\/\/capcs.md\/ru\/wp-json\/wp\/v2\/media?parent=204"}],"curies":[{"name":"wp","href":"https:\/\/api.w.org\/{rel}","templated":true}]}}