{"id":16709,"date":"2022-07-20T14:59:23","date_gmt":"2022-07-20T12:59:23","guid":{"rendered":"https:\/\/capcs.md\/?page_id=16709"},"modified":"2025-04-24T13:37:45","modified_gmt":"2025-04-24T11:37:45","slug":"grupul-de-lucru-pentru-achizitionarea-dispozitivelor-medicale","status":"publish","type":"page","link":"https:\/\/capcs.md\/ru\/grupul-de-lucru-pentru-achizitionarea-dispozitivelor-medicale\/","title":{"rendered":"Grupul de lucru pentru achizi\u0163ionarea dispozitivelor medicale"},"content":{"rendered":"<h3><span style=\"color: #000000;\">\u00a0 \u00a0 \u00a0 \u00a0 \u00a0<\/span><span style=\"color: #000000;\">\u00a0 \u00a0 \u00a0 \u00a0 \u00a0 <\/span><span style=\"color: #000000;\">Grupul de lucru pentru achizi\u0163ionarea dispozitivelor medicale, reprezint\u0103 o echip\u0103 de speciali\u0219ti din cadrul CAPCS, responsabili de toate deciziile luate cu privire la achizi\u021bionarea dispozitivelor medicale, precum \u0219i monitorizarea execut\u0103rii contractelor. <\/span><\/h3>\n<h3><span style=\"color: #000000;\">\u00a0 \u00a0 \u00a0 \u00a0 \u00a0 La necesitate, \u00een grupul de lucru sunt coopta\u021bi membrii comisiilor de specialitate ale Ministerului S\u0103n\u0103t\u0103\u0163ii \u015fi\/sau al\u0163i speciali\u015fti, reprezentan\u0163i ai ministerelor \u015fi altor autorit\u0103\u0163i administrative centrale, precum \u015fi ai altor institu\u0163ii cu atribu\u0163ii la compartimentul de achizi\u0163ii.<\/span><\/h3>\n","protected":false},"excerpt":{"rendered":"<p>\u00a0 \u00a0 \u00a0 \u00a0 \u00a0\u00a0 \u00a0 \u00a0 \u00a0 \u00a0 Grupul de lucru pentru achizi\u0163ionarea dispozitivelor medicale, reprezint\u0103 o echip\u0103 de speciali\u0219ti din cadrul CAPCS, responsabili de toate deciziile luate cu privire la achizi\u021bionarea dispozitivelor medicale, precum \u0219i monitorizarea execut\u0103rii contractelor&#8230;. <a href=\"https:\/\/capcs.md\/ru\/grupul-de-lucru-pentru-achizitionarea-dispozitivelor-medicale\/\" class=\"read-more\">Detalii<\/a><\/p>\n","protected":false},"author":9,"featured_media":0,"parent":0,"menu_order":0,"comment_status":"closed","ping_status":"closed","template":"","meta":{"footnotes":""},"class_list":["post-16709","page","type-page","status-publish","hentry"],"translation":{"provider":"WPGlobus","version":"2.10.10","language":"ru","enabled_languages":["ro","ru","en"],"languages":{"ro":{"title":true,"content":true,"excerpt":false},"ru":{"title":false,"content":false,"excerpt":false},"en":{"title":false,"content":false,"excerpt":false}}},"_links":{"self":[{"href":"https:\/\/capcs.md\/ru\/wp-json\/wp\/v2\/pages\/16709"}],"collection":[{"href":"https:\/\/capcs.md\/ru\/wp-json\/wp\/v2\/pages"}],"about":[{"href":"https:\/\/capcs.md\/ru\/wp-json\/wp\/v2\/types\/page"}],"author":[{"embeddable":true,"href":"https:\/\/capcs.md\/ru\/wp-json\/wp\/v2\/users\/9"}],"replies":[{"embeddable":true,"href":"https:\/\/capcs.md\/ru\/wp-json\/wp\/v2\/comments?post=16709"}],"version-history":[{"count":5,"href":"https:\/\/capcs.md\/ru\/wp-json\/wp\/v2\/pages\/16709\/revisions"}],"predecessor-version":[{"id":28032,"href":"https:\/\/capcs.md\/ru\/wp-json\/wp\/v2\/pages\/16709\/revisions\/28032"}],"wp:attachment":[{"href":"https:\/\/capcs.md\/ru\/wp-json\/wp\/v2\/media?parent=16709"}],"curies":[{"name":"wp","href":"https:\/\/api.w.org\/{rel}","templated":true}]}}