{"id":16487,"date":"2022-07-13T11:02:50","date_gmt":"2022-07-13T09:02:50","guid":{"rendered":"https:\/\/capcs.md\/?page_id=16487"},"modified":"2024-11-07T17:06:15","modified_gmt":"2024-11-07T15:06:15","slug":"circulare","status":"publish","type":"page","link":"https:\/\/capcs.md\/ru\/circulare\/","title":{"rendered":"Circulare"},"content":{"rendered":"\n<p><a href=\"https:\/\/capcs.md\/wp-content\/uploads\/2024\/11\/rg02-4019-07.11.2024.pdf\" data-type=\"link\" data-id=\"https:\/\/capcs.md\/wp-content\/uploads\/2024\/11\/rg02-4019-07.11.2024.pdf\" target=\"_blank\" rel=\"noreferrer noopener\">CIRCULAR\u0102, privind prezentarea Necesarului \u00een vederea realiz\u0103rii Programelor Speciale, pentru anul 2025<\/a><\/p>\n\n\n\n<p class=\"has-text-align-center\"><a href=\"https:\/\/capcs.md\/wp-content\/uploads\/2024\/11\/lista-consumabile-ps-2025.xlsx\" target=\"_blank\" rel=\"noreferrer noopener\">LISTA cu consumabile<\/a><\/p>\n\n\n\n<p class=\"has-text-align-center\"><a href=\"https:\/\/capcs.md\/wp-content\/uploads\/2024\/11\/model-scrisoare-de-insotire_sume.docx\" target=\"_blank\" rel=\"noreferrer noopener\">Model Scrisoare de \u00eenso\u021bire<\/a><\/p>\n\n\n\n\n\n<p><a href=\"https:\/\/capcs.md\/wp-content\/uploads\/2023\/11\/rg02-4342.pdf\" data-type=\"URL\" data-id=\"https:\/\/capcs.md\/wp-content\/uploads\/2023\/11\/rg02-4342.pdf\"><mark style=\"background-color:rgba(0, 0, 0, 0);color:#2402fb\" class=\"has-inline-color\">CIRCULAR\u0102, privind solicitarea complet\u0103rii anexei nr. 1 la Ordinul Ministerului S\u0103n\u0103t\u0103\u021bii nr. 211 din<br>21.03.2018<\/mark><\/a><\/p>\n\n\n\n<p><a href=\"https:\/\/capcs.md\/wp-content\/uploads\/2023\/11\/rg02-4268.pdf\" data-type=\"URL\" data-id=\"https:\/\/capcs.md\/wp-content\/uploads\/2023\/11\/rg02-4268.pdf\"><mark style=\"background-color:rgba(0, 0, 0, 0);color:#2200ff\" class=\"has-inline-color\">CIRCULAR\u0102, privind rezolu\u021biunea contractului<\/mark><\/a><\/p>\n\n\n\n<p><a href=\"https:\/\/capcs.md\/wp-content\/uploads\/2023\/11\/rg02-3854.pdf\" data-type=\"URL\" data-id=\"https:\/\/capcs.md\/wp-content\/uploads\/2023\/11\/rg02-3854.pdf\"><mark style=\"background-color:rgba(0, 0, 0, 0);color:#2000ff\" class=\"has-inline-color\">CIRCULAR\u0102, privind rezolu\u021biunea<\/mark><mark style=\"background-color:rgba(0, 0, 0, 0);color:#2100f9\" class=\"has-inline-color\"> par\u021bial\u0103 a contractului<\/mark><\/a><\/p>\n\n\n\n<p><a href=\"https:\/\/capcs.md\/wp-content\/uploads\/2023\/11\/rg02-3676.pdf\" data-type=\"URL\" data-id=\"https:\/\/capcs.md\/wp-content\/uploads\/2023\/11\/rg02-3676.pdf\"><mark style=\"background-color:rgba(0, 0, 0, 0);color:#1500fb\" class=\"has-inline-color\">CIRCULAR\u0102, privind calitatea bunului Cateter i\/v periferic 22G \u0219i Cateter i\/v periferic 24G<\/mark><\/a><\/p>\n\n\n\n<p><a href=\"https:\/\/capcs.md\/wp-content\/uploads\/2023\/11\/rg02-3664.pdf\" data-type=\"URL\" data-id=\"https:\/\/capcs.md\/wp-content\/uploads\/2023\/11\/rg02-3664.pdf\"><mark style=\"background-color:rgba(0, 0, 0, 0);color:#2200fb\" class=\"has-inline-color\">CIRCULAR\u0102, privind rezolu\u021biunea medicamentului Midazolamum 5 mg\/5 ml<\/mark><\/a><\/p>\n\n\n\n<p><a href=\"https:\/\/capcs.md\/wp-content\/uploads\/2023\/11\/rg02-3663.pdf\" data-type=\"URL\" data-id=\"https:\/\/capcs.md\/wp-content\/uploads\/2023\/11\/rg02-3663.pdf\"><mark style=\"background-color:rgba(0, 0, 0, 0);color:#2100f7\" class=\"has-inline-color\">CIRCULAR\u0102, privind rezolu\u021biunea medicamentului Phenytoin Inj.BP,50 mg\/ml-5 ml, sol.inj.N5 (Phenytoinum)<\/mark><\/a><\/p>\n\n\n\n<p><a href=\"https:\/\/capcs.md\/wp-content\/uploads\/2023\/11\/rg02-2413.pdf\" data-type=\"URL\" data-id=\"https:\/\/capcs.md\/wp-content\/uploads\/2023\/11\/rg02-2413.pdf\"><mark style=\"background-color:rgba(0, 0, 0, 0);color:#3012f0\" class=\"has-inline-color\">CIRCULAR\u0102, privind rezolu\u021biunea medicamentului Doxorubicini Hydrochloridum 10 mg, pulb.\/sol.inj.<\/mark><\/a><\/p>\n\n\n\n<p><a href=\"https:\/\/capcs.md\/wp-content\/uploads\/2023\/11\/rg02-2112.pdf\" data-type=\"URL\" data-id=\"https:\/\/capcs.md\/wp-content\/uploads\/2023\/11\/rg02-2112.pdf\"><mark style=\"background-color:rgba(0, 0, 0, 0);color:#2000ff\" class=\"has-inline-color\">CIRCULAR\u0102, privind rezolu\u021biunea <\/mark><mark style=\"background-color:rgba(0, 0, 0, 0);color:#0003ff\" class=\"has-inline-color\">mmaterialelor de sutur\u0103 poliglicolic acid (PGA) USP 0 L- minim 75cm, 1ac 1\/2 rotund 64 mm \u00b1 2%., poliglicolic acid (PGA). USP 1 L- minim 75cm, 1ac \u00bd rotund 64 mm \u00b1 2% , polipropilen (monofilament). USP 3\/0 L \u2013 minim 75 cm, 1\/2 ac rotund 22 mm \u00b1 2%, polipropilen USP 3\/0 L -90 cm 2 ace \u00bdrotund 26 mm<\/mark><\/a><br><\/p>\n\n\n\n<p><a href=\"https:\/\/capcs.md\/wp-content\/uploads\/2023\/11\/rg02-1956.pdf\" data-type=\"URL\" data-id=\"https:\/\/capcs.md\/wp-content\/uploads\/2023\/11\/rg02-1956.pdf\"><mark style=\"background-color:rgba(0, 0, 0, 0);color:#2000ff\" class=\"has-inline-color\">CIRCULAR\u0102, privind rezolu\u021biunea medicamentului <\/mark><mark style=\"background-color:rgba(0, 0, 0, 0);color:#0003ff\" class=\"has-inline-color\">Vermor\u00ae -20, N100<\/mark><\/a><br><\/p>\n\n\n\n<p><a href=\"https:\/\/capcs.md\/wp-content\/uploads\/2023\/11\/rg02-1889.pdf\" data-type=\"URL\" data-id=\"https:\/\/capcs.md\/wp-content\/uploads\/2023\/11\/rg02-1889.pdf\"><mark style=\"background-color:rgba(0, 0, 0, 0);color:#1700ff\" class=\"has-inline-color\">CIRCULAR\u0102, privind calitatea bunului Brancard\u0103 sanitar\u0103 de urgen\u021b\u0103<\/mark><\/a><br><\/p>\n\n\n\n<p><a href=\"https:\/\/capcs.md\/wp-content\/uploads\/2023\/11\/rg02-1821.pdf\" data-type=\"URL\" data-id=\"https:\/\/capcs.md\/wp-content\/uploads\/2023\/11\/rg02-1821.pdf\"><mark style=\"background-color:rgba(0, 0, 0, 0);color:#0e00ff\" class=\"has-inline-color\">CIRCULAR\u0102, privind prezentarea a unui exemplar a bunurilor bandaj (Fase) de tifon, 5m x 10cm, nesterila, densitatea min 32g\/m2, bandaj (Fase) de tifon, 7m x 14cm, nesterila, densitatea min. 32 g\/m2<\/mark><\/a><\/p>\n\n\n\n<p><a href=\"https:\/\/capcs.md\/wp-content\/uploads\/2023\/11\/rg02-4569-08.11.2023.pdf\" data-type=\"URL\" data-id=\"https:\/\/capcs.md\/wp-content\/uploads\/2023\/11\/rg02-4569-08.11.2023.pdf\"><mark style=\"background-color:rgba(0, 0, 0, 0);color:#000cff\" class=\"has-inline-color\">CIRCULAR\u0102, privind prezentarea stocului de <\/mark><mark style=\"background-color:rgba(0, 0, 0, 0);color:#0e00ff\" class=\"has-inline-color\">Torasemid comp. 10mg, N20<\/mark><\/a><\/p>\n\n\n\n<p><a href=\"https:\/\/capcs.md\/wp-content\/uploads\/2023\/11\/rg02-3743.pdf\" data-type=\"URL\" data-id=\"https:\/\/capcs.md\/wp-content\/uploads\/2023\/11\/rg02-3743.pdf\"><mark style=\"background-color:rgba(0, 0, 0, 0);color:#000cff\" class=\"has-inline-color\">CIRCULAR\u0102, privind prezentarea stocului de Ketorolac Rompharm, 30 mg\/ml, N10<\/mark><\/a><\/p>\n\n\n\n<p><a href=\"https:\/\/capcs.md\/wp-content\/uploads\/2023\/11\/rg02-1900.pdf\" data-type=\"URL\" data-id=\"https:\/\/capcs.md\/wp-content\/uploads\/2023\/11\/rg02-1900.pdf\"><mark style=\"background-color:rgba(0, 0, 0, 0);color:#2000ff\" class=\"has-inline-color\">CIRCULAR\u0102, privind rezolu\u021biunea medicamentului HALO, Haloperidol Injection B.P.5 mg\/ml 1 ml, solu\u021bie injectabil\u0103<\/mark><\/a><\/p>\n\n\n\n<p><a href=\"https:\/\/capcs.md\/wp-content\/uploads\/2023\/11\/rg02-1739.pdf\" data-type=\"URL\" data-id=\"https:\/\/capcs.md\/wp-content\/uploads\/2023\/11\/rg02-1739.pdf\"><mark style=\"background-color:rgba(0, 0, 0, 0);color:#0600ff\" class=\"has-inline-color\">CIRCULAR\u0102, privind tran\u0219ele de livrare indicate \u00een contracte<\/mark> <mark style=\"background-color:rgba(0, 0, 0, 0);color:#1915d8\" class=\"has-inline-color\">\u0219i imposibilitatea modific\u0103rii acestora<\/mark><\/a> <\/p>\n\n\n\n<p><a href=\"https:\/\/capcs.md\/wp-content\/uploads\/2023\/11\/rg02-1364.pdf\" data-type=\"URL\" data-id=\"https:\/\/capcs.md\/wp-content\/uploads\/2023\/11\/rg02-1364.pdf\"><mark style=\"background-color:rgba(0, 0, 0, 0);color:#2900ff\" class=\"has-inline-color\">CIRCULAR\u0102, privind expunerea asupra calit\u0103\u021bii bunurilor livrate<\/mark><\/a><\/p>\n\n\n\n<p><a href=\"https:\/\/capcs.md\/wp-content\/uploads\/2023\/11\/rg02-1170.pdf\" data-type=\"URL\" data-id=\"https:\/\/capcs.md\/wp-content\/uploads\/2023\/11\/rg02-1170.pdf\"><mark style=\"background-color:rgba(0, 0, 0, 0);color:#2900ff\" class=\"has-inline-color\">CIRCULAR\u0102, privind prezentarea stocului existent \u00een institu\u021bie de articole parafarmaceutice<\/mark><\/a><\/p>\n\n\n\n<p><a href=\"https:\/\/capcs.md\/wp-content\/uploads\/2023\/11\/rg02-492.pdf\" data-type=\"URL\" data-id=\"https:\/\/capcs.md\/wp-content\/uploads\/2023\/11\/rg02-492.pdf\"><mark style=\"background-color:rgba(0, 0, 0, 0);color:#0600ff\" class=\"has-inline-color\">CIRCULAR\u0102, privind tran\u0219ele de livrare indicate \u00een contracte<\/mark><\/a><\/p>\n\n\n\n<p><a href=\"https:\/\/capcs.md\/wp-content\/uploads\/2023\/11\/rg02-119.pdf\" data-type=\"URL\" data-id=\"https:\/\/capcs.md\/wp-content\/uploads\/2023\/11\/rg02-119.pdf\"><mark style=\"background-color:rgba(0, 0, 0, 0);color:#0e00ff\" class=\"has-inline-color\">CIRCULAR\u0102, privind crearea unui nou modul \u201eREFUZURI\u201d<\/mark><\/a><\/p>\n\n\n\n<p><a href=\"https:\/\/capcs.md\/wp-content\/uploads\/2023\/01\/ghid-practic_determinare-necesar-de-med_rev.docx\" data-type=\"URL\" data-id=\"https:\/\/capcs.md\/wp-content\/uploads\/2023\/01\/ghid-practic_determinare-necesar-de-med_rev.docx\"><mark style=\"background-color:rgba(0, 0, 0, 0);color:#2000ff\" class=\"has-inline-color\">GHID PRACTIC PRIVIND DETERMINAREA NECESARULUI DE MEDICAMENTE<\/mark><\/a><\/p>\n\n\n\n<p><a rel=\"noreferrer noopener\" href=\"https:\/\/capcs.md\/circulara-privind-prezentarea-necesarului-de-dezinfectanti-la-nivel-national-pentru-anul-2023\/\" target=\"_blank\"><mark style=\"background-color:rgba(0, 0, 0, 0);color:#0003ff\" class=\"has-inline-color\">CIRCULAR\u0102, privind prezentarea necesarului de dezinfectan\u021bi, la nivel na\u021bional, pentru anul 2023<\/mark><\/a><\/p>\n\n\n\n<p><a href=\"https:\/\/capcs.md\/bez-rubriki\/in-atentia-conducatorilor-institutiilor-medico-sanitare-publice-5\/\"><mark style=\"background-color:rgba(0, 0, 0, 0);color:#0014ff\" class=\"has-inline-color\">CIRCULAR\u0102, privind prezentarea necesarului de dispozitive medicale, \u00eentru realizarea programelor speciale pentru anul 2023<\/mark><\/a><\/p>\n\n\n\n<p><a rel=\"noreferrer noopener\" href=\"https:\/\/capcs.md\/slider\/in-atentia-conducatorilor-institutiilor-medico-sanitare-publice-6\/\" target=\"_blank\"><mark style=\"background-color:rgba(0, 0, 0, 0);color:#2900ff\" class=\"has-inline-color\">CIRCULAR\u0102, privind prezentarea necesarului \u00een vederea organiz\u0103rii licita\u021biilor centralizate la nivel na\u021bional pentru anul 2023<\/mark><\/a><\/p>\n\n\n\n<p><a rel=\"noreferrer noopener\" href=\"https:\/\/capcs.md\/wp-content\/uploads\/2022\/07\/rg02-4035.pdf\" target=\"_blank\"><mark style=\"background-color:rgba(0, 0, 0, 0);color:#0014ff\" class=\"has-inline-color\">CIRCULAR\u0102, Rg02-4035 din 19.11 2021<\/mark><\/a><\/p>\n\n\n\n<div class=\"wp-block-media-text alignwide is-stacked-on-mobile\"><figure class=\"wp-block-media-text__media\"><\/figure><div class=\"wp-block-media-text__content\">\n<p><\/p>\n<\/div><\/div>\n","protected":false},"excerpt":{"rendered":"<p>CIRCULAR\u0102, privind prezentarea Necesarului \u00een vederea realiz\u0103rii Programelor Speciale, pentru anul 2025 LISTA cu consumabile Model Scrisoare de \u00eenso\u021bire CIRCULAR\u0102, privind solicitarea complet\u0103rii anexei nr. 1 la Ordinul Ministerului S\u0103n\u0103t\u0103\u021bii nr. 211 din21.03.2018 CIRCULAR\u0102, privind rezolu\u021biunea contractului CIRCULAR\u0102, privind rezolu\u021biunea&#8230; <a href=\"https:\/\/capcs.md\/ru\/circulare\/\" class=\"read-more\">Detalii<\/a><\/p>\n","protected":false},"author":9,"featured_media":0,"parent":0,"menu_order":0,"comment_status":"closed","ping_status":"closed","template":"","meta":{"footnotes":""},"class_list":["post-16487","page","type-page","status-publish","hentry"],"translation":{"provider":"WPGlobus","version":"2.10.10","language":"ru","enabled_languages":["ro","ru","en"],"languages":{"ro":{"title":true,"content":true,"excerpt":false},"ru":{"title":false,"content":false,"excerpt":false},"en":{"title":false,"content":false,"excerpt":false}}},"_links":{"self":[{"href":"https:\/\/capcs.md\/ru\/wp-json\/wp\/v2\/pages\/16487"}],"collection":[{"href":"https:\/\/capcs.md\/ru\/wp-json\/wp\/v2\/pages"}],"about":[{"href":"https:\/\/capcs.md\/ru\/wp-json\/wp\/v2\/types\/page"}],"author":[{"embeddable":true,"href":"https:\/\/capcs.md\/ru\/wp-json\/wp\/v2\/users\/9"}],"replies":[{"embeddable":true,"href":"https:\/\/capcs.md\/ru\/wp-json\/wp\/v2\/comments?post=16487"}],"version-history":[{"count":20,"href":"https:\/\/capcs.md\/ru\/wp-json\/wp\/v2\/pages\/16487\/revisions"}],"predecessor-version":[{"id":26336,"href":"https:\/\/capcs.md\/ru\/wp-json\/wp\/v2\/pages\/16487\/revisions\/26336"}],"wp:attachment":[{"href":"https:\/\/capcs.md\/ru\/wp-json\/wp\/v2\/media?parent=16487"}],"curies":[{"name":"wp","href":"https:\/\/api.w.org\/{rel}","templated":true}]}}