{"id":16425,"date":"2022-07-08T09:22:40","date_gmt":"2022-07-08T07:22:40","guid":{"rendered":"https:\/\/capcs.md\/?page_id=16425"},"modified":"2024-05-22T11:16:57","modified_gmt":"2024-05-22T09:16:57","slug":"director","status":"publish","type":"page","link":"https:\/\/capcs.md\/ru\/director\/","title":{"rendered":"Director"},"content":{"rendered":"<h1 style=\"text-align: center;\"><span style=\"color: #0000ff;\"><strong><a href=\"https:\/\/capcs.md\/wp-content\/uploads\/2022\/07\/1.jpg\"><img loading=\"lazy\" decoding=\"async\" class=\"alignnone size-medium wp-image-16550\" src=\"https:\/\/capcs.md\/wp-content\/uploads\/2022\/07\/1-252x300.jpg\" alt=\"\" width=\"252\" height=\"300\" srcset=\"https:\/\/capcs.md\/wp-content\/uploads\/2022\/07\/1-252x300.jpg 252w, https:\/\/capcs.md\/wp-content\/uploads\/2022\/07\/1-861x1024.jpg 861w, https:\/\/capcs.md\/wp-content\/uploads\/2022\/07\/1-768x913.jpg 768w, https:\/\/capcs.md\/wp-content\/uploads\/2022\/07\/1-1292x1536.jpg 1292w, https:\/\/capcs.md\/wp-content\/uploads\/2022\/07\/1.jpg 1403w\" sizes=\"(max-width: 252px) 100vw, 252px\" \/><\/a><\/strong><\/span><\/h1>\n<h1 style=\"text-align: center;\"><span style=\"color: #0000ff;\"><strong>Gheorghe GORCEAG<\/strong><\/span><\/h1>\n<p><span style=\"color: #0000ff;\"><strong>Informa\u021bii personale<\/strong><\/span><\/p>\n<p><span style=\"color: #000000;\"><strong>Data na\u015fterii:<\/strong> 04 mai 1984<\/span><br \/><span style=\"color: #000000;\"><strong>Na\u021bionalitatea:<\/strong> moldovean<\/span><\/p>\n<p><span style=\"color: #000000;\"><strong>Contacte:\u00a0<\/strong><\/span><\/p>\n<p><span style=\"color: #000000;\"><strong>\u00a0 \u00a0 \u00a0 \u00a0 \u00a0 tel.:<\/strong>+37368998430<\/span><\/p>\n<p><strong><span style=\"color: #000000;\">\u00a0 \u00a0 \u00a0 \u00a0 \u00a0 e-mail:<\/span><\/strong> <span style=\"color: #0000ff;\"><a style=\"color: #0000ff;\" href=\"mailto:gheorghe.gorceag@capcs.gov.md\">gheorghe.gorceag@capcs.gov.md<\/a>\u00a0<\/span><\/p>\n<p><strong><span style=\"color: #0000ff;\">Experien\u0163a profesional\u0103<\/span><\/strong><\/p>\n<p><span style=\"color: #000000;\"><strong>2022 \u2013 prezent:<\/strong> Director, Centrul pentru Achizi\u021bii Publice Centralizate \u00een S\u0103n\u0103tate;<\/span><\/p>\n<p><span style=\"color: #000000;\"><strong>2021 \u2013 2022: <\/strong>\u0218ef interimar, consultant principal Direc\u021bia politici \u00een domeniul medicamentelor \u0219i dispozitivelor medicale, Ministerul S\u0103n\u0103t\u0103\u021bii;<\/span><\/p>\n<p><strong><span style=\"color: #000000;\">2018 \u2013 2021: <\/span><\/strong><span style=\"color: #000000;\">\u0218ef Serviciul politici medicamente \u0219i dispozitive medicale, Ministerul S\u0103n\u0103t\u0103\u021bii, Muncii \u0219i Protec\u021biei Sociale;<\/span><\/p>\n<p><span style=\"color: #000000;\"><strong>2017 \u2013 2018:<\/strong> \u0218ef interimar, consultant principal Serviciul politici medicamente \u0219i dispozitive medicale, Ministerul S\u0103n\u0103t\u0103\u021bii, Muncii \u0219i Protec\u021biei Sociale;<\/span><\/p>\n<p><span style=\"color: #000000;\"><strong>2016 \u2013 2017:<\/strong> \u0218ef adjunct Direc\u021bia medicamente \u0219i dispozitive medicale, Ministerul S\u0103n\u0103t\u0103\u021bii;<\/span><\/p>\n<p><span style=\"color: #000000;\"><strong>2015 \u2013 2016: <\/strong>\u0218ef Departament tehnologii medicale, IMSP Institutul de Medicin\u0103 Urgent\u0103;<\/span><\/p>\n<p><span style=\"color: #000000;\"><strong>2013 \u2013 2015:<\/strong>\u00a0\u0218ef Laborator dispozitive medicale,\u00a0 \u00ceCS L.\u00ce. \u201eVeritrans-Plus\u201d S.R.L.;<\/span><\/p>\n<p><span style=\"color: #000000;\"><strong>2010 \u2013 2013:<\/strong> \u0218ef Departament tehnologii medicale, IMSP Institutul de Medicin\u0103 Urgent\u0103;<\/span><\/p>\n<p><span style=\"color: #000000;\"><strong>2008 \u2013 2010:<\/strong>\u00a0\u0218ef Serviciul tehnic\u0103 medical\u0103, IMSP Centrul Na\u021bional \u0218tiin\u021bifico &#8212; Practic de Medicin\u0103 Urgent\u0103;<\/span><strong>\u00a0<\/strong><\/p>\n<p><span style=\"color: #000000;\"><strong>2006 \u2013 2008:<\/strong> Inginer de tehnic\u0103 medical\u0103, IMSP Centrul Na\u021bional \u0218tiin\u021bifico &#8212; Practic de Medicin\u0103 Urgent\u0103;<\/span><\/p>\n<p><span style=\"color: #0000ff;\"><strong>Alte activit\u0103\u021bi profesionale<\/strong><\/span><\/p>\n<p><span style=\"color: #000000;\"><strong>2020 \u2013 prezent:\u00a0<\/strong>Asistent universitar, Inginerie Clinic\u0103 \u0219i Managementul Tehnologiilor Medicale, Universitatea Tehnic\u0103 a Moldovei;<\/span><strong>\u00a0<\/strong><\/p>\n<p><span style=\"color: #000000;\"><strong>2018 \u2013 prezent:<\/strong> Expert, dispozitive medicale, Centrul Na\u021bional de Acreditare din Republica Moldova (MOLDAC);<\/span><\/p>\n<p><strong><span style=\"color: #000000;\">2013 \u2013 prezent: <\/span><\/strong><span style=\"color: #000000;\">Activitate de voluntariat, instalarea sistemelor de gaze medicale, Stichting Werkgroep Urgenta;<\/span><strong>\u00a0<\/strong><\/p>\n<p><span style=\"color: #000000;\"><strong>2008 \u2013 2017: <\/strong>Facilitator, consultant, expert, Managementul dispozitivelor medicale, Proiectele moldo-elve\u021biene \u201ePERINAT\u201d, \u201eREPEMOL\u201d \u0219i moldo-nipon \u201e\u00cembun\u0103t\u0103\u021birea Managementului Dispozitivelor Medicale\u201d.<\/span><\/p>\n<p><strong><span style=\"color: #0000ff;\">Educa\u0163ie \u015fi formare\u00a0<\/span><\/strong><\/p>\n<p><span style=\"color: #000000;\"><strong>2018 \u2013 prezent:<\/strong> Studii de doctorat, Echipamente \u015fi dispozitive biomedicale, Universitatea Tehnic\u0103 a Moldovei;<\/span><\/p>\n<p><span style=\"color: #000000;\"><strong>2011 \u2013 2012:<\/strong> Dreptul de activitate \u00een Nano &#8212; Bioinginerie, Proiectul PC7 MOLD-ERA, Universitatea Tehnic\u0103 a Moldovei;<\/span><\/p>\n<p><span style=\"color: #000000;\"><strong>2010 \u2013 2012:<\/strong> Master \u00een Inginerie \u0219i activit\u0103\u021bi inginere\u0219ti, Inginerie Biomedical\u0103, Universitatea Tehnic\u0103 a Moldovei;<\/span><\/p>\n<p><span style=\"color: #000000;\"><strong>2002 \u2013 2006:<\/strong> Inginer licen\u021biat \u00een Electronic\u0103 \u0219i Comunica\u021bii, Microelectronic\u0103, Universitatea Tehnic\u0103 a Moldovei.<\/span><\/p>\n<p><span style=\"color: #0000ff;\"><strong>Specializare Profesional\u0103<\/strong><\/span><\/p>\n<p><span style=\"color: #000000;\"><strong>2022:<\/strong> Adeverin\u0163\u0103 de membru, Societatea de Inginerie Biomedical\u0103 din Moldova, Federa\u021bia Interna\u021bional\u0103 de Inginerie Medical\u0103 \u0219i Biologic\u0103 \u0219i Alian\u021ba European\u0103 de Inginerie \u0219i \u0218tiin\u021b\u0103 Medical\u0103 \u0219i Biologic\u0103, Chi\u0219in\u0103u;<\/span><\/p>\n<p><span style=\"color: #000000;\"><strong>2022:<\/strong> Evaluarea tehnologiilor medicale, Centrul Na\u021bional de Inginerie Biomedical\u0103, Chi\u0219in\u0103u;<\/span><\/p>\n<p><span style=\"color: #000000;\"><strong>2022:<\/strong> Anticorup\u021bie \u0219i Integritate, Centrul Na\u021bional Anticorup\u021bie, Chi\u0219in\u0103u;<\/span><\/p>\n<p><span style=\"color: #000000;\"><strong>2022<\/strong>: \u00cembun\u0103t\u0103\u021birea calit\u0103\u021bii serviciilor medicale prin sporirea nivelului de transparen\u021b\u0103 \u00een sistemul de achizi\u021bii publice centralizate a dispozitivelor medicale, Universitatea Tehnic\u0103 a Moldovei, Chi\u015fin\u0103u;<\/span><\/p>\n<p><span style=\"color: #000000;\"><strong>2019<\/strong>: Leadership \u00een Administra\u0163ia Public\u0103, Academia de Administrare Public\u0103, Chi\u0219in\u0103u;<\/span><\/p>\n<p><span style=\"color: #000000;\"><strong>2019<\/strong>: Analiza impactului \u00een procesul de fundamentare a proiectelor de acte normative, Cancelaria de Stat, Chi\u0219in\u0103u;<\/span><\/p>\n<p><span style=\"color: #000000;\"><strong>2019<\/strong>: Evaluarea performan\u021belor profesionale, Academia de Administrare Public\u0103, Chi\u0219in\u0103u;<\/span><\/p>\n<p><span style=\"color: #000000;\"><strong>2019<\/strong>: Cadrul legal pentru dispozitive medicale \u00een UE \u0219i RM, Proiectul TWINNING \u201cConsolidarea Agen\u0163iei Medicamentului \u015fi Dispozitivelor Medicale ca agen\u0163ie de reglementare \u00a0\u00a0\u00a0\u00a0\u00a0\u00een domeniul medicamentelor, dispozitivelor medicale \u015fi activit\u0103\u0163ii farmaceutice&#187;, Chi\u015fin\u0103u;<\/span><\/p>\n<p><span style=\"color: #000000;\"><strong>2018:<\/strong> Raportarea reac\u0163iilor adverse la medicamente \u015fi vigilen\u0163a la dispozitivele medicale. Provoc\u0103ri \u015fi Bune Practici, Agen\u0163ia Medicamentului \u015fi Dispozitivelor Medicale, Chi\u015fin\u0103u;<\/span><\/p>\n<p><span style=\"color: #000000;\"><strong>2016<\/strong>: \u00cembun\u0103t\u0103\u021birea Managementului Dispozitivelor Medicale, Agen\u021bia Japonez\u0103 pentru Cooperare Interna\u021bional\u0103 (JICA), Tokyo;\u00a0<\/span><\/p>\n<p><span style=\"color: #000000;\"><strong>2015:<\/strong> Planificarea \u015fi achizi\u0163ia dispozitivelor medicale, Centrul pentru Politici \u015fi Servicii de S\u0103n\u0103tate, Chi\u015fin\u0103u;<\/span><\/p>\n<p><span style=\"color: #000000;\"><strong>2014:<\/strong> Managementul Tehnologiilor Medicale, Universitatea Tehnic\u0103 a Moldovei, Chi\u0219in\u0103u;<\/span><\/p>\n<p><span style=\"color: #000000;\"><strong>2014<\/strong>: Formare de Formatori \u00een Managementul Tehnologiilor Medicale, Centrul pentru Politici \u015fi Servicii de S\u0103n\u0103tate, Chi\u0219in\u0103u;<\/span><\/p>\n<p><span style=\"color: #000000;\"><strong>2014:<\/strong> Cerin\u0163e pentru organisme care certific\u0103 produse \u015fi servicii conform SM SR EN ISO\/CEI 17065:2013 \u015fi Cerin\u0163e pentru auditarea sistemelor de management conform SM SR EN ISO 19011:2013, \u0421entrul Na\u021bional de Acreditare din Moldova (MOLDAC), Chi\u0219in\u0103u;<\/span><\/p>\n<p><span style=\"color: #000000;\"><strong>2014<\/strong>: Standard de metrologie pentru etalonare, standard global pentru competen\u0163a tehnic\u0103 a laboratoarelor de \u00eencerc\u0103ri \u015fi etalon\u0103ri SM SR EN ISO\/CEI 17025, \u00ceCS L.I.\u201eVeritrans-Plus\u201d S.R.L. Laborator de \u00eencerc\u0103ri \u015fi etalon\u0103ri, Chi\u015fin\u0103u;<\/span><\/p>\n<p><span style=\"color: #000000;\"><strong>2014<\/strong>: Verificarea \u015fi calibrarea echipamentelor, Universitatea de Medicin\u0103 \u015fi Farmacie \u201eGrigore T. Popa\u201d, Facultatea de Bioinginerie Medical\u0103, Ia\u0219i;<\/span><\/p>\n<p><span style=\"color: #000000;\"><strong>2014<\/strong>: Directiva dispozitive medicale 93\/42\/EEC, \u201eUCRMETRTESTSTANDART\u201d, Kiev;<\/span><\/p>\n<p><span style=\"color: #000000;\"><strong>2011<\/strong>: Noi tehnologii \u00een diagnosticul medical, Societatea de Inginerie Biomedical\u0103 din Moldova, Chi\u0219in\u0103u;<\/span><\/p>\n<p><span style=\"color: #000000;\"><strong>2011<\/strong>: Preg\u0103tirea Republicii Moldova pentru Integrarea \u00een Spa\u021biul European de Cercetare \u0219i \u00een Comunity R&amp;D Framework Programmes bazate pe excelen\u021b\u0103 \u0219tiin\u021bific\u0103, Proiectul FP7 MOLD-ERA, Chi\u0219in\u0103u;<\/span><\/p>\n<p><span style=\"color: #000000;\"><strong>2009:<\/strong> Legitima\u021bie privind regulile de construire \u0219i exploatare inofensiv\u0103 a recipientelor sub presiune, Centrul de Instruire \u0219i Produc\u021bie, Chi\u0219in\u0103u;<\/span><\/p>\n<p><span style=\"color: #000000;\"><strong>2009<\/strong>: Cofondator, Asocia\u021bia Ob\u0219teasc\u0103 \u201eSocietatea de Inginerie Biomedical\u0103 din Moldova\u201d, Chi\u0219in\u0103u.<\/span><\/p>\n\n\n\n\n\n\n\n","protected":false},"excerpt":{"rendered":"<p>Gheorghe GORCEAG Informa\u021bii personale Data na\u015fterii: 04 mai 1984Na\u021bionalitatea: moldovean Contacte:\u00a0 \u00a0 \u00a0 \u00a0 \u00a0 \u00a0 tel.:+37368998430 \u00a0 \u00a0 \u00a0 \u00a0 \u00a0 e-mail: gheorghe.gorceag@capcs.gov.md\u00a0 Experien\u0163a profesional\u0103 2022 \u2013 prezent: Director, Centrul pentru Achizi\u021bii Publice Centralizate \u00een S\u0103n\u0103tate; 2021 \u2013 2022:&#8230; <a href=\"https:\/\/capcs.md\/ru\/director\/\" class=\"read-more\">Detalii<\/a><\/p>\n","protected":false},"author":9,"featured_media":0,"parent":0,"menu_order":0,"comment_status":"closed","ping_status":"closed","template":"","meta":{"footnotes":""},"class_list":["post-16425","page","type-page","status-publish","hentry"],"translation":{"provider":"WPGlobus","version":"2.10.10","language":"ru","enabled_languages":["ro","ru","en"],"languages":{"ro":{"title":true,"content":true,"excerpt":false},"ru":{"title":false,"content":false,"excerpt":false},"en":{"title":false,"content":false,"excerpt":false}}},"_links":{"self":[{"href":"https:\/\/capcs.md\/ru\/wp-json\/wp\/v2\/pages\/16425"}],"collection":[{"href":"https:\/\/capcs.md\/ru\/wp-json\/wp\/v2\/pages"}],"about":[{"href":"https:\/\/capcs.md\/ru\/wp-json\/wp\/v2\/types\/page"}],"author":[{"embeddable":true,"href":"https:\/\/capcs.md\/ru\/wp-json\/wp\/v2\/users\/9"}],"replies":[{"embeddable":true,"href":"https:\/\/capcs.md\/ru\/wp-json\/wp\/v2\/comments?post=16425"}],"version-history":[{"count":11,"href":"https:\/\/capcs.md\/ru\/wp-json\/wp\/v2\/pages\/16425\/revisions"}],"predecessor-version":[{"id":23976,"href":"https:\/\/capcs.md\/ru\/wp-json\/wp\/v2\/pages\/16425\/revisions\/23976"}],"wp:attachment":[{"href":"https:\/\/capcs.md\/ru\/wp-json\/wp\/v2\/media?parent=16425"}],"curies":[{"name":"wp","href":"https:\/\/api.w.org\/{rel}","templated":true}]}}