{"id":15724,"date":"2022-06-03T14:32:14","date_gmt":"2022-06-03T12:32:14","guid":{"rendered":"https:\/\/capcs.md\/?page_id=15724"},"modified":"2024-03-01T14:15:38","modified_gmt":"2024-03-01T12:15:38","slug":"principala","status":"publish","type":"page","link":"https:\/\/capcs.md\/ru\/","title":{"rendered":""},"content":{"rendered":"<div id=\"pl-gb15724-69e2166e1feb8\"  class=\"panel-layout\" ><div id=\"pg-gb15724-69e2166e1feb8-0\"  class=\"panel-grid panel-no-style\" ><div id=\"pgc-gb15724-69e2166e1feb8-0-0\"  class=\"panel-grid-cell\" ><\/div><\/div><div id=\"pg-gb15724-69e2166e1feb8-1\"  class=\"panel-grid panel-no-style\" ><div id=\"pgc-gb15724-69e2166e1feb8-1-0\"  class=\"panel-grid-cell\" ><div id=\"panel-gb15724-69e2166e1feb8-1-0-0\" class=\"so-panel widget widget_wen-corporate-recent-posts wen_corporate_recent_posts_block_widget panel-first-child panel-last-child\" data-index=\"1\" ><h3 class=\"widget-title\"><span>Articole recente<\/span><\/h3>             \n        <div id=\"recent-posts-carousel-69e2166e20eff\" class=\"owl-carousel owl-theme\">\n        \n        \n            <div class=\"recent-posts-block-item\">\n\n              <h3 class=\"recent-posts-title\">\n                <a href=\"https:\/\/capcs.md\/ru\/au-fost-realizate-primele-verificari-in-teren-privind-conformitatea-bunurilor-achizitionate\/\" title=\"Au fost realizate primele verific\u0103ri \u00een teren privind conformitatea bunurilor achizi\u021bionate\">Au fost realizate primele verific\u0103ri \u00een teren privind conformitatea bunurilor achizi\u021bionate<\/a>\n              <\/h3>\n\n              \n              \n                <div class=\"recent-posts-block-item-excerpt\">\n                  <p>Centrul pentru Achizi\u021bii Publice Centralizate \u00een S\u0103n\u0103tate (CAPCS) marcheaz\u0103 o etap\u0103 important\u0103 \u00een consolidarea calit\u0103\u021bii bunurilor achizi\u021bionate pentru institu\u021biile medico-sanitare publice. \u00cen premier\u0103, CAPCS a desf\u0103\u0219urat verific\u0103ri \u00een teren privind corespunderea bunurilor livrate cu cele contractate, \u00een baza atribu\u021biilor extinse&#8230;<\/p>\n                <\/div><!-- .recent-posts-block-item-excerpt -->\n\n              \n              \n            <\/div> <!-- .service-block-item -->\n\n            \n            <div class=\"recent-posts-block-item\">\n\n              <h3 class=\"recent-posts-title\">\n                <a href=\"https:\/\/capcs.md\/ru\/capcs-a-mai-desfasurat-o-sedinta-online-de-lucru-cu-imsp\/\" title=\"CAPCS a mai desf\u0103\u0219urat o \u0219edin\u021b\u0103 online de lucru cu IMSP\">CAPCS a mai desf\u0103\u0219urat o \u0219edin\u021b\u0103 online de lucru cu IMSP<\/a>\n              <\/h3>\n\n              \n              \n                <div class=\"recent-posts-block-item-excerpt\">\n                  <p>La data de 1 august 2025, Centrul pentru Achizi\u021bii Publice Centralizate \u00een S\u0103n\u0103tate (CAPCS) a organizat o \u0219edin\u021b\u0103 ordinar\u0103 de lucru \u00een format online, cu participarea reprezentan\u021bilor institu\u021biilor medico-sanitare publice (IMSP). \u00cent\u00e2lnirea a fost dedicat\u0103 eficientiz\u0103rii procesului de semnare \u0219i&#8230;<\/p>\n                <\/div><!-- .recent-posts-block-item-excerpt -->\n\n              \n              \n            <\/div> <!-- .service-block-item -->\n\n            \n            <div class=\"recent-posts-block-item\">\n\n              <h3 class=\"recent-posts-title\">\n                <a href=\"https:\/\/capcs.md\/ru\/capcs-lanseaza-sondaje-privind-satisfactia-clientilor\/\" title=\"CAPCS lanseaz\u0103 chestionare privind satisfac\u021bia clien\u021bilor\">CAPCS lanseaz\u0103 chestionare privind satisfac\u021bia clien\u021bilor<\/a>\n              <\/h3>\n\n              \n              \n                <div class=\"recent-posts-block-item-excerpt\">\n                  <p>Centrul de Achizi\u021bii Publice Centralizate \u00een S\u0103n\u0103tate (CAPCS) lanseaz\u0103 un proces de consultare cu institu\u021biile medico-sanitare publice \u0219i operatorii economici, printr-un chestionar online dedicat evalu\u0103rii nivelului de satisfac\u021bie fa\u021b\u0103 de serviciile prestate. Acest demers face parte din angajamentul institu\u021biei de&#8230;<\/p>\n                <\/div><!-- .recent-posts-block-item-excerpt -->\n\n              \n              \n            <\/div> <!-- .service-block-item -->\n\n            \n            <div class=\"recent-posts-block-item\">\n\n              <h3 class=\"recent-posts-title\">\n                <a href=\"https:\/\/capcs.md\/ru\/pregatiri-pentru-2026-sedinta-ordinara-de-lucru-cu-imsp-organizata-de-capcs-privind-clauzele-contractuale-pentru-2026\/\" title=\"Preg\u0103tiri pentru 2026: \u0218edin\u021b\u0103 ordinar\u0103 de lucru cu IMSP, organizat\u0103 de CAPCS privind clauzele contractuale pentru 2026\">Preg\u0103tiri pentru 2026: \u0218edin\u021b\u0103 ordinar\u0103 de lucru cu IMSP, organizat\u0103 de CAPCS privind clauzele contractuale pentru 2026<\/a>\n              <\/h3>\n\n              \n              \n                <div class=\"recent-posts-block-item-excerpt\">\n                  <p>Centrul pentru Achizi\u021bii Publice Centralizate \u00een S\u0103n\u0103tate (CAPCS) a organizat ast\u0103zi, 23 mai 2025, o \u0219edin\u021b\u0103 de lucru, \u00een regim online, cu reprezentan\u021bii institu\u021biilor medico-sanitare publice (IMSP). \u00cent\u00e2lnirea a fost dedicat\u0103 analizei \u0219i clarific\u0103rii clauzelor contractuale pentru anul 2026. Scopul&#8230;<\/p>\n                <\/div><!-- .recent-posts-block-item-excerpt -->\n\n              \n              \n            <\/div> <!-- .service-block-item -->\n\n            \n        <\/div>\n\n       \n\n    <script>\n    jQuery(document).ready(function($) {\n\n        var owl = $(\"#recent-posts-carousel-69e2166e20eff\");\n\n        owl.owlCarousel({\n\n            itemsCustom : [\n              [0, 1],\n              [450, 1],\n              [600, 2],\n              [1000, 3]\n\n            ],\n            navigation : true,\n            pagination : false,\n            navigationText : false\n\n        });\n\n      });\n    <\/script>\n\n    <\/div><\/div><\/div><\/div>\n\n","protected":false},"excerpt":{"rendered":"","protected":false},"author":9,"featured_media":0,"parent":0,"menu_order":0,"comment_status":"closed","ping_status":"closed","template":"templates\/no-sidebar.php","meta":{"footnotes":""},"class_list":["post-15724","page","type-page","status-publish","hentry"],"translation":{"provider":"WPGlobus","version":"2.10.10","language":"ru","enabled_languages":["ro","ru","en"],"languages":{"ro":{"title":false,"content":true,"excerpt":false},"ru":{"title":false,"content":false,"excerpt":false},"en":{"title":false,"content":false,"excerpt":false}}},"_links":{"self":[{"href":"https:\/\/capcs.md\/ru\/wp-json\/wp\/v2\/pages\/15724"}],"collection":[{"href":"https:\/\/capcs.md\/ru\/wp-json\/wp\/v2\/pages"}],"about":[{"href":"https:\/\/capcs.md\/ru\/wp-json\/wp\/v2\/types\/page"}],"author":[{"embeddable":true,"href":"https:\/\/capcs.md\/ru\/wp-json\/wp\/v2\/users\/9"}],"replies":[{"embeddable":true,"href":"https:\/\/capcs.md\/ru\/wp-json\/wp\/v2\/comments?post=15724"}],"version-history":[{"count":32,"href":"https:\/\/capcs.md\/ru\/wp-json\/wp\/v2\/pages\/15724\/revisions"}],"predecessor-version":[{"id":22570,"href":"https:\/\/capcs.md\/ru\/wp-json\/wp\/v2\/pages\/15724\/revisions\/22570"}],"wp:attachment":[{"href":"https:\/\/capcs.md\/ru\/wp-json\/wp\/v2\/media?parent=15724"}],"curies":[{"name":"wp","href":"https:\/\/api.w.org\/{rel}","templated":true}]}}