{"id":15359,"date":"2022-05-17T13:43:50","date_gmt":"2022-05-17T11:43:50","guid":{"rendered":"https:\/\/capcs.md\/?page_id=15359"},"modified":"2022-05-17T13:56:25","modified_gmt":"2022-05-17T11:56:25","slug":"reglementare","status":"publish","type":"page","link":"https:\/\/capcs.md\/en\/reglementare\/","title":{"rendered":"REGLEMENTARE"},"content":{"rendered":"\n<p><a rel=\"noreferrer noopener\" href=\"https:\/\/www.legis.md\/cautare\/getResults?doc_id=106638&amp;lang=ro\" target=\"_blank\"><span class=\"has-inline-color has-blue-color\">Legea nr. 239-XVI din 13.11.2008 privind transparen\u021ba \u00een procesul decizional<\/span><\/a><\/p>\n\n\n\n<p><a rel=\"noreferrer noopener\" href=\"https:\/\/www.legis.md\/cautare\/getResults?doc_id=119856&amp;lang=ro\" target=\"_blank\"><span class=\"has-inline-color has-blue-color\">Hot\u0103r\u00e2rea Guvernului nr. 967 din 09 august 2016 \u201eCu privire la mecanismul de consultare public\u0103 cu societatea civil\u0103 \u00een procesul decizional\u201d<\/span><\/a><\/p>\n\n\n\n<p class=\"has-text-align-left\"><span class=\"has-inline-color has-blue-color\">CIRCULARA (<a rel=\"noreferrer noopener\" href=\"https:\/\/capcs.md\/wp-content\/uploads\/2022\/01\/Rg02-146-din-21.01.2022.pdf\" target=\"_blank\"><strong>Rg02-146 din 21.01.2022<\/strong><\/a>), cu privire la elaborarea unui mecanism nou de asigurare a transparen\u021bei<\/span><\/p>\n\n\n\n<p><a rel=\"noreferrer noopener\" href=\"https:\/\/capcs.md\/wp-content\/uploads\/2022\/01\/Rg02-177-din-24.01.2022.pdf\" target=\"_blank\"><span class=\"has-inline-color has-blue-color\">Rg02-177 din 24.01.2022<\/span><\/a><\/p>\n\n\n\n<p><\/p>\n","protected":false},"excerpt":{"rendered":"<p>Legea nr. 239-XVI din 13.11.2008 privind transparen\u021ba \u00een procesul decizional Hot\u0103r\u00e2rea Guvernului nr. 967 din 09 august 2016 \u201eCu privire la mecanismul de consultare public\u0103 cu societatea civil\u0103 \u00een procesul decizional\u201d CIRCULARA (Rg02-146 din 21.01.2022), cu privire la elaborarea unui&#8230; <a href=\"https:\/\/capcs.md\/en\/reglementare\/\" class=\"read-more\">Detalii<\/a><\/p>\n","protected":false},"author":9,"featured_media":0,"parent":0,"menu_order":0,"comment_status":"closed","ping_status":"closed","template":"","meta":{"footnotes":""},"class_list":["post-15359","page","type-page","status-publish","hentry"],"translation":{"provider":"WPGlobus","version":"2.10.10","language":"en","enabled_languages":["ro","ru","en"],"languages":{"ro":{"title":true,"content":true,"excerpt":false},"ru":{"title":false,"content":false,"excerpt":false},"en":{"title":false,"content":false,"excerpt":false}}},"_links":{"self":[{"href":"https:\/\/capcs.md\/en\/wp-json\/wp\/v2\/pages\/15359"}],"collection":[{"href":"https:\/\/capcs.md\/en\/wp-json\/wp\/v2\/pages"}],"about":[{"href":"https:\/\/capcs.md\/en\/wp-json\/wp\/v2\/types\/page"}],"author":[{"embeddable":true,"href":"https:\/\/capcs.md\/en\/wp-json\/wp\/v2\/users\/9"}],"replies":[{"embeddable":true,"href":"https:\/\/capcs.md\/en\/wp-json\/wp\/v2\/comments?post=15359"}],"version-history":[{"count":5,"href":"https:\/\/capcs.md\/en\/wp-json\/wp\/v2\/pages\/15359\/revisions"}],"predecessor-version":[{"id":15373,"href":"https:\/\/capcs.md\/en\/wp-json\/wp\/v2\/pages\/15359\/revisions\/15373"}],"wp:attachment":[{"href":"https:\/\/capcs.md\/en\/wp-json\/wp\/v2\/media?parent=15359"}],"curies":[{"name":"wp","href":"https:\/\/api.w.org\/{rel}","templated":true}]}}